{"id":1489,"date":"2021-11-07T18:59:04","date_gmt":"2021-11-07T18:59:04","guid":{"rendered":"https:\/\/blissfulcolours.de\/willkommen\/?page_id=1489"},"modified":"2025-08-26T17:51:55","modified_gmt":"2025-08-26T15:51:55","slug":"waldkidstour-%f0%9f%8c%b3","status":"publish","type":"page","link":"https:\/\/blissfulcolours.de\/willkommen\/waldkidstour-%f0%9f%8c%b3\/","title":{"rendered":"Wald &amp; Yoga\u30fbKidsTouren\u30fbDie achtsamen Entdecker sind unterwegs"},"content":{"rendered":"\n<p class=\"has-neve-link-color-color has-text-color\">Unsere KidsTouren sind da! Die achtsamen Entdecker gehen zusammen auf eine zauberhafte Reise, zu der wir euch so herzlich einladen. <strong>Ein ganz neues, einzigartiges Konzept<\/strong>, welches durch das Zusammenspiel von <span class=\"has-inline-color has-nv-light-bg-color\"><strong>Naturerlebnissen, Achtsamkeit, Kinderyoga, Gemeinschaft, liebevoller Bindung und Begegnung auf Augenh\u00f6he<\/strong><\/span> einen Mehrwert f\u00fcr uns alle schafft \u30fbf\u00fcr die Kinder, die Eltern, die Erde mit samt ihren Wesen, die uns hier in unserem so wertvollen, einzigartigen Leben begleiten. <\/p>\n\n\n\n<div class=\"wp-block-columns is-layout-flex wp-container-core-columns-is-layout-9d6595d7 wp-block-columns-is-layout-flex\">\n<div class=\"wp-block-column is-layout-flow wp-block-column-is-layout-flow\">\n<figure class=\"wp-block-image size-large animated zoomIn\"><img loading=\"lazy\" decoding=\"async\" width=\"768\" height=\"1024\" src=\"https:\/\/blissfulcolours.de\/wp-content\/uploads\/2021\/11\/IMG_4402-1-768x1024.jpeg\" alt=\"\" class=\"wp-image-1553\" srcset=\"https:\/\/blissfulcolours.de\/wp-content\/uploads\/2021\/11\/IMG_4402-1-768x1024.jpeg 768w, https:\/\/blissfulcolours.de\/wp-content\/uploads\/2021\/11\/IMG_4402-1-225x300.jpeg 225w, https:\/\/blissfulcolours.de\/wp-content\/uploads\/2021\/11\/IMG_4402-1-1152x1536.jpeg 1152w, https:\/\/blissfulcolours.de\/wp-content\/uploads\/2021\/11\/IMG_4402-1-1536x2048.jpeg 1536w, https:\/\/blissfulcolours.de\/wp-content\/uploads\/2021\/11\/IMG_4402-1-scaled.jpeg 1920w\" sizes=\"auto, (max-width: 768px) 100vw, 768px\" \/><\/figure>\n<\/div>\n\n\n\n<div class=\"wp-block-column is-layout-flow wp-block-column-is-layout-flow\">\n<figure class=\"wp-block-image size-large animated zoomIn delay-100ms\"><img loading=\"lazy\" decoding=\"async\" width=\"768\" height=\"1024\" src=\"https:\/\/blissfulcolours.de\/wp-content\/uploads\/2021\/11\/IMAGE-2021-11-10-010410-1-768x1024.jpeg\" alt=\"\" class=\"wp-image-1555\" srcset=\"https:\/\/blissfulcolours.de\/wp-content\/uploads\/2021\/11\/IMAGE-2021-11-10-010410-1-768x1024.jpeg 768w, https:\/\/blissfulcolours.de\/wp-content\/uploads\/2021\/11\/IMAGE-2021-11-10-010410-1-225x300.jpeg 225w, https:\/\/blissfulcolours.de\/wp-content\/uploads\/2021\/11\/IMAGE-2021-11-10-010410-1.jpeg 960w\" sizes=\"auto, (max-width: 768px) 100vw, 768px\" \/><\/figure>\n<\/div>\n\n\n\n<div class=\"wp-block-column is-layout-flow wp-block-column-is-layout-flow\">\n<figure class=\"wp-block-image size-large animated zoomIn delay-200ms\"><img loading=\"lazy\" decoding=\"async\" width=\"768\" height=\"1024\" src=\"https:\/\/blissfulcolours.de\/wp-content\/uploads\/2021\/11\/IMG_4709-2-768x1024.jpeg\" alt=\"\" class=\"wp-image-1560\" srcset=\"https:\/\/blissfulcolours.de\/wp-content\/uploads\/2021\/11\/IMG_4709-2-768x1024.jpeg 768w, https:\/\/blissfulcolours.de\/wp-content\/uploads\/2021\/11\/IMG_4709-2-225x300.jpeg 225w, https:\/\/blissfulcolours.de\/wp-content\/uploads\/2021\/11\/IMG_4709-2-1152x1536.jpeg 1152w, https:\/\/blissfulcolours.de\/wp-content\/uploads\/2021\/11\/IMG_4709-2-1536x2048.jpeg 1536w, https:\/\/blissfulcolours.de\/wp-content\/uploads\/2021\/11\/IMG_4709-2-scaled.jpeg 1920w\" sizes=\"auto, (max-width: 768px) 100vw, 768px\" \/><\/figure>\n<\/div>\n<\/div>\n\n\n\n<p>Eine<span class=\"has-inline-color has-neve-link-hover-color-color\"><strong> zauberhafte Reise<\/strong><\/span> durch den Wald, mit Tierbegegnungen und \u2013bewegungen. Wir arbeiten mit&nbsp;motorischen \u00dcbungen, Gruppenst\u00e4rkung, erlebnisp\u00e4dagogischen Elementen, K\u00f6rperwahrnehmung, Klang &amp;&nbsp;Stille. Dabei Singen und Spielen wir&nbsp;mit der ganzen Gruppe.&nbsp;<\/p>\n\n\n\n<p>Jedes Kind wird mit einbezogen und alle sind wichtig. Wir wollen mit uns selbst f\u00fcrsorglich und achtsam umgehen. Gleichzeitig wollen wir auch daran denken, dass die Tiere und der Wald wichtig sind und ein&nbsp;Bewusstsein daf\u00fcr entwickeln. Alles h\u00e4ngt mit allem zusammen und wir wollen miteinander und mit der Umwelt im Einklang sein.&nbsp;&nbsp;<\/p>\n\n\n\n<p class=\"has-neve-link-color-color has-text-color\">Mit viel Lachen, Freude,&nbsp;Spa\u00df und Spiel, aufmerksamen Lauschen und vor allem dem achtsamen Entdecken werden wir zu eben diesen <\/p>\n\n\n\n<p class=\"has-text-align-center animated bounceIn has-nv-dark-bg-color has-nv-site-bg-background-color has-text-color has-background\" style=\"font-size:18px\"><span class=\"has-inline-color has-nv-c-2-color\"><strong>ACHTSAMEN ENTDECKERN <\/strong><\/span><\/p>\n\n\n\n<p class=\"has-neve-link-color-color has-text-color\">Raum f\u00fcr kreativ <span class=\"has-inline-color has-nv-light-bg-color\">SEIN<\/span>\u30fbWir sammeln&nbsp;z.B. Naturmaterialen&nbsp;und basteln&nbsp;daraus verschiedenes wie beispielsweise Naturmandalas, besprechen die 5 Elemente (Feuer, Wasser, Luft, Erde, \u00c4ther) oder schleichen durch den Wald wie der Fuchs, so achtsam und schlau wie er ist, kaum h\u00f6rbar im&nbsp;&#8218;Fuchsgang&#8216; durch den Wald.&nbsp;Schaffen wir das?<\/p>\n\n\n\n<h3 class=\"wp-block-heading has-text-align-center has-nv-c-2-color has-text-color has-background\" style=\"background-color:#e9d489\">Naturliebe der achtsame Entdecker Touren &amp; Termine<\/h3>\n\n\n\n<p>Wir haben 3 sch\u00f6ne Formate f\u00fcr euch, st\u00f6bert ein bisschen und schaut, was euch anspricht!<\/p>\n\n\n\n<p><strong><span class=\"has-inline-color has-neve-link-hover-color-color\">NAMAST\u00c9 Feriencamp 2025<\/span><\/strong><\/p>\n\n\n\n<p>Wir laden euch herzlich zu unserem NAMAST\u00c9 Feriencamp ein! Es ist ein Tagescamp, bei welchem eure Kids sich ganz auf Mensch, Tier, Natur &amp; sich selbst einlassen k\u00f6nnen. Die Infos dazu findet ihr im Flyer. Du kannst dich direkt bei <a href=\"https:\/\/www.sunflower-yoga.de\">Anja unter Sunflower Yoga<\/a> anmelden, bei Fragen und genaueren Infos melde dich sehr gerne bei Anja oder mir. <\/p>\n\n\n\n<div class=\"wp-block-file\"><a id=\"wp-block-file--media-f2000125-c234-470b-9d37-854454bcb88f\" href=\"https:\/\/blissfulcolours.de\/wp-content\/uploads\/2025\/08\/WhatsApp-Image-2025-08-21-at-11.22.10.jpeg\">Feriencamp 2025<\/a><a href=\"https:\/\/blissfulcolours.de\/wp-content\/uploads\/2025\/08\/WhatsApp-Image-2025-08-21-at-11.22.10.jpeg\" class=\"wp-block-file__button wp-element-button\" download aria-describedby=\"wp-block-file--media-f2000125-c234-470b-9d37-854454bcb88f\">Download<\/a><\/div>\n\n\n\n<p class=\"has-neve-link-hover-color-color has-text-color\"><strong>KIDSTOUR<\/strong><\/p>\n\n\n\n<p>St\u00e4rkung des MITEINANDERS von Kindern untereinander\u30fbhier gehen wir mit den Kids im Alter von 6 bis 12 Jahren allein los und wir erforschen den Wald gemeinsam.  <\/p>\n\n\n\n<p class=\"has-neve-link-hover-color-color has-text-color\"><strong>ELTERN-KIDSTOUR<\/strong><\/p>\n\n\n\n<p class=\"has-neve-link-color-color has-text-color\">St\u00e4rkung des MITEINANDERS von Kindern und Eltern\u30fbhier gehen wir gemeinsam mit einem oder beiden Elternteilen in den Wald, erforschen gemeinsam und begegnen uns liebevoll auf Augenh\u00f6he und neuem Entdeckergeist! Diese Tour kann schon ab 4 oder 5 Jahren angeboten werden. <\/p>\n\n\n\n<p class=\"has-neve-link-color-color has-text-color\">Vertrauens\u00fcbungen und jede Menge Spa\u00df und loslassen laden zu ganz neuen Begegnungen ein. Hier kann jeder lernen, lachen, Spa\u00df haben, kreativ werden und vielleicht auch ein erweitertes Umweltbewusstsein kreieren. Grenzenlos sein, FREI SEIN. <\/p>\n\n\n\n<p class=\"has-neve-link-hover-color-color has-text-color\"><strong>TERMINE 2026\u30fbcoming soon <\/strong><\/p>\n\n\n\n<p class=\"has-text-align-center has-neve-link-color-color has-text-color\">Das h\u00f6rt sich gut an? Dann <a href=\"https:\/\/blissfulcolours.de\/willkommen\/kontakt\/\">schreib<\/a> uns! Das Naturliebe Team freut sich sehr auf DICH! \u2661 <br>Du liebst das Konzept genauso wie wir? Dann werde F\u00f6rderpartner &amp; Sponsor! Kontaktiere uns <a href=\"https:\/\/blissfulcolours.de\/willkommen\/kontakt\/\">HIER<\/a><\/p>\n\n\n\n<figure class=\"wp-block-gallery has-nested-images columns-default is-cropped wp-block-gallery-1 is-layout-flex wp-block-gallery-is-layout-flex\">\n<figure class=\"wp-block-image size-large\"><img loading=\"lazy\" decoding=\"async\" width=\"1024\" height=\"725\" data-id=\"1783\" src=\"https:\/\/blissfulcolours.de\/wp-content\/uploads\/2023\/09\/IMG_8289-1024x725.jpeg\" alt=\"\" class=\"wp-image-1783\" srcset=\"https:\/\/blissfulcolours.de\/wp-content\/uploads\/2023\/09\/IMG_8289-1024x725.jpeg 1024w, https:\/\/blissfulcolours.de\/wp-content\/uploads\/2023\/09\/IMG_8289-300x212.jpeg 300w, https:\/\/blissfulcolours.de\/wp-content\/uploads\/2023\/09\/IMG_8289-768x544.jpeg 768w, https:\/\/blissfulcolours.de\/wp-content\/uploads\/2023\/09\/IMG_8289-1536x1087.jpeg 1536w, https:\/\/blissfulcolours.de\/wp-content\/uploads\/2023\/09\/IMG_8289-2048x1449.jpeg 2048w\" sizes=\"auto, (max-width: 1024px) 100vw, 1024px\" \/><\/figure>\n\n\n\n<figure class=\"wp-block-image size-large\"><img loading=\"lazy\" decoding=\"async\" width=\"1024\" height=\"768\" data-id=\"1457\" src=\"https:\/\/blissfulcolours.de\/wp-content\/uploads\/2021\/11\/IMAGE-2021-10-20-180640-1024x768.jpeg\" alt=\"\" class=\"wp-image-1457\" srcset=\"https:\/\/blissfulcolours.de\/wp-content\/uploads\/2021\/11\/IMAGE-2021-10-20-180640-1024x768.jpeg 1024w, https:\/\/blissfulcolours.de\/wp-content\/uploads\/2021\/11\/IMAGE-2021-10-20-180640-300x225.jpeg 300w, https:\/\/blissfulcolours.de\/wp-content\/uploads\/2021\/11\/IMAGE-2021-10-20-180640-768x576.jpeg 768w, https:\/\/blissfulcolours.de\/wp-content\/uploads\/2021\/11\/IMAGE-2021-10-20-180640.jpeg 1280w\" sizes=\"auto, (max-width: 1024px) 100vw, 1024px\" \/><\/figure>\n<\/figure>\n\n\n\n<div class=\"wp-block-columns is-layout-flex wp-container-core-columns-is-layout-9d6595d7 wp-block-columns-is-layout-flex\">\n<div class=\"wp-block-column is-layout-flow wp-block-column-is-layout-flow\" style=\"flex-basis:100%\"><\/div>\n<\/div>\n\n\n\n<p class=\"has-text-align-center animated zoomIn delay-200ms fast has-nv-c-2-color has-text-color\"><strong>Ich freu mich soooo sehr auf jeden einzelnen von euch! Lasst uns gemeinsam das NEUE einladen &amp; leben. Lasst es uns so richtig sch\u00f6n machen auf der Erde, mit echter Verbindung, Begegnung auf Augenh\u00f6he mit Liebe &amp; Wertsch\u00e4tzung. Ich w\u00fcnsche es mir so sehr, deshalb lebe ich es. Machst du mit? <\/strong><\/p>\n\n\n\n<p class=\"has-text-align-center has-neve-link-hover-color-color has-neve-link-color-background-color has-text-color has-background\" style=\"font-size:14px\"><strong>SEI SELBST DIE VER\u00c4NDERUNG, DIE DU DIR W\u00dcNSCHST. ALLES VER\u00c4NDERT SICH, DURCH DICH \u2728<\/strong><\/p>\n\n\n\n<p><\/p>\n\n\n\n<h2 class=\"wp-block-heading has-text-align-center\"><span class=\"has-inline-color has-nv-light-bg-color\">F\u00fcr Grundschule &amp; Hort<\/span> <\/h2>\n\n\n\n<p><span class=\"has-inline-color has-nv-light-bg-color\">NEMO Natur erleben mobil <\/span>&#8211; ein Projekt der der Stiftung Naturschutz Berlin<\/p>\n\n\n\n<p>Ich bin zudem im P\u00e4dagogen-Pool bei NEMO dabei, einem wunderbaren Projekt der Stiftung Naturschutz Berlin. <a href=\"https:\/\/nemo-berlin.de\">Hier<\/a> findest du weitere Infos \u00fcber das Projekt. Du kannst als Lehrkraft direkt eine Veranstaltung von 120 bis 180 Minuten an einem ausgew\u00e4hlten Tag buchen, mit wirklich g\u00fcnstigen Konditionen durch die tolle F\u00f6rderung vom Senat. Als Elternteil kannst du den Link an die Schule \/ Lehrkraft weiterreichen, viele Schulen kennen das Projekt bereits. <br>BUCHUNG: Meine aktuellen Veranstaltungen findest du <a href=\"https:\/\/www.umweltkalender-berlin.de\/index\/suche?search=Mingaut\"><strong>HIER<\/strong><\/a>.<\/p>\n\n\n\n<p><span class=\"has-inline-color has-nv-c-1-color\">UND WAS MACHEN WIR DANN GENAU?<\/span> <br>Ich gehe mit den GrundschulKids raus in den Park oder Wald in der n\u00e4he der Schule (max. 15 Minuten zu Fu\u00df entfernt) und wir entdecken &amp; forschen &amp; erleben die Berliner Stadtnatur hautnah! Mit all unseren Sinnen und teils wechselnden Konzepten zu den Jahreszeiten. <br><br>Du bist Mama oder Papa und m\u00f6chtest, dass dein Kind davon profitiert? Dann leite den Link weiter an die Schule deines Kindes. Es gibt einen kleinen Beitrag, der aber sehr gering ist, sodass grunds\u00e4tzlich jede Schule in Berlin die Chance hat an einer Drau\u00dfenReise im Park oder Wald um die Ecke teilzunehmen. Ganz nach dem Motto: <strong><span class=\"has-inline-color has-nv-c-1-color\">LASST DIE KINDER FREI \u2661 ES GEHT AB NACH DRAU\u00dfEN <\/span><\/strong><\/p>\n\n\n\n<p><strong>Ich freue mich soooo auf euch! Auf jeden Menge Spa\u00df und eine Schar von flei\u00dfigen, mutigen und achtsamen Entdeckern! <\/strong>Eure EntdeckerFreundin Nathalie<\/p>\n","protected":false},"excerpt":{"rendered":"<p>Unsere KidsTouren sind da! Die achtsamen Entdecker gehen zusammen auf eine zauberhafte Reise, zu der wir euch so herzlich einladen. Ein ganz neues, einzigartiges Konzept, welches durch das Zusammenspiel von Naturerlebnissen, Achtsamkeit, Kinderyoga, Gemeinschaft, liebevoller Bindung und Begegnung auf Augenh\u00f6he einen Mehrwert f\u00fcr uns alle schafft \u30fbf\u00fcr die Kinder, die Eltern, die Erde mit samt&hellip;&nbsp;<a href=\"https:\/\/blissfulcolours.de\/willkommen\/waldkidstour-%f0%9f%8c%b3\/\" rel=\"bookmark\">Weiterlesen &raquo;<span class=\"screen-reader-text\">Wald &amp; Yoga\u30fbKidsTouren\u30fbDie achtsamen Entdecker sind unterwegs<\/span><\/a><\/p>\n","protected":false},"author":1,"featured_media":0,"parent":0,"menu_order":0,"comment_status":"closed","ping_status":"closed","template":"","meta":{"_monsterinsights_skip_tracking":false,"_monsterinsights_sitenote_active":false,"_monsterinsights_sitenote_note":"","_monsterinsights_sitenote_category":0,"neve_meta_sidebar":"","neve_meta_container":"","neve_meta_enable_content_width":"","neve_meta_content_width":0,"neve_meta_title_alignment":"","neve_meta_author_avatar":"","neve_post_elements_order":"","neve_meta_disable_header":"","neve_meta_disable_footer":"","neve_meta_disable_title":"","_themeisle_gutenberg_block_has_review":false,"footnotes":""},"class_list":["post-1489","page","type-page","status-publish","hentry"],"yoast_head":"<!-- This site is optimized with the Yoast SEO plugin v27.5 - https:\/\/yoast.com\/product\/yoast-seo-wordpress\/ -->\n<title>Wald &amp; Yoga\u30fbKidsTouren\u30fbDie achtsamen Entdecker sind unterwegs - Blissful-Colours<\/title>\n<meta name=\"robots\" content=\"index, follow, max-snippet:-1, max-image-preview:large, max-video-preview:-1\" \/>\n<link rel=\"canonical\" href=\"https:\/\/blissfulcolours.de\/willkommen\/waldkidstour-\ud83c\udf33\/\" \/>\n<meta property=\"og:locale\" content=\"de_DE\" \/>\n<meta property=\"og:type\" content=\"article\" \/>\n<meta property=\"og:title\" content=\"Wald &amp; Yoga\u30fbKidsTouren\u30fbDie achtsamen Entdecker sind unterwegs - Blissful-Colours\" \/>\n<meta property=\"og:description\" content=\"Unsere KidsTouren sind da! Die achtsamen Entdecker gehen zusammen auf eine zauberhafte Reise, zu der wir euch so herzlich einladen. Ein ganz neues, einzigartiges Konzept, welches durch das Zusammenspiel von Naturerlebnissen, Achtsamkeit, Kinderyoga, Gemeinschaft, liebevoller Bindung und Begegnung auf Augenh\u00f6he einen Mehrwert f\u00fcr uns alle schafft \u30fbf\u00fcr die Kinder, die Eltern, die Erde mit samt&hellip;&nbsp;Weiterlesen &raquo;Wald &amp; Yoga\u30fbKidsTouren\u30fbDie achtsamen Entdecker sind unterwegs\" \/>\n<meta property=\"og:url\" content=\"https:\/\/blissfulcolours.de\/willkommen\/waldkidstour-\ud83c\udf33\/\" \/>\n<meta property=\"og:site_name\" content=\"Blissful-Colours\" \/>\n<meta property=\"article:modified_time\" content=\"2025-08-26T15:51:55+00:00\" \/>\n<meta property=\"og:image\" content=\"https:\/\/blissfulcolours.de\/wp-content\/uploads\/2021\/11\/IMG_4402-1-scaled.jpeg\" \/>\n\t<meta property=\"og:image:width\" content=\"1920\" \/>\n\t<meta property=\"og:image:height\" content=\"2560\" \/>\n\t<meta property=\"og:image:type\" content=\"image\/jpeg\" \/>\n<meta name=\"twitter:card\" content=\"summary_large_image\" \/>\n<meta name=\"twitter:label1\" content=\"Gesch\u00e4tzte Lesezeit\" \/>\n\t<meta name=\"twitter:data1\" content=\"6\u00a0Minuten\" \/>\n<script type=\"application\/ld+json\" class=\"yoast-schema-graph\">{\"@context\":\"https:\\\/\\\/schema.org\",\"@graph\":[{\"@type\":\"WebPage\",\"@id\":\"https:\\\/\\\/blissfulcolours.de\\\/willkommen\\\/waldkidstour-%f0%9f%8c%b3\\\/\",\"url\":\"https:\\\/\\\/blissfulcolours.de\\\/willkommen\\\/waldkidstour-%f0%9f%8c%b3\\\/\",\"name\":\"Wald &amp; Yoga\u30fbKidsTouren\u30fbDie achtsamen Entdecker sind unterwegs - Blissful-Colours\",\"isPartOf\":{\"@id\":\"https:\\\/\\\/blissfulcolours.de\\\/willkommen\\\/#website\"},\"primaryImageOfPage\":{\"@id\":\"https:\\\/\\\/blissfulcolours.de\\\/willkommen\\\/waldkidstour-%f0%9f%8c%b3\\\/#primaryimage\"},\"image\":{\"@id\":\"https:\\\/\\\/blissfulcolours.de\\\/willkommen\\\/waldkidstour-%f0%9f%8c%b3\\\/#primaryimage\"},\"thumbnailUrl\":\"https:\\\/\\\/blissfulcolours.de\\\/wp-content\\\/uploads\\\/2021\\\/11\\\/IMG_4402-1-768x1024.jpeg\",\"datePublished\":\"2021-11-07T18:59:04+00:00\",\"dateModified\":\"2025-08-26T15:51:55+00:00\",\"breadcrumb\":{\"@id\":\"https:\\\/\\\/blissfulcolours.de\\\/willkommen\\\/waldkidstour-%f0%9f%8c%b3\\\/#breadcrumb\"},\"inLanguage\":\"de\",\"potentialAction\":[{\"@type\":\"ReadAction\",\"target\":[\"https:\\\/\\\/blissfulcolours.de\\\/willkommen\\\/waldkidstour-%f0%9f%8c%b3\\\/\"]}]},{\"@type\":\"ImageObject\",\"inLanguage\":\"de\",\"@id\":\"https:\\\/\\\/blissfulcolours.de\\\/willkommen\\\/waldkidstour-%f0%9f%8c%b3\\\/#primaryimage\",\"url\":\"https:\\\/\\\/blissfulcolours.de\\\/wp-content\\\/uploads\\\/2021\\\/11\\\/IMG_4402-1-768x1024.jpeg\",\"contentUrl\":\"https:\\\/\\\/blissfulcolours.de\\\/wp-content\\\/uploads\\\/2021\\\/11\\\/IMG_4402-1-768x1024.jpeg\"},{\"@type\":\"BreadcrumbList\",\"@id\":\"https:\\\/\\\/blissfulcolours.de\\\/willkommen\\\/waldkidstour-%f0%9f%8c%b3\\\/#breadcrumb\",\"itemListElement\":[{\"@type\":\"ListItem\",\"position\":1,\"name\":\"Home\",\"item\":\"https:\\\/\\\/blissfulcolours.de\\\/willkommen\\\/\"},{\"@type\":\"ListItem\",\"position\":2,\"name\":\"Wald &amp; Yoga\u30fbKidsTouren\u30fbDie achtsamen Entdecker sind unterwegs\"}]},{\"@type\":\"WebSite\",\"@id\":\"https:\\\/\\\/blissfulcolours.de\\\/willkommen\\\/#website\",\"url\":\"https:\\\/\\\/blissfulcolours.de\\\/willkommen\\\/\",\"name\":\"Blissful-Colours\",\"description\":\"Vital Food Balance Yoga\",\"publisher\":{\"@id\":\"https:\\\/\\\/blissfulcolours.de\\\/willkommen\\\/#organization\"},\"potentialAction\":[{\"@type\":\"SearchAction\",\"target\":{\"@type\":\"EntryPoint\",\"urlTemplate\":\"https:\\\/\\\/blissfulcolours.de\\\/willkommen\\\/?s={search_term_string}\"},\"query-input\":{\"@type\":\"PropertyValueSpecification\",\"valueRequired\":true,\"valueName\":\"search_term_string\"}}],\"inLanguage\":\"de\"},{\"@type\":\"Organization\",\"@id\":\"https:\\\/\\\/blissfulcolours.de\\\/willkommen\\\/#organization\",\"name\":\"Blissful-Colours\",\"url\":\"https:\\\/\\\/blissfulcolours.de\\\/willkommen\\\/\",\"logo\":{\"@type\":\"ImageObject\",\"inLanguage\":\"de\",\"@id\":\"https:\\\/\\\/blissfulcolours.de\\\/willkommen\\\/#\\\/schema\\\/logo\\\/image\\\/\",\"url\":\"https:\\\/\\\/blissfulcolours.de\\\/wp-content\\\/uploads\\\/2020\\\/12\\\/cropped-Logos_Logo_Komplett_schwarz-1.png\",\"contentUrl\":\"https:\\\/\\\/blissfulcolours.de\\\/wp-content\\\/uploads\\\/2020\\\/12\\\/cropped-Logos_Logo_Komplett_schwarz-1.png\",\"width\":640,\"height\":377,\"caption\":\"Blissful-Colours\"},\"image\":{\"@id\":\"https:\\\/\\\/blissfulcolours.de\\\/willkommen\\\/#\\\/schema\\\/logo\\\/image\\\/\"}}]}<\/script>\n<!-- \/ Yoast SEO plugin. -->","yoast_head_json":{"title":"Wald &amp; Yoga\u30fbKidsTouren\u30fbDie achtsamen Entdecker sind unterwegs - Blissful-Colours","robots":{"index":"index","follow":"follow","max-snippet":"max-snippet:-1","max-image-preview":"max-image-preview:large","max-video-preview":"max-video-preview:-1"},"canonical":"https:\/\/blissfulcolours.de\/willkommen\/waldkidstour-\ud83c\udf33\/","og_locale":"de_DE","og_type":"article","og_title":"Wald &amp; Yoga\u30fbKidsTouren\u30fbDie achtsamen Entdecker sind unterwegs - Blissful-Colours","og_description":"Unsere KidsTouren sind da! Die achtsamen Entdecker gehen zusammen auf eine zauberhafte Reise, zu der wir euch so herzlich einladen. Ein ganz neues, einzigartiges Konzept, welches durch das Zusammenspiel von Naturerlebnissen, Achtsamkeit, Kinderyoga, Gemeinschaft, liebevoller Bindung und Begegnung auf Augenh\u00f6he einen Mehrwert f\u00fcr uns alle schafft \u30fbf\u00fcr die Kinder, die Eltern, die Erde mit samt&hellip;&nbsp;Weiterlesen &raquo;Wald &amp; Yoga\u30fbKidsTouren\u30fbDie achtsamen Entdecker sind unterwegs","og_url":"https:\/\/blissfulcolours.de\/willkommen\/waldkidstour-\ud83c\udf33\/","og_site_name":"Blissful-Colours","article_modified_time":"2025-08-26T15:51:55+00:00","og_image":[{"width":1920,"height":2560,"url":"https:\/\/blissfulcolours.de\/wp-content\/uploads\/2021\/11\/IMG_4402-1-scaled.jpeg","type":"image\/jpeg"}],"twitter_card":"summary_large_image","twitter_misc":{"Gesch\u00e4tzte Lesezeit":"6\u00a0Minuten"},"schema":{"@context":"https:\/\/schema.org","@graph":[{"@type":"WebPage","@id":"https:\/\/blissfulcolours.de\/willkommen\/waldkidstour-%f0%9f%8c%b3\/","url":"https:\/\/blissfulcolours.de\/willkommen\/waldkidstour-%f0%9f%8c%b3\/","name":"Wald &amp; Yoga\u30fbKidsTouren\u30fbDie achtsamen Entdecker sind unterwegs - Blissful-Colours","isPartOf":{"@id":"https:\/\/blissfulcolours.de\/willkommen\/#website"},"primaryImageOfPage":{"@id":"https:\/\/blissfulcolours.de\/willkommen\/waldkidstour-%f0%9f%8c%b3\/#primaryimage"},"image":{"@id":"https:\/\/blissfulcolours.de\/willkommen\/waldkidstour-%f0%9f%8c%b3\/#primaryimage"},"thumbnailUrl":"https:\/\/blissfulcolours.de\/wp-content\/uploads\/2021\/11\/IMG_4402-1-768x1024.jpeg","datePublished":"2021-11-07T18:59:04+00:00","dateModified":"2025-08-26T15:51:55+00:00","breadcrumb":{"@id":"https:\/\/blissfulcolours.de\/willkommen\/waldkidstour-%f0%9f%8c%b3\/#breadcrumb"},"inLanguage":"de","potentialAction":[{"@type":"ReadAction","target":["https:\/\/blissfulcolours.de\/willkommen\/waldkidstour-%f0%9f%8c%b3\/"]}]},{"@type":"ImageObject","inLanguage":"de","@id":"https:\/\/blissfulcolours.de\/willkommen\/waldkidstour-%f0%9f%8c%b3\/#primaryimage","url":"https:\/\/blissfulcolours.de\/wp-content\/uploads\/2021\/11\/IMG_4402-1-768x1024.jpeg","contentUrl":"https:\/\/blissfulcolours.de\/wp-content\/uploads\/2021\/11\/IMG_4402-1-768x1024.jpeg"},{"@type":"BreadcrumbList","@id":"https:\/\/blissfulcolours.de\/willkommen\/waldkidstour-%f0%9f%8c%b3\/#breadcrumb","itemListElement":[{"@type":"ListItem","position":1,"name":"Home","item":"https:\/\/blissfulcolours.de\/willkommen\/"},{"@type":"ListItem","position":2,"name":"Wald &amp; Yoga\u30fbKidsTouren\u30fbDie achtsamen Entdecker sind unterwegs"}]},{"@type":"WebSite","@id":"https:\/\/blissfulcolours.de\/willkommen\/#website","url":"https:\/\/blissfulcolours.de\/willkommen\/","name":"Blissful-Colours","description":"Vital Food Balance Yoga","publisher":{"@id":"https:\/\/blissfulcolours.de\/willkommen\/#organization"},"potentialAction":[{"@type":"SearchAction","target":{"@type":"EntryPoint","urlTemplate":"https:\/\/blissfulcolours.de\/willkommen\/?s={search_term_string}"},"query-input":{"@type":"PropertyValueSpecification","valueRequired":true,"valueName":"search_term_string"}}],"inLanguage":"de"},{"@type":"Organization","@id":"https:\/\/blissfulcolours.de\/willkommen\/#organization","name":"Blissful-Colours","url":"https:\/\/blissfulcolours.de\/willkommen\/","logo":{"@type":"ImageObject","inLanguage":"de","@id":"https:\/\/blissfulcolours.de\/willkommen\/#\/schema\/logo\/image\/","url":"https:\/\/blissfulcolours.de\/wp-content\/uploads\/2020\/12\/cropped-Logos_Logo_Komplett_schwarz-1.png","contentUrl":"https:\/\/blissfulcolours.de\/wp-content\/uploads\/2020\/12\/cropped-Logos_Logo_Komplett_schwarz-1.png","width":640,"height":377,"caption":"Blissful-Colours"},"image":{"@id":"https:\/\/blissfulcolours.de\/willkommen\/#\/schema\/logo\/image\/"}}]}},"_links":{"self":[{"href":"https:\/\/blissfulcolours.de\/willkommen\/wp-json\/wp\/v2\/pages\/1489","targetHints":{"allow":["GET"]}}],"collection":[{"href":"https:\/\/blissfulcolours.de\/willkommen\/wp-json\/wp\/v2\/pages"}],"about":[{"href":"https:\/\/blissfulcolours.de\/willkommen\/wp-json\/wp\/v2\/types\/page"}],"author":[{"embeddable":true,"href":"https:\/\/blissfulcolours.de\/willkommen\/wp-json\/wp\/v2\/users\/1"}],"replies":[{"embeddable":true,"href":"https:\/\/blissfulcolours.de\/willkommen\/wp-json\/wp\/v2\/comments?post=1489"}],"version-history":[{"count":17,"href":"https:\/\/blissfulcolours.de\/willkommen\/wp-json\/wp\/v2\/pages\/1489\/revisions"}],"predecessor-version":[{"id":1975,"href":"https:\/\/blissfulcolours.de\/willkommen\/wp-json\/wp\/v2\/pages\/1489\/revisions\/1975"}],"wp:attachment":[{"href":"https:\/\/blissfulcolours.de\/willkommen\/wp-json\/wp\/v2\/media?parent=1489"}],"curies":[{"name":"wp","href":"https:\/\/api.w.org\/{rel}","templated":true}]}}