{"id":15,"date":"2020-09-27T16:24:18","date_gmt":"2020-09-27T16:24:18","guid":{"rendered":"http:\/\/localhost:10018\/?page_id=15"},"modified":"2021-11-15T15:58:23","modified_gmt":"2021-11-15T15:58:23","slug":"business-yoga","status":"publish","type":"page","link":"https:\/\/blissfulcolours.de\/willkommen\/business-yoga\/","title":{"rendered":"Business Yoga"},"content":{"rendered":"\n<p> <\/p>\n\n\n\n<figure class=\"wp-block-gallery alignfull columns-2 is-cropped wp-block-gallery-1 is-layout-flex wp-block-gallery-is-layout-flex\"><ul class=\"blocks-gallery-grid\"><li class=\"blocks-gallery-item\"><figure><img loading=\"lazy\" decoding=\"async\" width=\"1024\" height=\"724\" src=\"https:\/\/blissfulcolours.de\/wp-content\/uploads\/2020\/12\/yoga-business-frau-1024x724.jpeg\" alt=\"yoga-business-frau\" data-id=\"1268\" data-full-url=\"https:\/\/blissfulcolours.de\/wp-content\/uploads\/2020\/12\/yoga-business-frau.jpeg\" data-link=\"https:\/\/blissfulcolours.de\/yoga-business-frau\/\" class=\"wp-image-1268\" srcset=\"https:\/\/blissfulcolours.de\/wp-content\/uploads\/2020\/12\/yoga-business-frau-1024x724.jpeg 1024w, https:\/\/blissfulcolours.de\/wp-content\/uploads\/2020\/12\/yoga-business-frau-300x212.jpeg 300w, https:\/\/blissfulcolours.de\/wp-content\/uploads\/2020\/12\/yoga-business-frau-768x543.jpeg 768w, https:\/\/blissfulcolours.de\/wp-content\/uploads\/2020\/12\/yoga-business-frau-1536x1086.jpeg 1536w, https:\/\/blissfulcolours.de\/wp-content\/uploads\/2020\/12\/yoga-business-frau.jpeg 2000w\" sizes=\"auto, (max-width: 1024px) 100vw, 1024px\" \/><\/figure><\/li><li class=\"blocks-gallery-item\"><figure><img loading=\"lazy\" decoding=\"async\" width=\"1024\" height=\"724\" src=\"https:\/\/blissfulcolours.de\/wp-content\/uploads\/2020\/12\/yoga-business-startup-1024x724.jpeg\" alt=\"yoga-business-startup\" data-id=\"1270\" data-full-url=\"https:\/\/blissfulcolours.de\/wp-content\/uploads\/2020\/12\/yoga-business-startup.jpeg\" data-link=\"https:\/\/blissfulcolours.de\/yoga-business-startup\/\" class=\"wp-image-1270\" srcset=\"https:\/\/blissfulcolours.de\/wp-content\/uploads\/2020\/12\/yoga-business-startup-1024x724.jpeg 1024w, https:\/\/blissfulcolours.de\/wp-content\/uploads\/2020\/12\/yoga-business-startup-300x212.jpeg 300w, https:\/\/blissfulcolours.de\/wp-content\/uploads\/2020\/12\/yoga-business-startup-768x543.jpeg 768w, https:\/\/blissfulcolours.de\/wp-content\/uploads\/2020\/12\/yoga-business-startup-1536x1086.jpeg 1536w, https:\/\/blissfulcolours.de\/wp-content\/uploads\/2020\/12\/yoga-business-startup.jpeg 2000w\" sizes=\"auto, (max-width: 1024px) 100vw, 1024px\" \/><\/figure><\/li><\/ul><\/figure>\n\n\n\n<div class=\"wp-block-columns is-layout-flex wp-container-core-columns-is-layout-9d6595d7 wp-block-columns-is-layout-flex\">\n<div class=\"wp-block-column is-layout-flow wp-block-column-is-layout-flow\">\n<h2 id=\"wp-block-themeisle-blocks-advanced-heading-2c733059\" class=\"wp-block-themeisle-blocks-advanced-heading wp-block-themeisle-blocks-advanced-heading-2c733059\">Was?&nbsp;<\/h2>\n\n\n\n<ul class=\"wp-block-list\"><li><span class=\"has-inline-color has-neve-button-color-color\">Yoga \u2022<\/span> <span class=\"has-inline-color has-neve-button-color-color\">was bedeutet das f\u00fcr dich? <\/span><span class=\"has-inline-color has-neve-link-color-color\">Viele verbinden mit Yoga &#8211; gerade im Westen &#8211; den reinen Aktivit\u00e4tsteil und sehen darin einen Sport. Andere wiederum denken, dass es nicht anstrengend genug ist, denn zum Schluss kommt ja keiner schwitzend aus der Stunde heraus! Fr\u00fcher habe ich \u00e4hnliche Gedanken gehabt, das \u00e4nderte sich allerdings schnell, als ich innerhalb meiner 12-j\u00e4hrigen B\u00fcrot\u00e4tigkeit mit der eigenen Yogapraxis anfing.&nbsp;<\/span><\/li><\/ul>\n\n\n\n<ul class=\"wp-block-list\"><li><span class=\"has-inline-color has-neve-link-color-color\">Tats\u00e4chlich ist Yoga eine Lebenseinstellung und viel mehr als nur reine Aktivit\u00e4t. Es ist ein <\/span><strong><span style=\"color:#d8b555\" class=\"has-inline-color\">Wechselspiel<\/span><\/strong><span class=\"has-inline-color has-neve-link-color-color\"> zwischen <\/span><strong><span style=\"color:#d8b555\" class=\"has-inline-color\">k\u00f6rperlicher Aktivit\u00e4t<\/span><\/strong><span class=\"has-inline-color has-neve-link-color-color\"><strong>, <\/strong><\/span><strong><span style=\"color:#d8b555\" class=\"has-inline-color\">Ruhe und Gelassenheit<\/span><\/strong><span class=\"has-inline-color has-neve-link-color-color\">. Es lenkt die Sinne nach Innen, entwickelt Bewusstheit &amp; Achtsamkeit, sodass du zur Ruhe kommen kannst, sei es auch nur einen kurzen Moment. W\u00fcnschen wir uns das nicht alle? <\/span><br><span class=\"has-inline-color has-neve-link-color-color\">Einen Moment des Frieden. Atmen. <\/span><span class=\"has-inline-color has-neve-button-color-color\">Einfach <\/span><span style=\"color:#d8b555\" class=\"has-inline-color\">SEIN<\/span><span class=\"has-inline-color has-neve-link-color-color\">.<\/span><\/li><\/ul>\n\n\n\n<ul class=\"wp-block-list\"><li><span class=\"has-inline-color has-neve-link-color-color\">Deshalb kann es wirklich <\/span><span class=\"has-inline-color has-neve-button-color-color\">JEDER<\/span><span class=\"has-inline-color has-neve-link-color-color\"><strong> <\/strong>praktizieren, immer und \u00fcberall, egal wie viel Zeit zur Verf\u00fcgung steht. Die Bewusstheit ist entscheidend.&nbsp;<\/span><\/li><\/ul>\n\n\n\n<p>    <\/p>\n\n\n\n<h2 id=\"wp-block-themeisle-blocks-advanced-heading-08a2debb\" class=\"wp-block-themeisle-blocks-advanced-heading wp-block-themeisle-blocks-advanced-heading-08a2debb\">Wie?&nbsp;<\/h2>\n\n\n\n<ul class=\"wp-block-list\"><li><span class=\"has-inline-color has-neve-link-color-color\">Wir arbeiten mit dem <strong>Stuhl<\/strong> direkt am Schreibtisch, in einem <strong>Raum<\/strong>, der zur Verf\u00fcgung steht &#8211; das kann ein Besprechungsraum sein, ein Gro\u00dfraumb\u00fcro oder ein Bewegungsraum. Business Yoga ist super <strong>flexibel<\/strong> und passt sich den B\u00fcrogegebenheiten gut an.&nbsp;<\/span><\/li><\/ul>\n\n\n\n<p>     <\/p>\n\n\n\n<figure class=\"wp-block-gallery columns-1 is-cropped wp-block-gallery-2 is-layout-flex wp-block-gallery-is-layout-flex\"><ul class=\"blocks-gallery-grid\"><li class=\"blocks-gallery-item\"><figure><img loading=\"lazy\" decoding=\"async\" width=\"1024\" height=\"1024\" src=\"https:\/\/blissfulcolours.de\/wp-content\/uploads\/2020\/12\/yoga-business-mann-1024x1024.png\" alt=\"yoga-business-mann\" data-id=\"1269\" data-full-url=\"https:\/\/blissfulcolours.de\/wp-content\/uploads\/2020\/12\/yoga-business-mann.png\" data-link=\"https:\/\/blissfulcolours.de\/yoga-business-mann\/\" class=\"wp-image-1269\" srcset=\"https:\/\/blissfulcolours.de\/wp-content\/uploads\/2020\/12\/yoga-business-mann-1024x1024.png 1024w, https:\/\/blissfulcolours.de\/wp-content\/uploads\/2020\/12\/yoga-business-mann-300x300.png 300w, https:\/\/blissfulcolours.de\/wp-content\/uploads\/2020\/12\/yoga-business-mann-150x150.png 150w, https:\/\/blissfulcolours.de\/wp-content\/uploads\/2020\/12\/yoga-business-mann-768x768.png 768w, https:\/\/blissfulcolours.de\/wp-content\/uploads\/2020\/12\/yoga-business-mann.png 1080w\" sizes=\"auto, (max-width: 1024px) 100vw, 1024px\" \/><\/figure><\/li><\/ul><\/figure>\n<\/div>\n\n\n\n<div class=\"wp-block-column is-vertically-aligned-bottom is-layout-flow wp-block-column-is-layout-flow\">\n<h2 id=\"wp-block-themeisle-blocks-advanced-heading-f79a8010\" class=\"wp-block-themeisle-blocks-advanced-heading wp-block-themeisle-blocks-advanced-heading-f79a8010\">Warum?&nbsp;<\/h2>\n\n\n\n<ul class=\"wp-block-list\"><li><span class=\"has-inline-color has-neve-link-color-color\">Business Yoga ist ein Weg f\u00fcr diejenigen Menschen, die auch am Arbeitsplatz zwischen Terminen und Besprechungen etwas Ruhe suchen um aufzutanken. Und das nicht erst, wenn es zu sp\u00e4t ist und ein Arbeitsausfall droht, sondern kontinuierlich und gut &amp; gesund integriert in den Alltag.&nbsp;<\/span><\/li><li><span class=\"has-inline-color has-neve-link-color-color\">Es ist f\u00fcr Menschen geeignet, die kontinuierlich Bewegung integrieren m\u00f6chten, um wieder aufrecht und gerade, fokussiert und gelassen t\u00e4tig zu sein. Dabei ist die k\u00f6rperliche Anstrengung und Anspannung ebenfalls fester Bestandteil.&nbsp;<\/span><\/li><li><span class=\"has-inline-color has-neve-link-color-color\">Damit dient es ganz automatisch der aktiven <\/span><strong><span style=\"color:#d8b555\" class=\"has-inline-color\">Gesundheitsvorsorge <\/span><\/strong><span class=\"has-inline-color has-neve-link-color-color\"><strong>und <\/strong><\/span><strong><span style=\"color:#d8b555\" class=\"has-inline-color\">Pr\u00e4vention am Arbeitsplatz<\/span><\/strong><span class=\"has-inline-color has-neve-link-color-color\">. Voraussetzungen f\u00fcr Gesundheit k\u00f6nnen geschaffen werden, ganz bewusst. Gesundheit ist auch eine Entscheidung, dies wird oft verkannt oder vergessen, da Probleme mitunter einfach zu gro\u00df und unl\u00f6sbar erscheinen k\u00f6nnen. Dies erzeugt (Dis)Stress und Verspannungen steigen. Durch Yoga wird Stress abgebaut, berufsbedingte Verspannungen k\u00f6nnen sich l\u00f6sen, die eigene Kreativit\u00e4t wird angeregt, Potentiale entwickeln sich &amp; die ureigene Leistungsf\u00e4higkeit kann enorm ansteigen.&nbsp;<\/span><\/li><\/ul>\n\n\n\n<p> <\/p>\n\n\n\n<p class=\"has-text-align-center animated slideInRight fast\"><br><span style=\"color:#d8b555\" class=\"has-inline-color\">Freude leben. <br>Positiv-aktiv &amp; ruhig-gelassen \u2022 das geht tats\u00e4chlich alles auf einmal. <br>Entscheide dich daf\u00fcr! <\/span><br><\/p>\n\n\n\n<h2 id=\"wp-block-themeisle-blocks-advanced-heading-ba6b78a0\" class=\"wp-block-themeisle-blocks-advanced-heading wp-block-themeisle-blocks-advanced-heading-ba6b78a0 ticss-aa1969d9\"><br>Yoga im B\u00fcro mit drei S\u00e4ulen<\/h2>\n\n\n\n<ul class=\"ticss-3cb082ca animated fadeInRight slower delay-200ms wp-block-list\"><li><strong><span style=\"color:#d8b555\" class=\"has-inline-color\">K\u00f6rper\u00fcbungen<\/span><\/strong><span class=\"has-inline-color has-neve-link-color-color\"> (Asanas) st\u00e4rken deinen Bewegungsapparat und vitalisieren dich und deinen Kreislauf, die Verdauung, das Nervensystem, das Gehirn und andere Organe.<\/span><\/li><\/ul>\n\n\n\n<ul class=\"animated fadeInRight slower delay-200ms wp-block-list\"><li><strong><span style=\"color:#d8b555\" class=\"has-inline-color\">Energie- und Atem\u00fcbungen<\/span><\/strong><span class=\"has-inline-color has-nv-dark-bg-color\"> aktivieren deine Potenziale und sorgen f\u00fcr einen reibungslosen (Energie)Fluss im K\u00f6rper und auch im Geist.<\/span><br><strong>Eine sch\u00f6ne Analogie<\/strong><br><span class=\"has-inline-color has-neve-link-color-color\">Analog zur Bedeutung des Geldes im Businessmanagement ist Energie die zentrale Ressource im Stressmanagement.<\/span><\/li><\/ul>\n\n\n\n<ul class=\"animated fadeInRight slower delay-200ms wp-block-list\"><li><strong><span style=\"color:#d8b555\" class=\"has-inline-color\">Entspannungs\u00fcbungen<\/span><\/strong><span class=\"has-inline-color has-neve-link-color-color\"> f\u00f6rdern die geistige Leistungsf\u00e4higkeit, die innere Ruhe &amp; Klarheit, die Gelassenheit und dein Wohlbefinden.\u00a0<\/span><\/li><\/ul>\n\n\n\n<div class=\"wp-block-image is-style-default\"><figure class=\"aligncenter size-large is-resized\"><img loading=\"lazy\" decoding=\"async\" src=\"https:\/\/blissfulcolours.de\/wp-content\/uploads\/2021\/11\/Kraft-\u30fbAnspannung-1024x819.png\" alt=\"\" class=\"wp-image-1584\" width=\"171\" height=\"136\" srcset=\"https:\/\/blissfulcolours.de\/wp-content\/uploads\/2021\/11\/Kraft-\u30fbAnspannung-1024x819.png 1024w, https:\/\/blissfulcolours.de\/wp-content\/uploads\/2021\/11\/Kraft-\u30fbAnspannung-300x240.png 300w, https:\/\/blissfulcolours.de\/wp-content\/uploads\/2021\/11\/Kraft-\u30fbAnspannung-768x614.png 768w, https:\/\/blissfulcolours.de\/wp-content\/uploads\/2021\/11\/Kraft-\u30fbAnspannung-1536x1229.png 1536w, https:\/\/blissfulcolours.de\/wp-content\/uploads\/2021\/11\/Kraft-\u30fbAnspannung.png 2000w\" sizes=\"auto, (max-width: 171px) 100vw, 171px\" \/><\/figure><\/div>\n\n\n\n<p><\/p>\n<\/div>\n<\/div>\n\n\n\n<div class=\"wp-block-buttons is-content-justification-center is-layout-flex wp-block-buttons-is-layout-flex\">\n<div class=\"wp-block-button\"><a class=\"wp-block-button__link has-neve-button-color-color has-neve-link-color-background-color has-text-color has-background\" href=\"https:\/\/blissfulcolours.de\/willkommen\/mein-angebot\/\" style=\"border-radius:39px\">mein angebot<\/a><\/div>\n<\/div>\n\n\n\n<hr class=\"wp-block-separator is-style-wide\"\/>\n\n\n\n<div class=\"wp-block-image\"><figure class=\"aligncenter size-large is-resized\"><img loading=\"lazy\" decoding=\"async\" src=\"https:\/\/blissfulcolours.de\/wp-content\/uploads\/2020\/12\/WhatsApp-Image-2020-12-07-at-18.36.22-1024x682.jpeg\" alt=\"Blissfulcolours-Footer\" class=\"wp-image-1360\" width=\"606\" height=\"404\" srcset=\"https:\/\/blissfulcolours.de\/wp-content\/uploads\/2020\/12\/WhatsApp-Image-2020-12-07-at-18.36.22-1024x682.jpeg 1024w, https:\/\/blissfulcolours.de\/wp-content\/uploads\/2020\/12\/WhatsApp-Image-2020-12-07-at-18.36.22-300x200.jpeg 300w, https:\/\/blissfulcolours.de\/wp-content\/uploads\/2020\/12\/WhatsApp-Image-2020-12-07-at-18.36.22-768x512.jpeg 768w, https:\/\/blissfulcolours.de\/wp-content\/uploads\/2020\/12\/WhatsApp-Image-2020-12-07-at-18.36.22-1536x1023.jpeg 1536w, https:\/\/blissfulcolours.de\/wp-content\/uploads\/2020\/12\/WhatsApp-Image-2020-12-07-at-18.36.22-930x620.jpeg 930w, https:\/\/blissfulcolours.de\/wp-content\/uploads\/2020\/12\/WhatsApp-Image-2020-12-07-at-18.36.22.jpeg 1600w\" sizes=\"auto, (max-width: 606px) 100vw, 606px\" \/><\/figure><\/div>\n\n\n\n<hr class=\"wp-block-separator is-style-wide\"\/>\n\n\n\n<div class=\"wp-block-wpzoom-blocks-social-icons is-style-without-canvas\" style=\"--wpz-social-icons-block-item-font-size:20px;--wpz-social-icons-block-item-padding-horizontal:10px;--wpz-social-icons-block-item-padding-vertical:10px;--wpz-social-icons-block-item-margin-horizontal:5px;--wpz-social-icons-block-item-margin-vertical:5px;--wpz-social-icons-block-item-border-radius:50px;--wpz-social-icons-block-label-font-size:20px;--wpz-social-icons-block-label-color:#2e3131;--wpz-social-icons-block-label-color-hover:#2e3131;--wpz-social-icons-alignment:center\"><a href=\"https:\/\/www.instagram.com\/blissfulcolours_lightup\/\" class=\"social-icon-link\" target=\"_blank\" rel=\"noopener noreferrer\" style=\"--wpz-social-icons-block-item-color:#d9b555;--wpz-social-icons-block-item-color-hover:#404040\"><span class=\"social-icon socicon socicon-instagram\"><\/span><\/a><a href=\"https:\/\/www.facebook.com\/blissfulcolours.lightup\" class=\"social-icon-link\" target=\"_blank\" rel=\"noopener noreferrer\" style=\"--wpz-social-icons-block-item-color:#d9b555;--wpz-social-icons-block-item-color-hover:#404040\"><span class=\"social-icon socicon socicon-facebook\"><\/span><\/a><a href=\"https:\/\/wordpress.org\" class=\"social-icon-link\" target=\"_blank\" rel=\"noopener noreferrer\" style=\"--wpz-social-icons-block-item-color:#d9b555;--wpz-social-icons-block-item-color-hover:#535353\"><span class=\"social-icon socicon socicon-youtube\"><\/span><\/a><\/div>\n","protected":false},"excerpt":{"rendered":"<p>Yoga \u2022 was bedeutet das f\u00fcr dich? Viele verbinden mit Yoga &#8211; gerade im Westen &#8211; den reinen Aktivit\u00e4tsteil und sehen darin einen Sport. Andere wiederum denken, dass es nicht anstrengend genug ist, denn zum Schluss kommt ja keiner schwitzend aus der Stunde heraus! Fr\u00fcher habe ich \u00e4hnliche Gedanken gehabt, das \u00e4nderte sich allerdings schnell,&hellip;&nbsp;<a href=\"https:\/\/blissfulcolours.de\/willkommen\/business-yoga\/\" rel=\"bookmark\">Weiterlesen &raquo;<span class=\"screen-reader-text\">Business Yoga<\/span><\/a><\/p>\n","protected":false},"author":1,"featured_media":0,"parent":0,"menu_order":0,"comment_status":"closed","ping_status":"closed","template":"","meta":{"_monsterinsights_skip_tracking":false,"_monsterinsights_sitenote_active":false,"_monsterinsights_sitenote_note":"","_monsterinsights_sitenote_category":0,"neve_meta_sidebar":"full-width","neve_meta_container":"","neve_meta_enable_content_width":"on","neve_meta_content_width":94,"neve_meta_title_alignment":"center","neve_meta_author_avatar":"","neve_post_elements_order":"","neve_meta_disable_header":"","neve_meta_disable_footer":"","neve_meta_disable_title":"on","_themeisle_gutenberg_block_has_review":false,"footnotes":""},"class_list":["post-15","page","type-page","status-publish","hentry"],"yoast_head":"<!-- This site is optimized with the Yoast SEO plugin v27.5 - https:\/\/yoast.com\/product\/yoast-seo-wordpress\/ -->\n<title>Business Yoga - Blissful-Colours<\/title>\n<meta name=\"robots\" content=\"index, follow, max-snippet:-1, max-image-preview:large, max-video-preview:-1\" \/>\n<link rel=\"canonical\" href=\"https:\/\/blissfulcolours.de\/willkommen\/business-yoga\/\" \/>\n<meta property=\"og:locale\" content=\"de_DE\" \/>\n<meta property=\"og:type\" content=\"article\" \/>\n<meta property=\"og:title\" content=\"Business Yoga - Blissful-Colours\" \/>\n<meta property=\"og:description\" content=\"Yoga \u2022 was bedeutet das f\u00fcr dich? Viele verbinden mit Yoga &#8211; gerade im Westen &#8211; den reinen Aktivit\u00e4tsteil und sehen darin einen Sport. Andere wiederum denken, dass es nicht anstrengend genug ist, denn zum Schluss kommt ja keiner schwitzend aus der Stunde heraus! Fr\u00fcher habe ich \u00e4hnliche Gedanken gehabt, das \u00e4nderte sich allerdings schnell,&hellip;&nbsp;Weiterlesen &raquo;Business Yoga\" \/>\n<meta property=\"og:url\" content=\"https:\/\/blissfulcolours.de\/willkommen\/business-yoga\/\" \/>\n<meta property=\"og:site_name\" content=\"Blissful-Colours\" \/>\n<meta property=\"article:modified_time\" content=\"2021-11-15T15:58:23+00:00\" \/>\n<meta property=\"og:image\" content=\"https:\/\/blissfulcolours.de\/wp-content\/uploads\/2020\/12\/yoga-business-frau-1024x724.jpeg\" \/>\n<meta name=\"twitter:card\" content=\"summary_large_image\" \/>\n<meta name=\"twitter:label1\" content=\"Gesch\u00e4tzte Lesezeit\" \/>\n\t<meta name=\"twitter:data1\" content=\"3\u00a0Minuten\" \/>\n<script type=\"application\/ld+json\" class=\"yoast-schema-graph\">{\"@context\":\"https:\\\/\\\/schema.org\",\"@graph\":[{\"@type\":\"WebPage\",\"@id\":\"https:\\\/\\\/blissfulcolours.de\\\/willkommen\\\/business-yoga\\\/\",\"url\":\"https:\\\/\\\/blissfulcolours.de\\\/willkommen\\\/business-yoga\\\/\",\"name\":\"Business Yoga - Blissful-Colours\",\"isPartOf\":{\"@id\":\"https:\\\/\\\/blissfulcolours.de\\\/willkommen\\\/#website\"},\"primaryImageOfPage\":{\"@id\":\"https:\\\/\\\/blissfulcolours.de\\\/willkommen\\\/business-yoga\\\/#primaryimage\"},\"image\":{\"@id\":\"https:\\\/\\\/blissfulcolours.de\\\/willkommen\\\/business-yoga\\\/#primaryimage\"},\"thumbnailUrl\":\"https:\\\/\\\/blissfulcolours.de\\\/wp-content\\\/uploads\\\/2020\\\/12\\\/yoga-business-frau-1024x724.jpeg\",\"datePublished\":\"2020-09-27T16:24:18+00:00\",\"dateModified\":\"2021-11-15T15:58:23+00:00\",\"breadcrumb\":{\"@id\":\"https:\\\/\\\/blissfulcolours.de\\\/willkommen\\\/business-yoga\\\/#breadcrumb\"},\"inLanguage\":\"de\",\"potentialAction\":[{\"@type\":\"ReadAction\",\"target\":[\"https:\\\/\\\/blissfulcolours.de\\\/willkommen\\\/business-yoga\\\/\"]}]},{\"@type\":\"ImageObject\",\"inLanguage\":\"de\",\"@id\":\"https:\\\/\\\/blissfulcolours.de\\\/willkommen\\\/business-yoga\\\/#primaryimage\",\"url\":\"https:\\\/\\\/blissfulcolours.de\\\/wp-content\\\/uploads\\\/2020\\\/12\\\/yoga-business-frau-1024x724.jpeg\",\"contentUrl\":\"https:\\\/\\\/blissfulcolours.de\\\/wp-content\\\/uploads\\\/2020\\\/12\\\/yoga-business-frau-1024x724.jpeg\"},{\"@type\":\"BreadcrumbList\",\"@id\":\"https:\\\/\\\/blissfulcolours.de\\\/willkommen\\\/business-yoga\\\/#breadcrumb\",\"itemListElement\":[{\"@type\":\"ListItem\",\"position\":1,\"name\":\"Home\",\"item\":\"https:\\\/\\\/blissfulcolours.de\\\/willkommen\\\/\"},{\"@type\":\"ListItem\",\"position\":2,\"name\":\"Business Yoga\"}]},{\"@type\":\"WebSite\",\"@id\":\"https:\\\/\\\/blissfulcolours.de\\\/willkommen\\\/#website\",\"url\":\"https:\\\/\\\/blissfulcolours.de\\\/willkommen\\\/\",\"name\":\"Blissful-Colours\",\"description\":\"Vital Food Balance Yoga\",\"publisher\":{\"@id\":\"https:\\\/\\\/blissfulcolours.de\\\/willkommen\\\/#organization\"},\"potentialAction\":[{\"@type\":\"SearchAction\",\"target\":{\"@type\":\"EntryPoint\",\"urlTemplate\":\"https:\\\/\\\/blissfulcolours.de\\\/willkommen\\\/?s={search_term_string}\"},\"query-input\":{\"@type\":\"PropertyValueSpecification\",\"valueRequired\":true,\"valueName\":\"search_term_string\"}}],\"inLanguage\":\"de\"},{\"@type\":\"Organization\",\"@id\":\"https:\\\/\\\/blissfulcolours.de\\\/willkommen\\\/#organization\",\"name\":\"Blissful-Colours\",\"url\":\"https:\\\/\\\/blissfulcolours.de\\\/willkommen\\\/\",\"logo\":{\"@type\":\"ImageObject\",\"inLanguage\":\"de\",\"@id\":\"https:\\\/\\\/blissfulcolours.de\\\/willkommen\\\/#\\\/schema\\\/logo\\\/image\\\/\",\"url\":\"https:\\\/\\\/blissfulcolours.de\\\/wp-content\\\/uploads\\\/2020\\\/12\\\/cropped-Logos_Logo_Komplett_schwarz-1.png\",\"contentUrl\":\"https:\\\/\\\/blissfulcolours.de\\\/wp-content\\\/uploads\\\/2020\\\/12\\\/cropped-Logos_Logo_Komplett_schwarz-1.png\",\"width\":640,\"height\":377,\"caption\":\"Blissful-Colours\"},\"image\":{\"@id\":\"https:\\\/\\\/blissfulcolours.de\\\/willkommen\\\/#\\\/schema\\\/logo\\\/image\\\/\"}}]}<\/script>\n<!-- \/ Yoast SEO plugin. -->","yoast_head_json":{"title":"Business Yoga - Blissful-Colours","robots":{"index":"index","follow":"follow","max-snippet":"max-snippet:-1","max-image-preview":"max-image-preview:large","max-video-preview":"max-video-preview:-1"},"canonical":"https:\/\/blissfulcolours.de\/willkommen\/business-yoga\/","og_locale":"de_DE","og_type":"article","og_title":"Business Yoga - Blissful-Colours","og_description":"Yoga \u2022 was bedeutet das f\u00fcr dich? Viele verbinden mit Yoga &#8211; gerade im Westen &#8211; den reinen Aktivit\u00e4tsteil und sehen darin einen Sport. Andere wiederum denken, dass es nicht anstrengend genug ist, denn zum Schluss kommt ja keiner schwitzend aus der Stunde heraus! Fr\u00fcher habe ich \u00e4hnliche Gedanken gehabt, das \u00e4nderte sich allerdings schnell,&hellip;&nbsp;Weiterlesen &raquo;Business Yoga","og_url":"https:\/\/blissfulcolours.de\/willkommen\/business-yoga\/","og_site_name":"Blissful-Colours","article_modified_time":"2021-11-15T15:58:23+00:00","og_image":[{"url":"https:\/\/blissfulcolours.de\/wp-content\/uploads\/2020\/12\/yoga-business-frau-1024x724.jpeg","type":"","width":"","height":""}],"twitter_card":"summary_large_image","twitter_misc":{"Gesch\u00e4tzte Lesezeit":"3\u00a0Minuten"},"schema":{"@context":"https:\/\/schema.org","@graph":[{"@type":"WebPage","@id":"https:\/\/blissfulcolours.de\/willkommen\/business-yoga\/","url":"https:\/\/blissfulcolours.de\/willkommen\/business-yoga\/","name":"Business Yoga - Blissful-Colours","isPartOf":{"@id":"https:\/\/blissfulcolours.de\/willkommen\/#website"},"primaryImageOfPage":{"@id":"https:\/\/blissfulcolours.de\/willkommen\/business-yoga\/#primaryimage"},"image":{"@id":"https:\/\/blissfulcolours.de\/willkommen\/business-yoga\/#primaryimage"},"thumbnailUrl":"https:\/\/blissfulcolours.de\/wp-content\/uploads\/2020\/12\/yoga-business-frau-1024x724.jpeg","datePublished":"2020-09-27T16:24:18+00:00","dateModified":"2021-11-15T15:58:23+00:00","breadcrumb":{"@id":"https:\/\/blissfulcolours.de\/willkommen\/business-yoga\/#breadcrumb"},"inLanguage":"de","potentialAction":[{"@type":"ReadAction","target":["https:\/\/blissfulcolours.de\/willkommen\/business-yoga\/"]}]},{"@type":"ImageObject","inLanguage":"de","@id":"https:\/\/blissfulcolours.de\/willkommen\/business-yoga\/#primaryimage","url":"https:\/\/blissfulcolours.de\/wp-content\/uploads\/2020\/12\/yoga-business-frau-1024x724.jpeg","contentUrl":"https:\/\/blissfulcolours.de\/wp-content\/uploads\/2020\/12\/yoga-business-frau-1024x724.jpeg"},{"@type":"BreadcrumbList","@id":"https:\/\/blissfulcolours.de\/willkommen\/business-yoga\/#breadcrumb","itemListElement":[{"@type":"ListItem","position":1,"name":"Home","item":"https:\/\/blissfulcolours.de\/willkommen\/"},{"@type":"ListItem","position":2,"name":"Business Yoga"}]},{"@type":"WebSite","@id":"https:\/\/blissfulcolours.de\/willkommen\/#website","url":"https:\/\/blissfulcolours.de\/willkommen\/","name":"Blissful-Colours","description":"Vital Food Balance Yoga","publisher":{"@id":"https:\/\/blissfulcolours.de\/willkommen\/#organization"},"potentialAction":[{"@type":"SearchAction","target":{"@type":"EntryPoint","urlTemplate":"https:\/\/blissfulcolours.de\/willkommen\/?s={search_term_string}"},"query-input":{"@type":"PropertyValueSpecification","valueRequired":true,"valueName":"search_term_string"}}],"inLanguage":"de"},{"@type":"Organization","@id":"https:\/\/blissfulcolours.de\/willkommen\/#organization","name":"Blissful-Colours","url":"https:\/\/blissfulcolours.de\/willkommen\/","logo":{"@type":"ImageObject","inLanguage":"de","@id":"https:\/\/blissfulcolours.de\/willkommen\/#\/schema\/logo\/image\/","url":"https:\/\/blissfulcolours.de\/wp-content\/uploads\/2020\/12\/cropped-Logos_Logo_Komplett_schwarz-1.png","contentUrl":"https:\/\/blissfulcolours.de\/wp-content\/uploads\/2020\/12\/cropped-Logos_Logo_Komplett_schwarz-1.png","width":640,"height":377,"caption":"Blissful-Colours"},"image":{"@id":"https:\/\/blissfulcolours.de\/willkommen\/#\/schema\/logo\/image\/"}}]}},"_links":{"self":[{"href":"https:\/\/blissfulcolours.de\/willkommen\/wp-json\/wp\/v2\/pages\/15","targetHints":{"allow":["GET"]}}],"collection":[{"href":"https:\/\/blissfulcolours.de\/willkommen\/wp-json\/wp\/v2\/pages"}],"about":[{"href":"https:\/\/blissfulcolours.de\/willkommen\/wp-json\/wp\/v2\/types\/page"}],"author":[{"embeddable":true,"href":"https:\/\/blissfulcolours.de\/willkommen\/wp-json\/wp\/v2\/users\/1"}],"replies":[{"embeddable":true,"href":"https:\/\/blissfulcolours.de\/willkommen\/wp-json\/wp\/v2\/comments?post=15"}],"version-history":[{"count":7,"href":"https:\/\/blissfulcolours.de\/willkommen\/wp-json\/wp\/v2\/pages\/15\/revisions"}],"predecessor-version":[{"id":1585,"href":"https:\/\/blissfulcolours.de\/willkommen\/wp-json\/wp\/v2\/pages\/15\/revisions\/1585"}],"wp:attachment":[{"href":"https:\/\/blissfulcolours.de\/willkommen\/wp-json\/wp\/v2\/media?parent=15"}],"curies":[{"name":"wp","href":"https:\/\/api.w.org\/{rel}","templated":true}]}}