{"id":17,"date":"2020-09-27T16:24:46","date_gmt":"2020-09-27T16:24:46","guid":{"rendered":"http:\/\/localhost:10018\/?page_id=17"},"modified":"2025-08-18T23:30:27","modified_gmt":"2025-08-18T21:30:27","slug":"yog-aroma-bliss","status":"publish","type":"page","link":"https:\/\/blissfulcolours.de\/willkommen\/yog-aroma-bliss\/","title":{"rendered":"Yoga"},"content":{"rendered":"\n<h2 class=\"wp-block-heading has-text-align-center ticss-506ab606 has-neve-link-color-color has-text-color\"><span class=\"has-inline-color has-neve-link-hover-color-color\">Erlebe deine nat\u00fcrliche Balance \u263e<\/span><\/h2>\n\n\n\n<hr class=\"wp-block-separator has-text-color has-nv-light-bg-color has-alpha-channel-opacity has-nv-light-bg-background-color has-background is-style-default\"\/>\n\n\n\n<p>In dieser Yogastunde vereinigen sich sanfte Yogaflows mit l\u00e4ngerem Halten in den Asanas (K\u00f6rperstellungen). Die Aktivit\u00e4t unterst\u00fctzt unter anderem dein Herz-Kreislaufsystem und bringt Beweglichkeit und Schwung in deinen K\u00f6rper. Das etwas l\u00e4ngere Halten gibt deinen Muskeln die M\u00f6glichkeit wirklich loszulassen und wirkt somit in der Tiefe, gleichzeitig werden deine Faszien geschmeidiger und Verklebungen gel\u00f6st.\u00a0<\/p>\n\n\n\n<p>In diesem integralen Yogastil aus klassischem Hatha Yoga (Ha f\u00fcr Sonne und Tha f\u00fcr Mond) und auch Yin Yoga Elementen sind Atemtechniken ein wichtiger Bestandteil, die dich zum einen energetisieren &amp; vitalisieren k\u00f6nnen, zum anderen zu innerer Gelassenheit &amp; Ruhe &amp; Harmonie beitragen. Die Tiefenentspannung unterst\u00fctzt dich in die Achtsamkeit zu kommen und dich fallen zu lassen, um ganz bei dir anzukommen, in einem gesch\u00fctzten &amp; harmonischen Raum.&nbsp;<\/p>\n\n\n\n<hr class=\"wp-block-separator has-text-color has-nv-light-bg-color has-alpha-channel-opacity has-nv-light-bg-background-color has-background is-style-default\"\/>\n\n\n\n<div class=\"wp-block-media-text alignfull is-image-fill-element is-stacked-on-mobile\"><figure class=\"wp-block-media-text__media\"><img loading=\"lazy\" decoding=\"async\" width=\"1024\" height=\"683\" src=\"https:\/\/blissfulcolours.de\/wp-content\/uploads\/2020\/12\/yogaromabliss-1024x683.jpeg\" alt=\"yogaromabliss\u00ae\" class=\"wp-image-1273 size-full\" style=\"object-position:32% 34%\" srcset=\"https:\/\/blissfulcolours.de\/wp-content\/uploads\/2020\/12\/yogaromabliss-1024x683.jpeg 1024w, https:\/\/blissfulcolours.de\/wp-content\/uploads\/2020\/12\/yogaromabliss-300x200.jpeg 300w, https:\/\/blissfulcolours.de\/wp-content\/uploads\/2020\/12\/yogaromabliss-768x512.jpeg 768w, https:\/\/blissfulcolours.de\/wp-content\/uploads\/2020\/12\/yogaromabliss-1536x1024.jpeg 1536w, https:\/\/blissfulcolours.de\/wp-content\/uploads\/2020\/12\/yogaromabliss-2048x1366.jpeg 2048w, https:\/\/blissfulcolours.de\/wp-content\/uploads\/2020\/12\/yogaromabliss-930x620.jpeg 930w\" sizes=\"auto, (max-width: 1024px) 100vw, 1024px\" \/><\/figure><div class=\"wp-block-media-text__content\">\n<h2 class=\"wp-block-heading ticss-c1aec4d7 has-neve-link-hover-color-color has-text-color\">Sinnliche D\u00fcfte<\/h2>\n\n\n\n<p>In dieser Yoga-Stunde reiche ich dir je nach Wunsch unterst\u00fctzend sehr hochwertige, reine \u00e4therische \u00d6le und sanfte Raumd\u00fcfte an, die dich &#8211; je nach Tagesverfassung &#8211; in die Ruhe &amp; Entspannung bringen (mit Lavendel) oder fruchtig frisch belebend wirken (mit Zitrus\u00f6len). F\u00fcr den ganz besonderen Yoga-Touch reiche ich dir auch gern die fein abstimmten Yoga-Mischungen von D\u014dTERRA, die dich in deiner Yogapraxis energetisch unterst\u00fctzen und deine Chakren ansprechen. <\/p>\n\n\n\n<h5 id=\"wp-block-themeisle-blocks-advanced-heading-5afe7a36\" class=\"wp-block-themeisle-blocks-advanced-heading wp-block-themeisle-blocks-advanced-heading-5afe7a36\">Energie- &amp; Vitalit\u00e4tszentren<\/h5>\n\n\n\n<p>Das Sanskrit-Wort <em><span class=\"has-inline-color has-neve-button-color-color\">Cakra<\/span><\/em> bedeutet &#8218;Rad&#8216; und beschreibt somit die Energie-Kreise oder Wirbel, die sich in deinem feinstofflichen K\u00f6rper an verschiedenen Stellen befinden. Wir arbeiten im Yoga im Besonderen mit 7 (Haupt)Chakren, die entlang der Wirbels\u00e4ule verlaufen und bringen diese mit Atemtechniken, Entspannungstechniken und k\u00f6rperlicher Aktivit\u00e4t bzw. Asanas buchst\u00e4blich zum wirbeln. Nat\u00fcrlich werden im Rahmen der Praxis auch andere Chakren angesprochen. Die \u00d6le k\u00f6nnen dich dabei, je nachdem welches Chakra gerade angesprochen werden soll (z.B. das Wurzelchakra f\u00fcr Stabilit\u00e4t &amp; Erdung oder das Kehlchakra f\u00fcr die Kommunikation), unterst\u00fctzen und wirken ausgleichend. Wir sind in guter Balance und f\u00fchlen uns ausgeglichen, wenn die Chakren harmonisiert sind und sich drehen. Bei Energieblocken kann es sein, dass die Drehung ausbleibt oder sehr langsam wird. Wir f\u00fchlen uns dann unausgeglichen und kraftlos, ruhelos oder reagieren schnell \u00fcber. <br><br>Lasse dich \u00fcberraschen von der erstaunlichen Wirkkraft des Yoga in all seinen Facetten und lerne (wieder) zu sp\u00fcren, was du brauchst und was dir ganz pers\u00f6nlich gut tut. <\/p>\n\n\n\n<h5 id=\"wp-block-themeisle-blocks-advanced-heading-5e0e0558\" class=\"wp-block-themeisle-blocks-advanced-heading wp-block-themeisle-blocks-advanced-heading-5e0e0558\"><span class=\"has-inline-color has-neve-button-color-color\"><strong>\u00d6le in der Entspannung<\/strong><\/span><\/h5>\n\n\n\n<p>Die \u00d6le reiche ich dir, wenn gew\u00fcnscht, zu Beginn der Yoga-Stunde zur Anfangsentspannung sowie zur zum Abschluss und Nachwirken in der Endentspannung. Ich habe immer eine Auswahl an \u00d6len dabei, lausche deiner inneren Stimme und w\u00e4hle jedes Mal neu, welches \u00d6l dich gerade mit seinem sanftem Duft verlockt &amp; anspricht <span class=\"has-inline-color has-neve-button-color-color\">\u2661\u2665\ufe0e<\/span><\/p>\n<\/div><\/div>\n\n\n\n<p><\/p>\n\n\n\n<div class=\"wp-block-group\"><div class=\"wp-block-group__inner-container is-layout-flow wp-block-group-is-layout-flow\">\n<p class=\"has-text-align-center\"><span class=\"has-inline-color has-neve-button-color-color\"> <\/span><\/p>\n<\/div><\/div>\n\n\n\n<div class=\"wp-block-buttons is-content-justification-center is-layout-flex wp-container-core-buttons-is-layout-16018d1d wp-block-buttons-is-layout-flex\">\n<div class=\"wp-block-button ticss-07fc34fd\"><a class=\"wp-block-button__link has-nv-light-bg-color has-neve-link-color-background-color has-text-color has-background wp-element-button\" href=\"https:\/\/blissfulcolours.de\/willkommen\/mein-angebot\/\" style=\"border-radius:47px\" target=\"_blank\" rel=\"noreferrer noopener\"><o-anim-typing>Mein Angebot f\u00fcr dich<\/o-anim-typing><\/a><\/div>\n<\/div>\n\n\n\n<hr class=\"wp-block-separator has-css-opacity is-style-wide\"\/>\n\n\n\n<figure class=\"wp-block-image size-large\"><img loading=\"lazy\" decoding=\"async\" width=\"1024\" height=\"682\" src=\"https:\/\/blissfulcolours.de\/wp-content\/uploads\/2020\/12\/WhatsApp-Image-2020-12-07-at-18.36.22-1024x682.jpeg\" alt=\"Blissfulcolours-Footer\" class=\"wp-image-1360\" srcset=\"https:\/\/blissfulcolours.de\/wp-content\/uploads\/2020\/12\/WhatsApp-Image-2020-12-07-at-18.36.22-1024x682.jpeg 1024w, https:\/\/blissfulcolours.de\/wp-content\/uploads\/2020\/12\/WhatsApp-Image-2020-12-07-at-18.36.22-300x200.jpeg 300w, https:\/\/blissfulcolours.de\/wp-content\/uploads\/2020\/12\/WhatsApp-Image-2020-12-07-at-18.36.22-768x512.jpeg 768w, https:\/\/blissfulcolours.de\/wp-content\/uploads\/2020\/12\/WhatsApp-Image-2020-12-07-at-18.36.22-1536x1023.jpeg 1536w, https:\/\/blissfulcolours.de\/wp-content\/uploads\/2020\/12\/WhatsApp-Image-2020-12-07-at-18.36.22-930x620.jpeg 930w, https:\/\/blissfulcolours.de\/wp-content\/uploads\/2020\/12\/WhatsApp-Image-2020-12-07-at-18.36.22.jpeg 1600w\" sizes=\"auto, (max-width: 1024px) 100vw, 1024px\" \/><\/figure>\n\n\n\n<hr class=\"wp-block-separator has-css-opacity is-style-wide\"\/>\n\n\n\n<div class=\"wp-block-wpzoom-blocks-social-icons is-style-without-canvas\" style=\"--wpz-social-icons-block-item-font-size:20px;--wpz-social-icons-block-item-padding-horizontal:10px;--wpz-social-icons-block-item-padding-vertical:10px;--wpz-social-icons-block-item-margin-horizontal:5px;--wpz-social-icons-block-item-margin-vertical:5px;--wpz-social-icons-block-item-border-radius:50px;--wpz-social-icons-block-label-font-size:20px;--wpz-social-icons-block-label-color:#2e3131;--wpz-social-icons-block-label-color-hover:#2e3131;--wpz-social-icons-alignment:center\"><a href=\"https:\/\/www.instagram.com\/blissfulcolours_lightup\/\" class=\"social-icon-link\" target=\"_blank\" rel=\"noopener noreferrer\" style=\"--wpz-social-icons-block-item-color:#d9b555;--wpz-social-icons-block-item-color-hover:#404040\"><span class=\"social-icon socicon socicon-instagram\"><\/span><\/a><a href=\"https:\/\/www.facebook.com\/blissfulcolours.lightup\" class=\"social-icon-link\" target=\"_blank\" rel=\"noopener noreferrer\" style=\"--wpz-social-icons-block-item-color:#d9b555;--wpz-social-icons-block-item-color-hover:#404040\"><span class=\"social-icon socicon socicon-facebook\"><\/span><\/a><a href=\"https:\/\/wordpress.org\" class=\"social-icon-link\" target=\"_blank\" rel=\"noopener noreferrer\" style=\"--wpz-social-icons-block-item-color:#d9b555;--wpz-social-icons-block-item-color-hover:#535353\"><span class=\"social-icon socicon socicon-youtube\"><\/span><\/a><\/div>\n\n\n\n<p><\/p>\n","protected":false},"excerpt":{"rendered":"<p>Erlebe deine nat\u00fcrliche Balance \u263e In dieser Yogastunde vereinigen sich sanfte Yogaflows mit l\u00e4ngerem Halten in den Asanas (K\u00f6rperstellungen). Die Aktivit\u00e4t unterst\u00fctzt unter anderem dein Herz-Kreislaufsystem und bringt Beweglichkeit und Schwung in deinen K\u00f6rper. Das etwas l\u00e4ngere Halten gibt deinen Muskeln die M\u00f6glichkeit wirklich loszulassen und wirkt somit in der Tiefe, gleichzeitig werden deine Faszien&hellip;&nbsp;<a href=\"https:\/\/blissfulcolours.de\/willkommen\/yog-aroma-bliss\/\" rel=\"bookmark\">Weiterlesen &raquo;<span class=\"screen-reader-text\">Yoga<\/span><\/a><\/p>\n","protected":false},"author":1,"featured_media":0,"parent":0,"menu_order":0,"comment_status":"closed","ping_status":"closed","template":"","meta":{"_monsterinsights_skip_tracking":false,"_monsterinsights_sitenote_active":false,"_monsterinsights_sitenote_note":"","_monsterinsights_sitenote_category":0,"neve_meta_sidebar":"full-width","neve_meta_container":"default","neve_meta_enable_content_width":"on","neve_meta_content_width":43,"neve_meta_title_alignment":"center","neve_meta_author_avatar":"","neve_post_elements_order":"","neve_meta_disable_header":"","neve_meta_disable_footer":"","neve_meta_disable_title":"on","_themeisle_gutenberg_block_has_review":false,"footnotes":""},"class_list":["post-17","page","type-page","status-publish","hentry"],"yoast_head":"<!-- This site is optimized with the Yoast SEO plugin v27.4 - https:\/\/yoast.com\/product\/yoast-seo-wordpress\/ -->\n<title>Yoga - Blissful-Colours<\/title>\n<meta name=\"robots\" content=\"index, follow, max-snippet:-1, max-image-preview:large, max-video-preview:-1\" \/>\n<link rel=\"canonical\" href=\"https:\/\/blissfulcolours.de\/willkommen\/yog-aroma-bliss\/\" \/>\n<meta property=\"og:locale\" content=\"de_DE\" \/>\n<meta property=\"og:type\" content=\"article\" \/>\n<meta property=\"og:title\" content=\"Yoga - Blissful-Colours\" \/>\n<meta property=\"og:description\" content=\"Erlebe deine nat\u00fcrliche Balance \u263e In dieser Yogastunde vereinigen sich sanfte Yogaflows mit l\u00e4ngerem Halten in den Asanas (K\u00f6rperstellungen). Die Aktivit\u00e4t unterst\u00fctzt unter anderem dein Herz-Kreislaufsystem und bringt Beweglichkeit und Schwung in deinen K\u00f6rper. Das etwas l\u00e4ngere Halten gibt deinen Muskeln die M\u00f6glichkeit wirklich loszulassen und wirkt somit in der Tiefe, gleichzeitig werden deine Faszien&hellip;&nbsp;Weiterlesen &raquo;Yoga\" \/>\n<meta property=\"og:url\" content=\"https:\/\/blissfulcolours.de\/willkommen\/yog-aroma-bliss\/\" \/>\n<meta property=\"og:site_name\" content=\"Blissful-Colours\" \/>\n<meta property=\"article:modified_time\" content=\"2025-08-18T21:30:27+00:00\" \/>\n<meta property=\"og:image\" content=\"https:\/\/blissfulcolours.de\/wp-content\/uploads\/2020\/12\/yogaromabliss-scaled.jpeg\" \/>\n\t<meta property=\"og:image:width\" content=\"2560\" \/>\n\t<meta property=\"og:image:height\" content=\"1707\" \/>\n\t<meta property=\"og:image:type\" content=\"image\/jpeg\" \/>\n<meta name=\"twitter:card\" content=\"summary_large_image\" \/>\n<meta name=\"twitter:label1\" content=\"Gesch\u00e4tzte Lesezeit\" \/>\n\t<meta name=\"twitter:data1\" content=\"3\u00a0Minuten\" \/>\n<script type=\"application\/ld+json\" class=\"yoast-schema-graph\">{\"@context\":\"https:\\\/\\\/schema.org\",\"@graph\":[{\"@type\":\"WebPage\",\"@id\":\"https:\\\/\\\/blissfulcolours.de\\\/willkommen\\\/yog-aroma-bliss\\\/\",\"url\":\"https:\\\/\\\/blissfulcolours.de\\\/willkommen\\\/yog-aroma-bliss\\\/\",\"name\":\"Yoga - Blissful-Colours\",\"isPartOf\":{\"@id\":\"https:\\\/\\\/blissfulcolours.de\\\/willkommen\\\/#website\"},\"primaryImageOfPage\":{\"@id\":\"https:\\\/\\\/blissfulcolours.de\\\/willkommen\\\/yog-aroma-bliss\\\/#primaryimage\"},\"image\":{\"@id\":\"https:\\\/\\\/blissfulcolours.de\\\/willkommen\\\/yog-aroma-bliss\\\/#primaryimage\"},\"thumbnailUrl\":\"https:\\\/\\\/blissfulcolours.de\\\/wp-content\\\/uploads\\\/2020\\\/12\\\/yogaromabliss-1024x683.jpeg\",\"datePublished\":\"2020-09-27T16:24:46+00:00\",\"dateModified\":\"2025-08-18T21:30:27+00:00\",\"breadcrumb\":{\"@id\":\"https:\\\/\\\/blissfulcolours.de\\\/willkommen\\\/yog-aroma-bliss\\\/#breadcrumb\"},\"inLanguage\":\"de\",\"potentialAction\":[{\"@type\":\"ReadAction\",\"target\":[\"https:\\\/\\\/blissfulcolours.de\\\/willkommen\\\/yog-aroma-bliss\\\/\"]}]},{\"@type\":\"ImageObject\",\"inLanguage\":\"de\",\"@id\":\"https:\\\/\\\/blissfulcolours.de\\\/willkommen\\\/yog-aroma-bliss\\\/#primaryimage\",\"url\":\"https:\\\/\\\/blissfulcolours.de\\\/wp-content\\\/uploads\\\/2020\\\/12\\\/yogaromabliss-1024x683.jpeg\",\"contentUrl\":\"https:\\\/\\\/blissfulcolours.de\\\/wp-content\\\/uploads\\\/2020\\\/12\\\/yogaromabliss-1024x683.jpeg\"},{\"@type\":\"BreadcrumbList\",\"@id\":\"https:\\\/\\\/blissfulcolours.de\\\/willkommen\\\/yog-aroma-bliss\\\/#breadcrumb\",\"itemListElement\":[{\"@type\":\"ListItem\",\"position\":1,\"name\":\"Home\",\"item\":\"https:\\\/\\\/blissfulcolours.de\\\/willkommen\\\/\"},{\"@type\":\"ListItem\",\"position\":2,\"name\":\"Yoga\"}]},{\"@type\":\"WebSite\",\"@id\":\"https:\\\/\\\/blissfulcolours.de\\\/willkommen\\\/#website\",\"url\":\"https:\\\/\\\/blissfulcolours.de\\\/willkommen\\\/\",\"name\":\"Blissful-Colours\",\"description\":\"Vital Food Balance Yoga\",\"publisher\":{\"@id\":\"https:\\\/\\\/blissfulcolours.de\\\/willkommen\\\/#organization\"},\"potentialAction\":[{\"@type\":\"SearchAction\",\"target\":{\"@type\":\"EntryPoint\",\"urlTemplate\":\"https:\\\/\\\/blissfulcolours.de\\\/willkommen\\\/?s={search_term_string}\"},\"query-input\":{\"@type\":\"PropertyValueSpecification\",\"valueRequired\":true,\"valueName\":\"search_term_string\"}}],\"inLanguage\":\"de\"},{\"@type\":\"Organization\",\"@id\":\"https:\\\/\\\/blissfulcolours.de\\\/willkommen\\\/#organization\",\"name\":\"Blissful-Colours\",\"url\":\"https:\\\/\\\/blissfulcolours.de\\\/willkommen\\\/\",\"logo\":{\"@type\":\"ImageObject\",\"inLanguage\":\"de\",\"@id\":\"https:\\\/\\\/blissfulcolours.de\\\/willkommen\\\/#\\\/schema\\\/logo\\\/image\\\/\",\"url\":\"https:\\\/\\\/blissfulcolours.de\\\/wp-content\\\/uploads\\\/2020\\\/12\\\/cropped-Logos_Logo_Komplett_schwarz-1.png\",\"contentUrl\":\"https:\\\/\\\/blissfulcolours.de\\\/wp-content\\\/uploads\\\/2020\\\/12\\\/cropped-Logos_Logo_Komplett_schwarz-1.png\",\"width\":640,\"height\":377,\"caption\":\"Blissful-Colours\"},\"image\":{\"@id\":\"https:\\\/\\\/blissfulcolours.de\\\/willkommen\\\/#\\\/schema\\\/logo\\\/image\\\/\"}}]}<\/script>\n<!-- \/ Yoast SEO plugin. -->","yoast_head_json":{"title":"Yoga - Blissful-Colours","robots":{"index":"index","follow":"follow","max-snippet":"max-snippet:-1","max-image-preview":"max-image-preview:large","max-video-preview":"max-video-preview:-1"},"canonical":"https:\/\/blissfulcolours.de\/willkommen\/yog-aroma-bliss\/","og_locale":"de_DE","og_type":"article","og_title":"Yoga - Blissful-Colours","og_description":"Erlebe deine nat\u00fcrliche Balance \u263e In dieser Yogastunde vereinigen sich sanfte Yogaflows mit l\u00e4ngerem Halten in den Asanas (K\u00f6rperstellungen). Die Aktivit\u00e4t unterst\u00fctzt unter anderem dein Herz-Kreislaufsystem und bringt Beweglichkeit und Schwung in deinen K\u00f6rper. Das etwas l\u00e4ngere Halten gibt deinen Muskeln die M\u00f6glichkeit wirklich loszulassen und wirkt somit in der Tiefe, gleichzeitig werden deine Faszien&hellip;&nbsp;Weiterlesen &raquo;Yoga","og_url":"https:\/\/blissfulcolours.de\/willkommen\/yog-aroma-bliss\/","og_site_name":"Blissful-Colours","article_modified_time":"2025-08-18T21:30:27+00:00","og_image":[{"width":2560,"height":1707,"url":"https:\/\/blissfulcolours.de\/wp-content\/uploads\/2020\/12\/yogaromabliss-scaled.jpeg","type":"image\/jpeg"}],"twitter_card":"summary_large_image","twitter_misc":{"Gesch\u00e4tzte Lesezeit":"3\u00a0Minuten"},"schema":{"@context":"https:\/\/schema.org","@graph":[{"@type":"WebPage","@id":"https:\/\/blissfulcolours.de\/willkommen\/yog-aroma-bliss\/","url":"https:\/\/blissfulcolours.de\/willkommen\/yog-aroma-bliss\/","name":"Yoga - Blissful-Colours","isPartOf":{"@id":"https:\/\/blissfulcolours.de\/willkommen\/#website"},"primaryImageOfPage":{"@id":"https:\/\/blissfulcolours.de\/willkommen\/yog-aroma-bliss\/#primaryimage"},"image":{"@id":"https:\/\/blissfulcolours.de\/willkommen\/yog-aroma-bliss\/#primaryimage"},"thumbnailUrl":"https:\/\/blissfulcolours.de\/wp-content\/uploads\/2020\/12\/yogaromabliss-1024x683.jpeg","datePublished":"2020-09-27T16:24:46+00:00","dateModified":"2025-08-18T21:30:27+00:00","breadcrumb":{"@id":"https:\/\/blissfulcolours.de\/willkommen\/yog-aroma-bliss\/#breadcrumb"},"inLanguage":"de","potentialAction":[{"@type":"ReadAction","target":["https:\/\/blissfulcolours.de\/willkommen\/yog-aroma-bliss\/"]}]},{"@type":"ImageObject","inLanguage":"de","@id":"https:\/\/blissfulcolours.de\/willkommen\/yog-aroma-bliss\/#primaryimage","url":"https:\/\/blissfulcolours.de\/wp-content\/uploads\/2020\/12\/yogaromabliss-1024x683.jpeg","contentUrl":"https:\/\/blissfulcolours.de\/wp-content\/uploads\/2020\/12\/yogaromabliss-1024x683.jpeg"},{"@type":"BreadcrumbList","@id":"https:\/\/blissfulcolours.de\/willkommen\/yog-aroma-bliss\/#breadcrumb","itemListElement":[{"@type":"ListItem","position":1,"name":"Home","item":"https:\/\/blissfulcolours.de\/willkommen\/"},{"@type":"ListItem","position":2,"name":"Yoga"}]},{"@type":"WebSite","@id":"https:\/\/blissfulcolours.de\/willkommen\/#website","url":"https:\/\/blissfulcolours.de\/willkommen\/","name":"Blissful-Colours","description":"Vital Food Balance Yoga","publisher":{"@id":"https:\/\/blissfulcolours.de\/willkommen\/#organization"},"potentialAction":[{"@type":"SearchAction","target":{"@type":"EntryPoint","urlTemplate":"https:\/\/blissfulcolours.de\/willkommen\/?s={search_term_string}"},"query-input":{"@type":"PropertyValueSpecification","valueRequired":true,"valueName":"search_term_string"}}],"inLanguage":"de"},{"@type":"Organization","@id":"https:\/\/blissfulcolours.de\/willkommen\/#organization","name":"Blissful-Colours","url":"https:\/\/blissfulcolours.de\/willkommen\/","logo":{"@type":"ImageObject","inLanguage":"de","@id":"https:\/\/blissfulcolours.de\/willkommen\/#\/schema\/logo\/image\/","url":"https:\/\/blissfulcolours.de\/wp-content\/uploads\/2020\/12\/cropped-Logos_Logo_Komplett_schwarz-1.png","contentUrl":"https:\/\/blissfulcolours.de\/wp-content\/uploads\/2020\/12\/cropped-Logos_Logo_Komplett_schwarz-1.png","width":640,"height":377,"caption":"Blissful-Colours"},"image":{"@id":"https:\/\/blissfulcolours.de\/willkommen\/#\/schema\/logo\/image\/"}}]}},"_links":{"self":[{"href":"https:\/\/blissfulcolours.de\/willkommen\/wp-json\/wp\/v2\/pages\/17","targetHints":{"allow":["GET"]}}],"collection":[{"href":"https:\/\/blissfulcolours.de\/willkommen\/wp-json\/wp\/v2\/pages"}],"about":[{"href":"https:\/\/blissfulcolours.de\/willkommen\/wp-json\/wp\/v2\/types\/page"}],"author":[{"embeddable":true,"href":"https:\/\/blissfulcolours.de\/willkommen\/wp-json\/wp\/v2\/users\/1"}],"replies":[{"embeddable":true,"href":"https:\/\/blissfulcolours.de\/willkommen\/wp-json\/wp\/v2\/comments?post=17"}],"version-history":[{"count":6,"href":"https:\/\/blissfulcolours.de\/willkommen\/wp-json\/wp\/v2\/pages\/17\/revisions"}],"predecessor-version":[{"id":1934,"href":"https:\/\/blissfulcolours.de\/willkommen\/wp-json\/wp\/v2\/pages\/17\/revisions\/1934"}],"wp:attachment":[{"href":"https:\/\/blissfulcolours.de\/willkommen\/wp-json\/wp\/v2\/media?parent=17"}],"curies":[{"name":"wp","href":"https:\/\/api.w.org\/{rel}","templated":true}]}}