{"id":19,"date":"2020-09-27T16:24:56","date_gmt":"2020-09-27T16:24:56","guid":{"rendered":"http:\/\/localhost:10018\/?page_id=19"},"modified":"2026-01-19T12:54:54","modified_gmt":"2026-01-19T11:54:54","slug":"kinder-yoga","status":"publish","type":"page","link":"https:\/\/blissfulcolours.de\/willkommen\/kinder-yoga\/","title":{"rendered":"Yoga f\u00fcr Kinder"},"content":{"rendered":"\n<div class=\"wp-block-media-text alignfull is-image-fill-element is-stacked-on-mobile ticss-16a02de8\"><figure class=\"wp-block-media-text__media\"><img loading=\"lazy\" decoding=\"async\" width=\"1024\" height=\"1024\" src=\"https:\/\/blissfulcolours.de\/wp-content\/uploads\/2020\/12\/Design-ohne-Titel-1-1024x1024.png\" alt=\"Kinder Yoga\" class=\"wp-image-1342 size-full\" style=\"object-position:72% 51%\" srcset=\"https:\/\/blissfulcolours.de\/wp-content\/uploads\/2020\/12\/Design-ohne-Titel-1-1024x1024.png 1024w, https:\/\/blissfulcolours.de\/wp-content\/uploads\/2020\/12\/Design-ohne-Titel-1-300x300.png 300w, https:\/\/blissfulcolours.de\/wp-content\/uploads\/2020\/12\/Design-ohne-Titel-1-150x150.png 150w, https:\/\/blissfulcolours.de\/wp-content\/uploads\/2020\/12\/Design-ohne-Titel-1-768x768.png 768w, https:\/\/blissfulcolours.de\/wp-content\/uploads\/2020\/12\/Design-ohne-Titel-1-1536x1536.png 1536w, https:\/\/blissfulcolours.de\/wp-content\/uploads\/2020\/12\/Design-ohne-Titel-1.png 1620w\" sizes=\"auto, (max-width: 1024px) 100vw, 1024px\" \/><\/figure><div class=\"wp-block-media-text__content\">\n<h2 class=\"wp-block-heading has-text-align-center\"><span class=\"has-inline-color has-neve-button-color-color\">Yoga f\u00fcr Kinder<\/span><\/h2>\n\n\n\n<p class=\"has-drop-cap has-text-align-left ticss-b050c3f0\">Im Yoga f\u00fcr Kinder d\u00fcrfen die kleinen Menschen ganz sie selbst sein. Die Kinder lernen die Yoga\u00fcbungen durch einfache Nachahmung und eigenes Ausprobieren, ohne Druck und ohne Korrekturen. Sie d\u00fcrfen sich erfahren und selbst\u00e4ndig wachsen. Durch stetige kleine Erfolgserlebnisse im eigenen Tempo &#8211; zum Beispiel kann ein Bein pl\u00f6tzlich l\u00e4nger in der Luft gehalten werden oder eine Partner\u00fcbung klappt besser &#8211; wird das Kind ermutigt und freudig animiert auch in anderen Bereichen des Lebens Durchhalteverm\u00f6gen, Mut und Begeisterung am Lernen zu entwickeln bzw. beizubehalten.&nbsp;Ein wunderbarer Weg der freien Entfaltung, Entdeckung der eigenen St\u00e4rken und liebevollen Steigerung des Selbstvertrauens.<br><br><span class=\"has-inline-color has-neve-button-color-color\"><strong>Aufbau &amp; Magie einer Kinderyoga-Stunde<\/strong><\/span> <br>Es wird immer mit einem Anfangsritual begonnen, welches kleine Finger\u00fcbungen f\u00fcr die Motorik enth\u00e4lt und eine Rede- und Gef\u00fchlszeit enth\u00e4lt. Die Kindern lernen sich auszudr\u00fccken und \u00fcber das eigene Gef\u00fchl zu sprechen. Der Abschluss erfolgt \u00e4hnlich, mit einem kleinen R\u00fcckblick auf das Erlernte, in einem Endritual.&nbsp;<br><br>Elemente des Yoga, wie aktive \u00dcbungsreihen &amp; Atem\u00fcbungen in Tiervarianten sowie lustige Bewegungsspiele, werden mit singen, tanzen und spielen verbunden und in phantasievolle Geschichten eingebunden.&nbsp;<br><br>Die Namen der einzelnen Kinderyoga\u00fcbungen sind in der Natur und im Tierreich wiederzufinden, oft ist es auch das <span style=\"color:#d8b555\" class=\"has-inline-color\">\u2726Zauberreich\u2726<\/span> oder Weltall, um die Phantasie und das Tr\u00e4umen anzuregen.<br><br>Stille\u00fcbungen, wie das Lauschen von Klangschalen und kleine Massagen zur Selbstwahrnehmung, dienen der Entwicklung von Achtsamkeit und Vertrauen. Bei etwas gr\u00f6\u00dferen Kindern gibt es dann auch Tiefenentspannungen, die mit M\u00e4rchen oder Geschichten verbunden werden. <\/p>\n<\/div><\/div>\n\n\n\n<p>   <\/p>\n\n\n\n<p>Du m\u00f6chtest einen Yogakurs f\u00fcr die Kinder an deiner Kita, Schule oder Einrichtung? Schreibe mir so gern und wir schauen gemeinsam auf eure Bed\u00fcrfnisse mit einem individuellen Angebot, nur f\u00fcr euch.   <\/p>\n\n\n\n<p>   <\/p>\n\n\n\n<div class=\"wp-block-buttons animated heartBeat is-content-justification-center is-layout-flex wp-container-core-buttons-is-layout-16018d1d wp-block-buttons-is-layout-flex\">\n<div class=\"wp-block-button\"><a class=\"wp-block-button__link has-neve-button-color-color has-neve-link-color-background-color has-text-color has-background wp-element-button\" href=\"https:\/\/blissfulcolours.de\/willkommen\/kontakt\/\" style=\"border-radius:50px\" target=\"_blank\" rel=\"noreferrer noopener\">Deine Anfrage<\/a><\/div>\n<\/div>\n\n\n\n<p>   <\/p>\n\n\n\n<p class=\"has-text-align-center\"><span style=\"color:#d8b555\" class=\"has-inline-color\">\u2606\u2606\u2606<\/span><\/p>\n\n\n\n<p class=\"has-text-align-center animated fadeInLeft slower\"><span class=\"has-inline-color has-neve-button-color-color\">Yoga f\u00fcr Kinder ist ein Wechselspiel von Aktivit\u00e4t &amp; Ruhe sowie <\/span><br><span class=\"has-inline-color has-neve-button-color-color\">Erfahrung der Gemeinschaft &amp; Konzentration auf den K\u00f6rper.<\/span><br><span class=\"has-inline-color has-neve-button-color-color\"><br><\/span><span style=\"color:#d8b555\" class=\"has-inline-color\">\u2661 Ein Geschenk f\u00fcr jedes Kind &amp; Mama &amp; Papa \u2661<\/span><\/p>\n\n\n\n<div class=\"wp-block-buttons animated heartBeat is-content-justification-center is-layout-flex wp-container-core-buttons-is-layout-16018d1d wp-block-buttons-is-layout-flex\">\n<div class=\"wp-block-button\"><a class=\"wp-block-button__link has-neve-button-color-color has-neve-link-color-background-color has-text-color has-background wp-element-button\" href=\"https:\/\/blissfulcolours.de\/willkommen\/yoga-angebot\/\" style=\"border-radius:50px\" target=\"_blank\" rel=\"noreferrer noopener\">Zu meinen Yoga Angeboten<\/a><\/div>\n<\/div>\n\n\n\n<hr class=\"wp-block-separator has-css-opacity is-style-wide\"\/>\n\n\n<div class=\"wp-block-image\">\n<figure class=\"aligncenter size-large is-resized\"><img loading=\"lazy\" decoding=\"async\" width=\"1024\" height=\"682\" src=\"https:\/\/blissfulcolours.de\/wp-content\/uploads\/2020\/12\/WhatsApp-Image-2020-12-07-at-18.36.22-1024x682.jpeg\" alt=\"Blissfulcolours-Footer\" class=\"wp-image-1360\" style=\"width:562px;height:374px\" srcset=\"https:\/\/blissfulcolours.de\/wp-content\/uploads\/2020\/12\/WhatsApp-Image-2020-12-07-at-18.36.22-1024x682.jpeg 1024w, https:\/\/blissfulcolours.de\/wp-content\/uploads\/2020\/12\/WhatsApp-Image-2020-12-07-at-18.36.22-300x200.jpeg 300w, https:\/\/blissfulcolours.de\/wp-content\/uploads\/2020\/12\/WhatsApp-Image-2020-12-07-at-18.36.22-768x512.jpeg 768w, https:\/\/blissfulcolours.de\/wp-content\/uploads\/2020\/12\/WhatsApp-Image-2020-12-07-at-18.36.22-1536x1023.jpeg 1536w, https:\/\/blissfulcolours.de\/wp-content\/uploads\/2020\/12\/WhatsApp-Image-2020-12-07-at-18.36.22-930x620.jpeg 930w, https:\/\/blissfulcolours.de\/wp-content\/uploads\/2020\/12\/WhatsApp-Image-2020-12-07-at-18.36.22.jpeg 1600w\" sizes=\"auto, (max-width: 1024px) 100vw, 1024px\" \/><\/figure>\n<\/div>\n\n\n<hr class=\"wp-block-separator has-css-opacity is-style-wide\"\/>\n\n\n\n<div class=\"wp-block-wpzoom-blocks-social-icons is-style-without-canvas\" style=\"--wpz-social-icons-block-item-font-size:20px;--wpz-social-icons-block-item-padding-horizontal:10px;--wpz-social-icons-block-item-padding-vertical:10px;--wpz-social-icons-block-item-margin-horizontal:5px;--wpz-social-icons-block-item-margin-vertical:5px;--wpz-social-icons-block-item-border-radius:50px;--wpz-social-icons-block-label-font-size:20px;--wpz-social-icons-block-label-color:#2e3131;--wpz-social-icons-block-label-color-hover:#2e3131;--wpz-social-icons-alignment:center\"><a href=\"https:\/\/www.instagram.com\/blissfulcolours_lightup\/\" class=\"social-icon-link\" target=\"_blank\" rel=\"noopener noreferrer\" style=\"--wpz-social-icons-block-item-color:#d9b555;--wpz-social-icons-block-item-color-hover:#404040\"><span class=\"social-icon socicon socicon-instagram\"><\/span><\/a><a href=\"https:\/\/www.facebook.com\/blissfulcolours.lightup\" class=\"social-icon-link\" target=\"_blank\" rel=\"noopener noreferrer\" style=\"--wpz-social-icons-block-item-color:#d9b555;--wpz-social-icons-block-item-color-hover:#404040\"><span class=\"social-icon socicon socicon-facebook\"><\/span><\/a><a href=\"https:\/\/wordpress.org\" class=\"social-icon-link\" target=\"_blank\" rel=\"noopener noreferrer\" style=\"--wpz-social-icons-block-item-color:#d9b555;--wpz-social-icons-block-item-color-hover:#535353\"><span class=\"social-icon socicon socicon-youtube\"><\/span><\/a><\/div>\n\n\n\n<p><\/p>\n","protected":false},"excerpt":{"rendered":"<p>Yoga f\u00fcr Kinder Im Yoga f\u00fcr Kinder d\u00fcrfen die kleinen Menschen ganz sie selbst sein. Die Kinder lernen die Yoga\u00fcbungen durch einfache Nachahmung und eigenes Ausprobieren, ohne Druck und ohne Korrekturen. Sie d\u00fcrfen sich erfahren und selbst\u00e4ndig wachsen. Durch stetige kleine Erfolgserlebnisse im eigenen Tempo &#8211; zum Beispiel kann ein Bein pl\u00f6tzlich l\u00e4nger in der&hellip;&nbsp;<a href=\"https:\/\/blissfulcolours.de\/willkommen\/kinder-yoga\/\" rel=\"bookmark\">Weiterlesen &raquo;<span class=\"screen-reader-text\">Yoga f\u00fcr Kinder<\/span><\/a><\/p>\n","protected":false},"author":1,"featured_media":0,"parent":0,"menu_order":0,"comment_status":"closed","ping_status":"closed","template":"","meta":{"_monsterinsights_skip_tracking":false,"_monsterinsights_sitenote_active":false,"_monsterinsights_sitenote_note":"","_monsterinsights_sitenote_category":0,"neve_meta_sidebar":"default","neve_meta_container":"contained","neve_meta_enable_content_width":"on","neve_meta_content_width":80,"neve_meta_title_alignment":"center","neve_meta_author_avatar":"","neve_post_elements_order":"","neve_meta_disable_header":"","neve_meta_disable_footer":"","neve_meta_disable_title":"on","_themeisle_gutenberg_block_has_review":false,"footnotes":""},"class_list":["post-19","page","type-page","status-publish","hentry"],"yoast_head":"<!-- This site is optimized with the Yoast SEO plugin v27.3 - https:\/\/yoast.com\/product\/yoast-seo-wordpress\/ -->\n<title>Yoga f\u00fcr Kinder - Blissful-Colours<\/title>\n<meta name=\"robots\" content=\"index, follow, max-snippet:-1, max-image-preview:large, max-video-preview:-1\" \/>\n<link rel=\"canonical\" href=\"https:\/\/blissfulcolours.de\/willkommen\/kinder-yoga\/\" \/>\n<meta property=\"og:locale\" content=\"de_DE\" \/>\n<meta property=\"og:type\" content=\"article\" \/>\n<meta property=\"og:title\" content=\"Yoga f\u00fcr Kinder - Blissful-Colours\" \/>\n<meta property=\"og:description\" content=\"Yoga f\u00fcr Kinder Im Yoga f\u00fcr Kinder d\u00fcrfen die kleinen Menschen ganz sie selbst sein. Die Kinder lernen die Yoga\u00fcbungen durch einfache Nachahmung und eigenes Ausprobieren, ohne Druck und ohne Korrekturen. Sie d\u00fcrfen sich erfahren und selbst\u00e4ndig wachsen. Durch stetige kleine Erfolgserlebnisse im eigenen Tempo &#8211; zum Beispiel kann ein Bein pl\u00f6tzlich l\u00e4nger in der&hellip;&nbsp;Weiterlesen &raquo;Yoga f\u00fcr Kinder\" \/>\n<meta property=\"og:url\" content=\"https:\/\/blissfulcolours.de\/willkommen\/kinder-yoga\/\" \/>\n<meta property=\"og:site_name\" content=\"Blissful-Colours\" \/>\n<meta property=\"article:modified_time\" content=\"2026-01-19T11:54:54+00:00\" \/>\n<meta property=\"og:image\" content=\"https:\/\/blissfulcolours.de\/wp-content\/uploads\/2020\/12\/Design-ohne-Titel-1-1024x1024.png\" \/>\n\t<meta property=\"og:image:width\" content=\"1024\" \/>\n\t<meta property=\"og:image:height\" content=\"1024\" \/>\n\t<meta property=\"og:image:type\" content=\"image\/png\" \/>\n<meta name=\"twitter:card\" content=\"summary_large_image\" \/>\n<meta name=\"twitter:label1\" content=\"Gesch\u00e4tzte Lesezeit\" \/>\n\t<meta name=\"twitter:data1\" content=\"3\u00a0Minuten\" \/>\n<script type=\"application\/ld+json\" class=\"yoast-schema-graph\">{\"@context\":\"https:\\\/\\\/schema.org\",\"@graph\":[{\"@type\":\"WebPage\",\"@id\":\"https:\\\/\\\/blissfulcolours.de\\\/willkommen\\\/kinder-yoga\\\/\",\"url\":\"https:\\\/\\\/blissfulcolours.de\\\/willkommen\\\/kinder-yoga\\\/\",\"name\":\"Yoga f\u00fcr Kinder - Blissful-Colours\",\"isPartOf\":{\"@id\":\"https:\\\/\\\/blissfulcolours.de\\\/willkommen\\\/#website\"},\"primaryImageOfPage\":{\"@id\":\"https:\\\/\\\/blissfulcolours.de\\\/willkommen\\\/kinder-yoga\\\/#primaryimage\"},\"image\":{\"@id\":\"https:\\\/\\\/blissfulcolours.de\\\/willkommen\\\/kinder-yoga\\\/#primaryimage\"},\"thumbnailUrl\":\"https:\\\/\\\/blissfulcolours.de\\\/wp-content\\\/uploads\\\/2020\\\/12\\\/Design-ohne-Titel-1-1024x1024.png\",\"datePublished\":\"2020-09-27T16:24:56+00:00\",\"dateModified\":\"2026-01-19T11:54:54+00:00\",\"breadcrumb\":{\"@id\":\"https:\\\/\\\/blissfulcolours.de\\\/willkommen\\\/kinder-yoga\\\/#breadcrumb\"},\"inLanguage\":\"de\",\"potentialAction\":[{\"@type\":\"ReadAction\",\"target\":[\"https:\\\/\\\/blissfulcolours.de\\\/willkommen\\\/kinder-yoga\\\/\"]}]},{\"@type\":\"ImageObject\",\"inLanguage\":\"de\",\"@id\":\"https:\\\/\\\/blissfulcolours.de\\\/willkommen\\\/kinder-yoga\\\/#primaryimage\",\"url\":\"https:\\\/\\\/blissfulcolours.de\\\/wp-content\\\/uploads\\\/2020\\\/12\\\/Design-ohne-Titel-1-1024x1024.png\",\"contentUrl\":\"https:\\\/\\\/blissfulcolours.de\\\/wp-content\\\/uploads\\\/2020\\\/12\\\/Design-ohne-Titel-1-1024x1024.png\"},{\"@type\":\"BreadcrumbList\",\"@id\":\"https:\\\/\\\/blissfulcolours.de\\\/willkommen\\\/kinder-yoga\\\/#breadcrumb\",\"itemListElement\":[{\"@type\":\"ListItem\",\"position\":1,\"name\":\"Home\",\"item\":\"https:\\\/\\\/blissfulcolours.de\\\/willkommen\\\/\"},{\"@type\":\"ListItem\",\"position\":2,\"name\":\"Yoga f\u00fcr Kinder\"}]},{\"@type\":\"WebSite\",\"@id\":\"https:\\\/\\\/blissfulcolours.de\\\/willkommen\\\/#website\",\"url\":\"https:\\\/\\\/blissfulcolours.de\\\/willkommen\\\/\",\"name\":\"Blissful-Colours\",\"description\":\"Vital Food Balance Yoga\",\"publisher\":{\"@id\":\"https:\\\/\\\/blissfulcolours.de\\\/willkommen\\\/#organization\"},\"potentialAction\":[{\"@type\":\"SearchAction\",\"target\":{\"@type\":\"EntryPoint\",\"urlTemplate\":\"https:\\\/\\\/blissfulcolours.de\\\/willkommen\\\/?s={search_term_string}\"},\"query-input\":{\"@type\":\"PropertyValueSpecification\",\"valueRequired\":true,\"valueName\":\"search_term_string\"}}],\"inLanguage\":\"de\"},{\"@type\":\"Organization\",\"@id\":\"https:\\\/\\\/blissfulcolours.de\\\/willkommen\\\/#organization\",\"name\":\"Blissful-Colours\",\"url\":\"https:\\\/\\\/blissfulcolours.de\\\/willkommen\\\/\",\"logo\":{\"@type\":\"ImageObject\",\"inLanguage\":\"de\",\"@id\":\"https:\\\/\\\/blissfulcolours.de\\\/willkommen\\\/#\\\/schema\\\/logo\\\/image\\\/\",\"url\":\"https:\\\/\\\/blissfulcolours.de\\\/wp-content\\\/uploads\\\/2020\\\/12\\\/cropped-Logos_Logo_Komplett_schwarz-1.png\",\"contentUrl\":\"https:\\\/\\\/blissfulcolours.de\\\/wp-content\\\/uploads\\\/2020\\\/12\\\/cropped-Logos_Logo_Komplett_schwarz-1.png\",\"width\":640,\"height\":377,\"caption\":\"Blissful-Colours\"},\"image\":{\"@id\":\"https:\\\/\\\/blissfulcolours.de\\\/willkommen\\\/#\\\/schema\\\/logo\\\/image\\\/\"}}]}<\/script>\n<!-- \/ Yoast SEO plugin. -->","yoast_head_json":{"title":"Yoga f\u00fcr Kinder - Blissful-Colours","robots":{"index":"index","follow":"follow","max-snippet":"max-snippet:-1","max-image-preview":"max-image-preview:large","max-video-preview":"max-video-preview:-1"},"canonical":"https:\/\/blissfulcolours.de\/willkommen\/kinder-yoga\/","og_locale":"de_DE","og_type":"article","og_title":"Yoga f\u00fcr Kinder - Blissful-Colours","og_description":"Yoga f\u00fcr Kinder Im Yoga f\u00fcr Kinder d\u00fcrfen die kleinen Menschen ganz sie selbst sein. Die Kinder lernen die Yoga\u00fcbungen durch einfache Nachahmung und eigenes Ausprobieren, ohne Druck und ohne Korrekturen. Sie d\u00fcrfen sich erfahren und selbst\u00e4ndig wachsen. Durch stetige kleine Erfolgserlebnisse im eigenen Tempo &#8211; zum Beispiel kann ein Bein pl\u00f6tzlich l\u00e4nger in der&hellip;&nbsp;Weiterlesen &raquo;Yoga f\u00fcr Kinder","og_url":"https:\/\/blissfulcolours.de\/willkommen\/kinder-yoga\/","og_site_name":"Blissful-Colours","article_modified_time":"2026-01-19T11:54:54+00:00","og_image":[{"width":1024,"height":1024,"url":"https:\/\/blissfulcolours.de\/wp-content\/uploads\/2020\/12\/Design-ohne-Titel-1-1024x1024.png","type":"image\/png"}],"twitter_card":"summary_large_image","twitter_misc":{"Gesch\u00e4tzte Lesezeit":"3\u00a0Minuten"},"schema":{"@context":"https:\/\/schema.org","@graph":[{"@type":"WebPage","@id":"https:\/\/blissfulcolours.de\/willkommen\/kinder-yoga\/","url":"https:\/\/blissfulcolours.de\/willkommen\/kinder-yoga\/","name":"Yoga f\u00fcr Kinder - Blissful-Colours","isPartOf":{"@id":"https:\/\/blissfulcolours.de\/willkommen\/#website"},"primaryImageOfPage":{"@id":"https:\/\/blissfulcolours.de\/willkommen\/kinder-yoga\/#primaryimage"},"image":{"@id":"https:\/\/blissfulcolours.de\/willkommen\/kinder-yoga\/#primaryimage"},"thumbnailUrl":"https:\/\/blissfulcolours.de\/wp-content\/uploads\/2020\/12\/Design-ohne-Titel-1-1024x1024.png","datePublished":"2020-09-27T16:24:56+00:00","dateModified":"2026-01-19T11:54:54+00:00","breadcrumb":{"@id":"https:\/\/blissfulcolours.de\/willkommen\/kinder-yoga\/#breadcrumb"},"inLanguage":"de","potentialAction":[{"@type":"ReadAction","target":["https:\/\/blissfulcolours.de\/willkommen\/kinder-yoga\/"]}]},{"@type":"ImageObject","inLanguage":"de","@id":"https:\/\/blissfulcolours.de\/willkommen\/kinder-yoga\/#primaryimage","url":"https:\/\/blissfulcolours.de\/wp-content\/uploads\/2020\/12\/Design-ohne-Titel-1-1024x1024.png","contentUrl":"https:\/\/blissfulcolours.de\/wp-content\/uploads\/2020\/12\/Design-ohne-Titel-1-1024x1024.png"},{"@type":"BreadcrumbList","@id":"https:\/\/blissfulcolours.de\/willkommen\/kinder-yoga\/#breadcrumb","itemListElement":[{"@type":"ListItem","position":1,"name":"Home","item":"https:\/\/blissfulcolours.de\/willkommen\/"},{"@type":"ListItem","position":2,"name":"Yoga f\u00fcr Kinder"}]},{"@type":"WebSite","@id":"https:\/\/blissfulcolours.de\/willkommen\/#website","url":"https:\/\/blissfulcolours.de\/willkommen\/","name":"Blissful-Colours","description":"Vital Food Balance Yoga","publisher":{"@id":"https:\/\/blissfulcolours.de\/willkommen\/#organization"},"potentialAction":[{"@type":"SearchAction","target":{"@type":"EntryPoint","urlTemplate":"https:\/\/blissfulcolours.de\/willkommen\/?s={search_term_string}"},"query-input":{"@type":"PropertyValueSpecification","valueRequired":true,"valueName":"search_term_string"}}],"inLanguage":"de"},{"@type":"Organization","@id":"https:\/\/blissfulcolours.de\/willkommen\/#organization","name":"Blissful-Colours","url":"https:\/\/blissfulcolours.de\/willkommen\/","logo":{"@type":"ImageObject","inLanguage":"de","@id":"https:\/\/blissfulcolours.de\/willkommen\/#\/schema\/logo\/image\/","url":"https:\/\/blissfulcolours.de\/wp-content\/uploads\/2020\/12\/cropped-Logos_Logo_Komplett_schwarz-1.png","contentUrl":"https:\/\/blissfulcolours.de\/wp-content\/uploads\/2020\/12\/cropped-Logos_Logo_Komplett_schwarz-1.png","width":640,"height":377,"caption":"Blissful-Colours"},"image":{"@id":"https:\/\/blissfulcolours.de\/willkommen\/#\/schema\/logo\/image\/"}}]}},"_links":{"self":[{"href":"https:\/\/blissfulcolours.de\/willkommen\/wp-json\/wp\/v2\/pages\/19","targetHints":{"allow":["GET"]}}],"collection":[{"href":"https:\/\/blissfulcolours.de\/willkommen\/wp-json\/wp\/v2\/pages"}],"about":[{"href":"https:\/\/blissfulcolours.de\/willkommen\/wp-json\/wp\/v2\/types\/page"}],"author":[{"embeddable":true,"href":"https:\/\/blissfulcolours.de\/willkommen\/wp-json\/wp\/v2\/users\/1"}],"replies":[{"embeddable":true,"href":"https:\/\/blissfulcolours.de\/willkommen\/wp-json\/wp\/v2\/comments?post=19"}],"version-history":[{"count":14,"href":"https:\/\/blissfulcolours.de\/willkommen\/wp-json\/wp\/v2\/pages\/19\/revisions"}],"predecessor-version":[{"id":2190,"href":"https:\/\/blissfulcolours.de\/willkommen\/wp-json\/wp\/v2\/pages\/19\/revisions\/2190"}],"wp:attachment":[{"href":"https:\/\/blissfulcolours.de\/willkommen\/wp-json\/wp\/v2\/media?parent=19"}],"curies":[{"name":"wp","href":"https:\/\/api.w.org\/{rel}","templated":true}]}}