{"id":46,"date":"2020-09-27T17:00:32","date_gmt":"2020-09-27T17:00:32","guid":{"rendered":"http:\/\/localhost:10018\/?page_id=46"},"modified":"2021-11-07T14:08:47","modified_gmt":"2021-11-07T14:08:47","slug":"impressum","status":"publish","type":"page","link":"https:\/\/blissfulcolours.de\/willkommen\/impressum\/","title":{"rendered":"Impressum"},"content":{"rendered":"\n<p> <\/p>\n\n\n\n<p><strong>IMPRESSUM &amp; HAFTUNG <\/strong><br><br><strong>Angaben gem\u00e4\u00df \u00a7 5 TMG<\/strong><br>Blissful Colours<br>Nathalie Mingaut<br>Hielscherstra\u00dfe 45<br>13158 Berlin, Deutschland<br><br><strong>Kontakt<\/strong><br>Telefon: +49 (0) 176 363 85900<br>E-Mail: <a rel=\"noreferrer noopener\" href=\"mailto:iam@blissfulcolours.de\" target=\"_blank\">iam@blissfulcolours.de<\/a> <br>Website: <a rel=\"noreferrer noopener\" href=\"http:\/\/www.blissfulcolours.de\" target=\"_blank\">www.blissfulcolours.de<\/a><br>Umsatzsteuer-ID: DE327575429<br>Steuernummer: 35\/445\/02250<br><br><strong>Verantwortlich f\u00fcr den Inhalt nach \u00a7 55 Abs. 2 RStV<\/strong><br>Nathalie Mingaut<\/p>\n\n\n\n<p>Das Impressum gilt auch f\u00fcr folgende Onlinepr\u00e4senzen:<br>Instagram: <a href=\"https:\/\/www.instagram.com\/blissfulcolours_lightup\/\" target=\"_blank\" rel=\"noreferrer noopener\">https:\/\/www.instagram.com\/blissfulcolours_lightup\/<\/a><br>Facebook: <a href=\"https:\/\/www.facebook.com\/blissfulcolours.lightup\" target=\"_blank\" rel=\"noreferrer noopener\">https:\/\/www.facebook.com\/blissfulcolours.lightup<\/a><br>Xing: <a href=\"https:\/\/www.xing.com\/profile\/Nathalie_Mingaut\/cv\" target=\"_blank\" rel=\"noreferrer noopener nofollow\">https:\/\/www.xing.com\/profile\/Nathalie_Mingaut\/cv<\/a><br>LinkedIn: <a href=\"https:\/\/www.linkedin.com\/in\/nathalie-mingaut-78556516a\/\" target=\"_blank\" rel=\"noreferrer noopener nofollow\">https:\/\/www.linkedin.com\/in\/nathalie-mingaut-78556516a\/<\/a><br>YouTube: <a href=\"https:\/\/www.youtube.com\/channel\/UCEGkUri0XsFma3wXwBkrs1g\/about?\" target=\"_blank\" rel=\"noreferrer noopener nofollow\">https:\/\/www.youtube.com\/channel\/UCEGkUri0XsFma3wXwBkrs1g\/about?<\/a><\/p>\n\n\n\n<p><strong>Streitschlichtung und -beilegung<\/strong><\/p>\n\n\n\n<p>Die EU-Kommission h\u00e4lt eine Plattform f\u00fcr au\u00dfergerichtliche Streitschlichtung bereit. Verbrauchern gibt dies die M\u00f6glichkeit, Streitigkeiten im Zusammenhang mit Ihrer Online-Bestellung bzw. mit dem Online-Angebot zun\u00e4chst ohne die Einschaltung eines Gerichts zu kl\u00e4ren. Die Streitbeilegung-Plattform ist unter dem externen Link <a rel=\"noreferrer noopener\" href=\"https:\/\/ec.europa.eu\/consumers\/odr\" target=\"_blank\">https:\/\/ec.europa.eu\/consumers\/odr <\/a>erreichbar. In diesem Zusammenhang sind wir gesetzlich verpflichtet, Sie auf meine E-Mail-Adresse iam@blissfulcolours.de hinzuweisen. Wir sind bem\u00fcht, eventuelle Meinungsverschiedenheiten aus unserem Vertrag einvernehmlich beizulegen. Dar\u00fcber hinaus sind wir zu einer Teilnahme an einem Schlichtungsverfahren nicht verpflichtet und k\u00f6nnen Ihnen die Teilnahme an einem solchen Verfahren auch nicht anbieten.<br>Haftung f\u00fcr Inhalte<br>Die auf dieser Website bereitgestellten Informationen dienen der allgemeinen Information und stellen keine Beratung dar (s. auch den Hinweis zu Beratungen weiter unten). Die Autorin dieser Website hat alle zumutbaren Schritte unternommen um sicherzustellen, dass die Informationen auf dieser Website zum Zeitpunkt der Ver\u00f6ffentlichung aktuell, richtig und vollst\u00e4ndig sind. Die Autorin \u00fcbernimmt keine Haftung f\u00fcr Fehler oder Unterlassungen und f\u00fcr die Folgen der Benutzung der auf dieser Website bereitgestellten Informationen oder der Website selbst (s. auch Haftung f\u00fcr Links).<br>Als Diensteanbieter sind wir gem\u00e4\u00df \u00a7 7 TMG f\u00fcr eigene Inhalte auf diesen Seiten nach den allgemeinen Gesetzen verantwortlich. Wir sind als Diensteanbieter jedoch nicht verpflichtet, \u00fcbermittelte oder gespeicherte fremde Informationen zu \u00fcberwachen oder nach Umst\u00e4nden zu forschen, die auf eine rechtswidrige T\u00e4tigkeit hinweisen. Verpflichtungen zur Entfernung oder Sperrung der Nutzung von Informationen nach den allgemeinen Gesetzen bleiben hiervon unber\u00fchrt. Eine diesbez\u00fcgliche Haftung ist jedoch erst ab dem Zeitpunkt der Kenntnis einer konkreten Rechtsverletzung m\u00f6glich. Bei Bekanntwerden von entsprechenden Rechtsverletzungen werden wir diese Inhalte umgehend entfernen.<br>Haftung f\u00fcr Links<br>Unser Angebot enth\u00e4lt Links zu externen Websites Dritter, auf deren Inhalte wir keinen Einfluss haben. Deshalb k\u00f6nnen wir f\u00fcr diese fremden Inhalte auch keine Gew\u00e4hr \u00fcbernehmen. F\u00fcr die Inhalte der verlinkten Seiten ist stets der jeweilige Anbieter oder Betreiber der Seiten verantwortlich. Rechtswidrige Inhalte waren zum Zeitpunkt der Verlinkung im Rahmen einer zumutbaren Pr\u00fcfung nicht erkennbar. Eine permanente inhaltliche Kontrolle der verlinkten Seiten ist jedoch ohne konkrete Anhaltspunkte einer Rechtsverletzung nicht zumutbar. Bei Bekanntwerden von Rechtsverletzungen werden wir derartige Links umgehend entfernen.<br>Urheberrecht<br>Die durch die Seitenbetreiber erstellten Inhalte und Werke auf diesen Seiten unterliegen dem deutschen Urheberrecht. Die Vervielf\u00e4ltigung, Bearbeitung, Verbreitung und jede Art der Verwertung au\u00dferhalb der Grenzen des Urheberrechtes bed\u00fcrfen der schriftlichen Zustimmung der Autoren bzw. Betreiber. Downloads und Kopien dieser Seite sind nur f\u00fcr den privaten, nicht kommerziellen Gebrauch gestattet.<br>Soweit die Inhalte auf dieser Seite nicht vom Betreiber erstellt wurden, werden die Urheberrechte Dritter beachtet. Sollten Sie trotzdem auf eine Urheberrechtsverletzung aufmerksam werden, bitten wir um einen entsprechenden Hinweis. Bei Bekanntwerden von Rechtsverletzungen werden wir derartige Inhalte umgehend entfernen.<br><br><strong>GRAFIK &amp; WEBDESIGN<\/strong><br>In Zusammenarbeit mit: Sebastian Gropp Design by Sebastian Gropp \u00a9 2021<br>Email: <a rel=\"noreferrer noopener\" href=\"mailto:sebastian.gropp@icloud.com\" target=\"_blank\">sebastian.gropp@icloud.com<\/a><br><br><strong>FOTOGRAPHIE<\/strong><br>Stephanie Potyka Fotographie<br>Eigene Fotographien\u30fbNathalie Mingaut<br>Erwerb und Nutzung von Fotographien \u00fcber die Plattform <a rel=\"noreferrer noopener nofollow\" href=\"http:\/\/www.canva.com\" target=\"_blank\">www.canva.com<\/a><br><br><strong>MARKE<\/strong><br>Die Begriffe AromaTouch\u00ae\u00a0Technique sowie d\u014dTERRA&#x2122;&#xfe0f; sind &#8211; zum Zeitpunkt der Erstellung und Ver\u00f6ffentlichung der Website und Informationen &#8211; eingetragene Marken der Doterra Holdings, LLC. Im Rahmen der Nennung, Vermarktung und Anwendung der AromaTouch\u00ae Methode sowie der Beratung und des Vertriebs \u00e4therischer \u00d6le von d\u014dTERRA&#x2122;&#xfe0f; trete ich als unabh\u00e4ngige Produktberaterin auf.<br>Die Autorin \u00fcbernimmt auch in diesem Zusammenhang keinerlei Gew\u00e4hr f\u00fcr die Korrektheit und Vollst\u00e4ndigkeit der erstellten Informationen. Haftungsanspr\u00fcche gegen die Autorin, die durch die Nutzung oder Nichtnutzung der dargebotenen Informationen bzw. durch die Nutzung fehlerhafter und unvollst\u00e4ndiger Informationen verursacht wurden, sind grunds\u00e4tzlich ausgeschlossen.<br>Haftung im Rahmen meiner T\u00e4tigkeiten<br>Die Informationen und Beschreibungen auf dieser Website sowie auch auf meinen sonstigen Kan\u00e4len dienen der Inspiration und Information und stellen keine Beratung dar.<br>Meine T\u00e4tigkeit als zertifizierte Gesundheits-, Vitalkost- und Lebensberaterin sowie als Yogalehrerin ist keine Aus\u00fcbung der Heilkunde und stellt keine diagnostische oder therapeutische T\u00e4tigkeit dar. In Deutschland ist es ausschlie\u00dflich \u00c4rzten und Heilpraktiker vorbehalten, Diagnosen stellen und die Heilkunde zu betreiben. S\u00e4mtliche Empfehlungen meinerseits dienen der Gesundheitsf\u00f6rderung &amp; Pr\u00e4vention. Gemeinsam schaffen wir Voraussetzungen f\u00fcr Gesundheit. Suche daher bei Verdacht auf eine Erkrankung zuerst einen Arzt auf. Meine T\u00e4tigkeiten beruhen auf meinen Erfahrungen, meinem Wissen und fundierten Ausbildungen. Meine Beratung und Anwendungen werden mit Bedacht und Achtsamkeit gestaltet, um jegliche Sch\u00e4den auszuschlie\u00dfen. Ich lade dich ein, diese Achtsamkeit in unserer Zusammenarbeit ebenfalls anzuwenden. Ern\u00e4hrungspl\u00e4ne und Supplemente (Nahrungserg\u00e4nzungsmittel) solltest du bei diagnostizierten Erkrankungen, Symptomen und Medikamenteneinnahme ebenfalls \u00e4rztlich abzustimmen. Ich arbeite gern auch in Abstimmung mit deinem Arzt oder Heilpraktiker, z.B. hinsichtlich Ern\u00e4hrungspl\u00e4nen. S\u00e4mtliche T\u00e4tigkeiten &#8211; meine Beratung sowie die gesundheitspraktischen Anwendungen als auch der Yogaunterricht &#8211; sind <strong>kein<\/strong> Ersatz f\u00fcr eine \u00e4rztliche eine Behandlung.<\/p>\n","protected":false},"excerpt":{"rendered":"<p>IMPRESSUM &amp; HAFTUNG Angaben gem\u00e4\u00df \u00a7 5 TMGBlissful ColoursNathalie MingautHielscherstra\u00dfe 4513158 Berlin, Deutschland KontaktTelefon: +49 (0) 176 363 85900E-Mail: iam@blissfulcolours.de Website: www.blissfulcolours.deUmsatzsteuer-ID: DE327575429Steuernummer: 35\/445\/02250 Verantwortlich f\u00fcr den Inhalt nach \u00a7 55 Abs. 2 RStVNathalie Mingaut Das Impressum gilt auch f\u00fcr folgende Onlinepr\u00e4senzen:Instagram: https:\/\/www.instagram.com\/blissfulcolours_lightup\/Facebook: https:\/\/www.facebook.com\/blissfulcolours.lightupXing: https:\/\/www.xing.com\/profile\/Nathalie_Mingaut\/cvLinkedIn: https:\/\/www.linkedin.com\/in\/nathalie-mingaut-78556516a\/YouTube: https:\/\/www.youtube.com\/channel\/UCEGkUri0XsFma3wXwBkrs1g\/about? Streitschlichtung und -beilegung Die EU-Kommission h\u00e4lt eine Plattform&hellip;&nbsp;<a href=\"https:\/\/blissfulcolours.de\/willkommen\/impressum\/\" rel=\"bookmark\">Weiterlesen &raquo;<span class=\"screen-reader-text\">Impressum<\/span><\/a><\/p>\n","protected":false},"author":1,"featured_media":0,"parent":0,"menu_order":0,"comment_status":"closed","ping_status":"closed","template":"","meta":{"_monsterinsights_skip_tracking":false,"_monsterinsights_sitenote_active":false,"_monsterinsights_sitenote_note":"","_monsterinsights_sitenote_category":0,"neve_meta_sidebar":"full-width","neve_meta_container":"","neve_meta_enable_content_width":"on","neve_meta_content_width":90,"neve_meta_title_alignment":"center","neve_meta_author_avatar":"","neve_post_elements_order":"","neve_meta_disable_header":"","neve_meta_disable_footer":"","neve_meta_disable_title":"on","_themeisle_gutenberg_block_has_review":false,"footnotes":""},"class_list":["post-46","page","type-page","status-publish","hentry"],"yoast_head":"<!-- This site is optimized with the Yoast SEO plugin v27.4 - https:\/\/yoast.com\/product\/yoast-seo-wordpress\/ -->\n<title>Impressum - Blissful-Colours<\/title>\n<meta name=\"robots\" content=\"index, follow, max-snippet:-1, max-image-preview:large, max-video-preview:-1\" \/>\n<link rel=\"canonical\" href=\"https:\/\/blissfulcolours.de\/willkommen\/impressum\/\" \/>\n<meta property=\"og:locale\" content=\"de_DE\" \/>\n<meta property=\"og:type\" content=\"article\" \/>\n<meta property=\"og:title\" content=\"Impressum - Blissful-Colours\" \/>\n<meta property=\"og:description\" content=\"IMPRESSUM &amp; HAFTUNG Angaben gem\u00e4\u00df \u00a7 5 TMGBlissful ColoursNathalie MingautHielscherstra\u00dfe 4513158 Berlin, Deutschland KontaktTelefon: +49 (0) 176 363 85900E-Mail: iam@blissfulcolours.de Website: www.blissfulcolours.deUmsatzsteuer-ID: DE327575429Steuernummer: 35\/445\/02250 Verantwortlich f\u00fcr den Inhalt nach \u00a7 55 Abs. 2 RStVNathalie Mingaut Das Impressum gilt auch f\u00fcr folgende Onlinepr\u00e4senzen:Instagram: https:\/\/www.instagram.com\/blissfulcolours_lightup\/Facebook: https:\/\/www.facebook.com\/blissfulcolours.lightupXing: https:\/\/www.xing.com\/profile\/Nathalie_Mingaut\/cvLinkedIn: https:\/\/www.linkedin.com\/in\/nathalie-mingaut-78556516a\/YouTube: https:\/\/www.youtube.com\/channel\/UCEGkUri0XsFma3wXwBkrs1g\/about? Streitschlichtung und -beilegung Die EU-Kommission h\u00e4lt eine Plattform&hellip;&nbsp;Weiterlesen &raquo;Impressum\" \/>\n<meta property=\"og:url\" content=\"https:\/\/blissfulcolours.de\/willkommen\/impressum\/\" \/>\n<meta property=\"og:site_name\" content=\"Blissful-Colours\" \/>\n<meta property=\"article:modified_time\" content=\"2021-11-07T14:08:47+00:00\" \/>\n<meta name=\"twitter:card\" content=\"summary_large_image\" \/>\n<meta name=\"twitter:label1\" content=\"Gesch\u00e4tzte Lesezeit\" \/>\n\t<meta name=\"twitter:data1\" content=\"4\u00a0Minuten\" \/>\n<script type=\"application\/ld+json\" class=\"yoast-schema-graph\">{\"@context\":\"https:\\\/\\\/schema.org\",\"@graph\":[{\"@type\":\"WebPage\",\"@id\":\"https:\\\/\\\/blissfulcolours.de\\\/willkommen\\\/impressum\\\/\",\"url\":\"https:\\\/\\\/blissfulcolours.de\\\/willkommen\\\/impressum\\\/\",\"name\":\"Impressum - Blissful-Colours\",\"isPartOf\":{\"@id\":\"https:\\\/\\\/blissfulcolours.de\\\/willkommen\\\/#website\"},\"datePublished\":\"2020-09-27T17:00:32+00:00\",\"dateModified\":\"2021-11-07T14:08:47+00:00\",\"breadcrumb\":{\"@id\":\"https:\\\/\\\/blissfulcolours.de\\\/willkommen\\\/impressum\\\/#breadcrumb\"},\"inLanguage\":\"de\",\"potentialAction\":[{\"@type\":\"ReadAction\",\"target\":[\"https:\\\/\\\/blissfulcolours.de\\\/willkommen\\\/impressum\\\/\"]}]},{\"@type\":\"BreadcrumbList\",\"@id\":\"https:\\\/\\\/blissfulcolours.de\\\/willkommen\\\/impressum\\\/#breadcrumb\",\"itemListElement\":[{\"@type\":\"ListItem\",\"position\":1,\"name\":\"Home\",\"item\":\"https:\\\/\\\/blissfulcolours.de\\\/willkommen\\\/\"},{\"@type\":\"ListItem\",\"position\":2,\"name\":\"Impressum\"}]},{\"@type\":\"WebSite\",\"@id\":\"https:\\\/\\\/blissfulcolours.de\\\/willkommen\\\/#website\",\"url\":\"https:\\\/\\\/blissfulcolours.de\\\/willkommen\\\/\",\"name\":\"Blissful-Colours\",\"description\":\"Vital Food Balance Yoga\",\"publisher\":{\"@id\":\"https:\\\/\\\/blissfulcolours.de\\\/willkommen\\\/#organization\"},\"potentialAction\":[{\"@type\":\"SearchAction\",\"target\":{\"@type\":\"EntryPoint\",\"urlTemplate\":\"https:\\\/\\\/blissfulcolours.de\\\/willkommen\\\/?s={search_term_string}\"},\"query-input\":{\"@type\":\"PropertyValueSpecification\",\"valueRequired\":true,\"valueName\":\"search_term_string\"}}],\"inLanguage\":\"de\"},{\"@type\":\"Organization\",\"@id\":\"https:\\\/\\\/blissfulcolours.de\\\/willkommen\\\/#organization\",\"name\":\"Blissful-Colours\",\"url\":\"https:\\\/\\\/blissfulcolours.de\\\/willkommen\\\/\",\"logo\":{\"@type\":\"ImageObject\",\"inLanguage\":\"de\",\"@id\":\"https:\\\/\\\/blissfulcolours.de\\\/willkommen\\\/#\\\/schema\\\/logo\\\/image\\\/\",\"url\":\"https:\\\/\\\/blissfulcolours.de\\\/wp-content\\\/uploads\\\/2020\\\/12\\\/cropped-Logos_Logo_Komplett_schwarz-1.png\",\"contentUrl\":\"https:\\\/\\\/blissfulcolours.de\\\/wp-content\\\/uploads\\\/2020\\\/12\\\/cropped-Logos_Logo_Komplett_schwarz-1.png\",\"width\":640,\"height\":377,\"caption\":\"Blissful-Colours\"},\"image\":{\"@id\":\"https:\\\/\\\/blissfulcolours.de\\\/willkommen\\\/#\\\/schema\\\/logo\\\/image\\\/\"}}]}<\/script>\n<!-- \/ Yoast SEO plugin. -->","yoast_head_json":{"title":"Impressum - Blissful-Colours","robots":{"index":"index","follow":"follow","max-snippet":"max-snippet:-1","max-image-preview":"max-image-preview:large","max-video-preview":"max-video-preview:-1"},"canonical":"https:\/\/blissfulcolours.de\/willkommen\/impressum\/","og_locale":"de_DE","og_type":"article","og_title":"Impressum - Blissful-Colours","og_description":"IMPRESSUM &amp; HAFTUNG Angaben gem\u00e4\u00df \u00a7 5 TMGBlissful ColoursNathalie MingautHielscherstra\u00dfe 4513158 Berlin, Deutschland KontaktTelefon: +49 (0) 176 363 85900E-Mail: iam@blissfulcolours.de Website: www.blissfulcolours.deUmsatzsteuer-ID: DE327575429Steuernummer: 35\/445\/02250 Verantwortlich f\u00fcr den Inhalt nach \u00a7 55 Abs. 2 RStVNathalie Mingaut Das Impressum gilt auch f\u00fcr folgende Onlinepr\u00e4senzen:Instagram: https:\/\/www.instagram.com\/blissfulcolours_lightup\/Facebook: https:\/\/www.facebook.com\/blissfulcolours.lightupXing: https:\/\/www.xing.com\/profile\/Nathalie_Mingaut\/cvLinkedIn: https:\/\/www.linkedin.com\/in\/nathalie-mingaut-78556516a\/YouTube: https:\/\/www.youtube.com\/channel\/UCEGkUri0XsFma3wXwBkrs1g\/about? Streitschlichtung und -beilegung Die EU-Kommission h\u00e4lt eine Plattform&hellip;&nbsp;Weiterlesen &raquo;Impressum","og_url":"https:\/\/blissfulcolours.de\/willkommen\/impressum\/","og_site_name":"Blissful-Colours","article_modified_time":"2021-11-07T14:08:47+00:00","twitter_card":"summary_large_image","twitter_misc":{"Gesch\u00e4tzte Lesezeit":"4\u00a0Minuten"},"schema":{"@context":"https:\/\/schema.org","@graph":[{"@type":"WebPage","@id":"https:\/\/blissfulcolours.de\/willkommen\/impressum\/","url":"https:\/\/blissfulcolours.de\/willkommen\/impressum\/","name":"Impressum - Blissful-Colours","isPartOf":{"@id":"https:\/\/blissfulcolours.de\/willkommen\/#website"},"datePublished":"2020-09-27T17:00:32+00:00","dateModified":"2021-11-07T14:08:47+00:00","breadcrumb":{"@id":"https:\/\/blissfulcolours.de\/willkommen\/impressum\/#breadcrumb"},"inLanguage":"de","potentialAction":[{"@type":"ReadAction","target":["https:\/\/blissfulcolours.de\/willkommen\/impressum\/"]}]},{"@type":"BreadcrumbList","@id":"https:\/\/blissfulcolours.de\/willkommen\/impressum\/#breadcrumb","itemListElement":[{"@type":"ListItem","position":1,"name":"Home","item":"https:\/\/blissfulcolours.de\/willkommen\/"},{"@type":"ListItem","position":2,"name":"Impressum"}]},{"@type":"WebSite","@id":"https:\/\/blissfulcolours.de\/willkommen\/#website","url":"https:\/\/blissfulcolours.de\/willkommen\/","name":"Blissful-Colours","description":"Vital Food Balance Yoga","publisher":{"@id":"https:\/\/blissfulcolours.de\/willkommen\/#organization"},"potentialAction":[{"@type":"SearchAction","target":{"@type":"EntryPoint","urlTemplate":"https:\/\/blissfulcolours.de\/willkommen\/?s={search_term_string}"},"query-input":{"@type":"PropertyValueSpecification","valueRequired":true,"valueName":"search_term_string"}}],"inLanguage":"de"},{"@type":"Organization","@id":"https:\/\/blissfulcolours.de\/willkommen\/#organization","name":"Blissful-Colours","url":"https:\/\/blissfulcolours.de\/willkommen\/","logo":{"@type":"ImageObject","inLanguage":"de","@id":"https:\/\/blissfulcolours.de\/willkommen\/#\/schema\/logo\/image\/","url":"https:\/\/blissfulcolours.de\/wp-content\/uploads\/2020\/12\/cropped-Logos_Logo_Komplett_schwarz-1.png","contentUrl":"https:\/\/blissfulcolours.de\/wp-content\/uploads\/2020\/12\/cropped-Logos_Logo_Komplett_schwarz-1.png","width":640,"height":377,"caption":"Blissful-Colours"},"image":{"@id":"https:\/\/blissfulcolours.de\/willkommen\/#\/schema\/logo\/image\/"}}]}},"_links":{"self":[{"href":"https:\/\/blissfulcolours.de\/willkommen\/wp-json\/wp\/v2\/pages\/46","targetHints":{"allow":["GET"]}}],"collection":[{"href":"https:\/\/blissfulcolours.de\/willkommen\/wp-json\/wp\/v2\/pages"}],"about":[{"href":"https:\/\/blissfulcolours.de\/willkommen\/wp-json\/wp\/v2\/types\/page"}],"author":[{"embeddable":true,"href":"https:\/\/blissfulcolours.de\/willkommen\/wp-json\/wp\/v2\/users\/1"}],"replies":[{"embeddable":true,"href":"https:\/\/blissfulcolours.de\/willkommen\/wp-json\/wp\/v2\/comments?post=46"}],"version-history":[{"count":2,"href":"https:\/\/blissfulcolours.de\/willkommen\/wp-json\/wp\/v2\/pages\/46\/revisions"}],"predecessor-version":[{"id":1441,"href":"https:\/\/blissfulcolours.de\/willkommen\/wp-json\/wp\/v2\/pages\/46\/revisions\/1441"}],"wp:attachment":[{"href":"https:\/\/blissfulcolours.de\/willkommen\/wp-json\/wp\/v2\/media?parent=46"}],"curies":[{"name":"wp","href":"https:\/\/api.w.org\/{rel}","templated":true}]}}