{"id":786,"date":"2020-10-06T18:20:22","date_gmt":"2020-10-06T18:20:22","guid":{"rendered":"http:\/\/localhost:10018\/?page_id=786"},"modified":"2026-03-05T13:41:31","modified_gmt":"2026-03-05T12:41:31","slug":"zubereitungs-workshops","status":"publish","type":"page","link":"https:\/\/blissfulcolours.de\/willkommen\/zubereitungs-workshops\/","title":{"rendered":"Zubereitungs-Workshops &amp; Ern\u00e4hrungskreise"},"content":{"rendered":"\n<p><\/p>\n\n\n\n<figure class=\"wp-block-gallery has-nested-images columns-default is-cropped animated zoomIn slower wp-block-gallery-1 is-layout-flex wp-block-gallery-is-layout-flex\">\n<figure class=\"wp-block-image size-large\"><img loading=\"lazy\" decoding=\"async\" width=\"1024\" height=\"737\" data-id=\"1280\" src=\"https:\/\/blissfulcolours.de\/wp-content\/uploads\/2020\/12\/healthy-food-table-1024x737.jpg\" alt=\"healthy-food-table\" class=\"wp-image-1280\" srcset=\"https:\/\/blissfulcolours.de\/wp-content\/uploads\/2020\/12\/healthy-food-table-1024x737.jpg 1024w, https:\/\/blissfulcolours.de\/wp-content\/uploads\/2020\/12\/healthy-food-table-300x216.jpg 300w, https:\/\/blissfulcolours.de\/wp-content\/uploads\/2020\/12\/healthy-food-table-768x553.jpg 768w, https:\/\/blissfulcolours.de\/wp-content\/uploads\/2020\/12\/healthy-food-table-1536x1105.jpg 1536w, https:\/\/blissfulcolours.de\/wp-content\/uploads\/2020\/12\/healthy-food-table-2048x1474.jpg 2048w\" sizes=\"auto, (max-width: 1024px) 100vw, 1024px\" \/><\/figure>\n\n\n\n<figure class=\"wp-block-image size-large\"><img loading=\"lazy\" decoding=\"async\" width=\"1024\" height=\"768\" data-id=\"1244\" src=\"https:\/\/blissfulcolours.de\/wp-content\/uploads\/2020\/12\/Kopie-von-Ohne-Titel-1024x768.png\" alt=\"Zubereitungs-Workshops\" class=\"wp-image-1244\" srcset=\"https:\/\/blissfulcolours.de\/wp-content\/uploads\/2020\/12\/Kopie-von-Ohne-Titel-1024x768.png 1024w, https:\/\/blissfulcolours.de\/wp-content\/uploads\/2020\/12\/Kopie-von-Ohne-Titel-300x225.png 300w, https:\/\/blissfulcolours.de\/wp-content\/uploads\/2020\/12\/Kopie-von-Ohne-Titel-768x576.png 768w, https:\/\/blissfulcolours.de\/wp-content\/uploads\/2020\/12\/Kopie-von-Ohne-Titel-1536x1152.png 1536w, https:\/\/blissfulcolours.de\/wp-content\/uploads\/2020\/12\/Kopie-von-Ohne-Titel-2048x1536.png 2048w\" sizes=\"auto, (max-width: 1024px) 100vw, 1024px\" \/><\/figure>\n\n\n\n<figure class=\"wp-block-image size-large\"><img loading=\"lazy\" decoding=\"async\" width=\"1024\" height=\"768\" data-id=\"1242\" src=\"https:\/\/blissfulcolours.de\/wp-content\/uploads\/2020\/12\/Kopie-von-Ohne-Titel-1-1024x768.png\" alt=\"\" class=\"wp-image-1242\" srcset=\"https:\/\/blissfulcolours.de\/wp-content\/uploads\/2020\/12\/Kopie-von-Ohne-Titel-1-1024x768.png 1024w, https:\/\/blissfulcolours.de\/wp-content\/uploads\/2020\/12\/Kopie-von-Ohne-Titel-1-300x225.png 300w, https:\/\/blissfulcolours.de\/wp-content\/uploads\/2020\/12\/Kopie-von-Ohne-Titel-1-768x576.png 768w, https:\/\/blissfulcolours.de\/wp-content\/uploads\/2020\/12\/Kopie-von-Ohne-Titel-1-1536x1152.png 1536w, https:\/\/blissfulcolours.de\/wp-content\/uploads\/2020\/12\/Kopie-von-Ohne-Titel-1-2048x1536.png 2048w\" sizes=\"auto, (max-width: 1024px) 100vw, 1024px\" \/><\/figure>\n<\/figure>\n\n\n\n<p>  <\/p>\n\n\n\n<h2 id=\"wp-block-themeisle-blocks-advanced-heading-91309e07\" class=\"wp-block-themeisle-blocks-advanced-heading wp-block-themeisle-blocks-advanced-heading-91309e07\">Du wolltest schon immer einmal einen Zubereitungs-Workshop mitmachen? <br>Dich \u00fcber das Thema Ern\u00e4hrung in gem\u00fctlicher Runde austauschen? <br>Ein Detox Programm mitmachen in gehaltener Gruppe?<br>Here you are!<\/h2>\n\n\n\n<p>Sei gespannt &#8211; ein ganz neues Workshop Format kommt ganz bald an den Start! <br>SOULFOOD Circle\u30fbIn diesen feinsten <strong><mark style=\"background-color:rgba(0, 0, 0, 0)\" class=\"has-inline-color has-nv-light-bg-color\">Ern\u00e4hrungskreisen<\/mark><\/strong> finden wir Zeit f\u00fcr Austausch, Reflexion, K\u00f6rpergef\u00fchl und Genuss. Es dreht sich alles rund um das Thema Ern\u00e4hrung und dein ganz pers\u00f6nliches Erlebnis damit, schlie\u00dflich essen wir jeden Tag! Frei, ehrlich, mitf\u00fchlend und herzoffen kannst du dort mitnehmen und auch achtsam teilen, was Dich wirklich bewegt und in verschiedenen \u00dcbungen (z.B. gezielten Meditationen, offenen Sharings) K\u00f6rpergef\u00fchl und Mitgef\u00fchl f\u00fcr dich selbst entwickeln.<\/p>\n\n\n\n<p>Auch <mark style=\"background-color:rgba(0, 0, 0, 0)\" class=\"has-inline-color has-nv-light-bg-color\"><strong>Zubereitungen<\/strong><\/mark> k\u00f6nnen ein Teil des Formates sein: Wir bereiten gemeinsam feinste Gerichte aus der Vitalkostk\u00fcche zu, die im Alltag super integriert werden k\u00f6nnen (Voraussetzung ist ein Mixer). Meist ist es ein Mix aus warmer K\u00fcche &amp; einem hohen Rohkostanteil, f\u00fcr den Vitalit\u00e4ts- und Frischekick (viele Kr\u00e4uter, Sprossen, frisches Obst &amp; Gem\u00fcse, K\u00f6rner &amp; Saaten, Gew\u00fcrze) oder leckerem gesundem S\u00fcssen. F\u00fcr den extra Boot an N\u00e4hrstoffen &amp; optimaler Versorgung k\u00f6nnen die Zubereitungen verschiedene sehr hochwertige Vitalstofferg\u00e4nzungen enthalten. So bekommst du &#8211; sehr lecker verpackt &#8211; viele notwendige Vitalstoffe, die dich fit halten und die unser K\u00f6rper f\u00fcr eine gute Gesundheit einfach braucht.\u00a0<\/p>\n\n\n\n<p><strong><mark style=\"background-color:rgba(0, 0, 0, 0)\" class=\"has-inline-color has-nv-light-bg-color\">Leberreinigung Spezial nach Anthony William im APRIL 26 <\/mark><\/strong><br>Alle Detox Fans aufgepasst &#8211; dieses Fr\u00fchjahr gibt es wieder eine wundervolle Runde der Leberreinigung nach Anthony William. Freue dich auf 9 Tage Reinigung, Loslassen, Entschlacken und das alles in gesch\u00fctzter und gehaltener Gruppe &#8211; f\u00fcr deine extra Motivation! <\/p>\n\n\n\n<p><mark style=\"background-color:rgba(0, 0, 0, 0)\" class=\"has-inline-color has-nv-light-bg-color\">WANN:<\/mark> Vom 17. bis 25. April 2026 &#8211; 9 Tage Dauer der Reinigung  <br><mark style=\"background-color:rgba(0, 0, 0, 0)\" class=\"has-inline-color has-nv-light-bg-color\">ONLINE BEGLEITUNG:<\/mark> 21 Tage Begleitung von mir und der allerliebsten Tina von <a href=\"https:\/\/omjoyful.de\">OM Joyful Art<\/a> in einer gehaltenen Telegramm Gruppe (10.4.-1.5.)<br><mark style=\"background-color:rgba(0, 0, 0, 0)\" class=\"has-inline-color has-nv-light-bg-color\">DEINE EXTRAS:<\/mark> Neben der Online Gruppe erh\u00e4ltst du <br>&#8211; 1 Live Zoom Session zur Vorbereitung inkl. Aufzeichnung <br>&#8211; 1 Live Zoom Session Detox Yoga inkl. Aufzeichnung <br>&#8211; umfassende Infos &amp; wertvolle Praxistipps von 2 erfahrenden Detox-Frauen sowie der Schwarmintelligenz der Gruppe <br>&#8211; wichtige Material(Empfehlungen) f\u00fcr diese spezielle Reinigung <br><br><mark style=\"background-color:rgba(0, 0, 0, 0)\" class=\"has-inline-color has-nv-light-bg-color\">PREIS: <\/mark>Dein <mark style=\"background-color:rgba(0, 0, 0, 0)\" class=\"has-inline-color has-nv-light-bg-color\">Detox-Preis<\/mark> f\u00fcr deine Selbstliebe-Investition: unschlagbare 69 EUR! <br><mark style=\"background-color:rgba(0, 0, 0, 0)\" class=\"has-inline-color has-nv-light-bg-color\">ANMELDUNG: <\/mark>Melde dich <strong><a href=\"https:\/\/blissfulcolours.de\/willkommen\/kontakt\/\">HIER<\/a><\/strong> an mit deiner E-Mail f\u00fcr die Warteliste. Wir freuen uns UNENDLICH auf DICH und dein HERZ!<\/p>\n\n\n\n<p>Weitere Informationen  zu Anthony William Medical Medium und all seine wertvollen B\u00fccher findest du <a href=\"https:\/\/www.medicalmedium.com\">HIER<\/a>. Insbesondere das Buch: Heile deine Leber und \/ oder Heile dich Selbst sind die Empfehlungen f\u00fcr diese wunderbare Reinigung. <\/p>\n\n\n\n<h2 id=\"wp-block-themeisle-blocks-advanced-heading-1cf59ab3\" class=\"wp-block-themeisle-blocks-advanced-heading wp-block-themeisle-blocks-advanced-heading-1cf59ab3\">Was?<\/h2>\n\n\n\n<p>Hier eine Auswahl an m\u00f6glichen <strong><span class=\"highlight\"><mark style=\"background-color:rgba(0, 0, 0, 0)\" class=\"has-inline-color has-neve-link-hover-color-color\">SOULFOOD Circle Ern\u00e4hrungskreis<\/mark><mark style=\"background-color:rgba(0, 0, 0, 0)\" class=\"has-inline-color has-nv-light-bg-color\"> Themen<\/mark><\/span><\/strong>: <br>Was ist gesunde Ern\u00e4hrung &#8211; f\u00fcr mich?, Intuitives Essen, Vital-Kuren, Leberreinigung, Emotionales Essen &#8211; Mitgef\u00fchl f\u00fcr mich, usw.<\/p>\n\n\n\n<p>Hier eine Auswahl an m\u00f6glichen <span class=\"highlight\"><mark style=\"background-color:rgba(0, 0, 0, 0)\" class=\"has-inline-color has-nv-light-bg-color\"><strong>Zubereitungs-Workshop<\/strong><\/mark><\/span><strong><span class=\"highlight\"><mark style=\"background-color:rgba(0, 0, 0, 0)\" class=\"has-inline-color has-neve-link-hover-color-color\"> Themen:<\/mark><\/span><\/strong> <br>Fr\u00fchst\u00fccks-Bowls, rote-gelbe-gr\u00fcne Smoothies, s\u00fcsse &amp; salzige Aufstriche, Fruchtmus-Varianten (als gesunde Alternative zur klassischen Marmelade), Lunch&amp;Dinner Bowls, verschiedene Salate (als Hauptspeise und\/oder Beilagenvariante) &amp; passende So\u00dfen f\u00fcr die Salate und Bowls, Sweets wie Energy Bliss Balls, Kuchen oder Rohkosttorten und andere K\u00f6stlichkeiten.<br>Alle Zubereitungen sind vegan, weizenfrei und industriezuckerfrei.<br>F\u00fcr alle, die sich nach Anthony William ern\u00e4hren: Die Workshops sind mitunter AW-inspiriert und zu Teilen AW-konform (Infos gern auf <a href=\"http:\/\/localhost:10018\/kontakt\/\">Anfrage<\/a>).<\/p>\n\n\n\n<h2 id=\"wp-block-themeisle-blocks-advanced-heading-111708ee\" class=\"wp-block-themeisle-blocks-advanced-heading wp-block-themeisle-blocks-advanced-heading-111708ee\">Wo?<\/h2>\n\n\n\n<p>Die Workshops finden in <a href=\"https:\/\/blissfulcolours.de\/willkommen\/locations\/\">meinen R\u00e4umlichkeiten<\/a> oder an ausgew\u00e4hlten Orten bzw. Kochschulen statt. Auf <a href=\"https:\/\/blissfulcolours.de\/willkommen\/kontakt\/\" target=\"_blank\" rel=\"noreferrer noopener\">Anfrage<\/a> besteht auch die M\u00f6glichkeit direkt in dein Office zu kommen oder in deine Einrichtung (z.B. Kitas, Schulen, Praxen, Vereinen). Selbstverst\u00e4ndlich werden die feinen Gerichte im Anschluss der Zubereitung oder zwischendurch gen\u00fcsslich verspeist.&nbsp; <\/p>\n\n\n\n<h2 class=\"wp-block-heading\"><span class=\"has-inline-color has-neve-button-color-color\">Wieviel?<\/span><\/h2>\n\n\n\n<p>Die Preise variieren je nach Thema &amp; Workshopl\u00e4nge. Ich lasse dich wissen, welchen Energieausgleich du f\u00fcr den jeweiligen geplanten Kurs mitbringst! <\/p>\n\n\n\n<p class=\"has-text-align-center animated slideInLeft\"><strong><span style=\"color:#d8b555\" class=\"has-inline-color\">Lass dich verzaubern von bunter veganer Vitalkost \u2022 Es werden bunte Stunden voller Leben, Prana &amp; Genuss!<\/span><\/strong><\/p>\n\n\n\n<figure class=\"wp-block-image size-large\"><img loading=\"lazy\" decoding=\"async\" width=\"1024\" height=\"1024\" src=\"https:\/\/blissfulcolours.de\/wp-content\/uploads\/2025\/08\/1-3-1024x1024.png\" alt=\"\" class=\"wp-image-1929\" srcset=\"https:\/\/blissfulcolours.de\/wp-content\/uploads\/2025\/08\/1-3-1024x1024.png 1024w, https:\/\/blissfulcolours.de\/wp-content\/uploads\/2025\/08\/1-3-300x300.png 300w, https:\/\/blissfulcolours.de\/wp-content\/uploads\/2025\/08\/1-3-150x150.png 150w, https:\/\/blissfulcolours.de\/wp-content\/uploads\/2025\/08\/1-3-768x768.png 768w, https:\/\/blissfulcolours.de\/wp-content\/uploads\/2025\/08\/1-3.png 1080w\" sizes=\"auto, (max-width: 1024px) 100vw, 1024px\" \/><\/figure>\n\n\n\n<hr class=\"wp-block-separator has-css-opacity is-style-wide\"\/>\n\n\n<div class=\"wp-block-image is-resized\">\n<figure class=\"aligncenter size-large\"><img loading=\"lazy\" decoding=\"async\" width=\"1024\" height=\"682\" src=\"https:\/\/blissfulcolours.de\/wp-content\/uploads\/2020\/12\/WhatsApp-Image-2020-12-07-at-18.36.22-1024x682.jpeg\" alt=\"Blissfulcolours-Footer\" class=\"wp-image-1360\" srcset=\"https:\/\/blissfulcolours.de\/wp-content\/uploads\/2020\/12\/WhatsApp-Image-2020-12-07-at-18.36.22-1024x682.jpeg 1024w, https:\/\/blissfulcolours.de\/wp-content\/uploads\/2020\/12\/WhatsApp-Image-2020-12-07-at-18.36.22-300x200.jpeg 300w, https:\/\/blissfulcolours.de\/wp-content\/uploads\/2020\/12\/WhatsApp-Image-2020-12-07-at-18.36.22-768x512.jpeg 768w, https:\/\/blissfulcolours.de\/wp-content\/uploads\/2020\/12\/WhatsApp-Image-2020-12-07-at-18.36.22-1536x1023.jpeg 1536w, https:\/\/blissfulcolours.de\/wp-content\/uploads\/2020\/12\/WhatsApp-Image-2020-12-07-at-18.36.22-930x620.jpeg 930w, https:\/\/blissfulcolours.de\/wp-content\/uploads\/2020\/12\/WhatsApp-Image-2020-12-07-at-18.36.22.jpeg 1600w\" sizes=\"auto, (max-width: 1024px) 100vw, 1024px\" \/><\/figure>\n<\/div>\n\n\n<hr class=\"wp-block-separator has-css-opacity is-style-wide\"\/>\n\n\n\n<div class=\"wp-block-wpzoom-blocks-social-icons is-style-without-canvas\" style=\"--wpz-social-icons-block-item-font-size:20px;--wpz-social-icons-block-item-padding-horizontal:10px;--wpz-social-icons-block-item-padding-vertical:10px;--wpz-social-icons-block-item-margin-horizontal:5px;--wpz-social-icons-block-item-margin-vertical:5px;--wpz-social-icons-block-item-border-radius:50px;--wpz-social-icons-block-label-font-size:20px;--wpz-social-icons-block-label-color:#2e3131;--wpz-social-icons-block-label-color-hover:#2e3131;--wpz-social-icons-alignment:center\"><a href=\"https:\/\/www.instagram.com\/blissfulcolours_lightup\/\" class=\"social-icon-link\" target=\"_blank\" rel=\"noopener\" title=\"Instagram\" style=\"--wpz-social-icons-block-item-color:#d9b555;--wpz-social-icons-block-item-color-hover:#404040\"><span class=\"social-icon socicon socicon-instagram\"><\/span><\/a><a href=\"https:\/\/www.facebook.com\/blissfulcolours.lightup\" class=\"social-icon-link\" target=\"_blank\" rel=\"noopener\" title=\"Facebook\" style=\"--wpz-social-icons-block-item-color:#d9b555;--wpz-social-icons-block-item-color-hover:#404040\"><span class=\"social-icon socicon socicon-facebook\"><\/span><\/a><a href=\"https:\/\/wordpress.org\" class=\"social-icon-link\" target=\"_blank\" rel=\"noopener\" title=\"Youtube\" style=\"--wpz-social-icons-block-item-color:#d9b555;--wpz-social-icons-block-item-color-hover:#535353\"><span class=\"social-icon socicon socicon-youtube\"><\/span><\/a><\/div>\n","protected":false},"excerpt":{"rendered":"<p>Sei gespannt &#8211; ein ganz neues Workshop Format kommt ganz bald an den Start! SOULFOOD Circle\u30fbIn diesen feinsten Ern\u00e4hrungskreisen finden wir Zeit f\u00fcr Austausch, Reflexion, K\u00f6rpergef\u00fchl und Genuss. Es dreht sich alles rund um das Thema Ern\u00e4hrung und dein ganz pers\u00f6nliches Erlebnis damit, schlie\u00dflich essen wir jeden Tag! Frei, ehrlich, mitf\u00fchlend und herzoffen kannst du&hellip;&nbsp;<a href=\"https:\/\/blissfulcolours.de\/willkommen\/zubereitungs-workshops\/\" rel=\"bookmark\">Weiterlesen &raquo;<span class=\"screen-reader-text\">Zubereitungs-Workshops &amp; Ern\u00e4hrungskreise<\/span><\/a><\/p>\n","protected":false},"author":1,"featured_media":0,"parent":0,"menu_order":0,"comment_status":"closed","ping_status":"closed","template":"","meta":{"_monsterinsights_skip_tracking":false,"_monsterinsights_sitenote_active":false,"_monsterinsights_sitenote_note":"","_monsterinsights_sitenote_category":0,"neve_meta_sidebar":"full-width","neve_meta_container":"","neve_meta_enable_content_width":"on","neve_meta_content_width":78,"neve_meta_title_alignment":"center","neve_meta_author_avatar":"","neve_post_elements_order":"","neve_meta_disable_header":"","neve_meta_disable_footer":"","neve_meta_disable_title":"on","_themeisle_gutenberg_block_has_review":false,"footnotes":""},"class_list":["post-786","page","type-page","status-publish","hentry"],"yoast_head":"<!-- This site is optimized with the Yoast SEO plugin v27.5 - https:\/\/yoast.com\/product\/yoast-seo-wordpress\/ -->\n<title>Zubereitungs-Workshops &amp; Ern\u00e4hrungskreise - Blissful-Colours<\/title>\n<meta name=\"robots\" content=\"index, follow, max-snippet:-1, max-image-preview:large, max-video-preview:-1\" \/>\n<link rel=\"canonical\" href=\"https:\/\/blissfulcolours.de\/willkommen\/zubereitungs-workshops\/\" \/>\n<meta property=\"og:locale\" content=\"de_DE\" \/>\n<meta property=\"og:type\" content=\"article\" \/>\n<meta property=\"og:title\" content=\"Zubereitungs-Workshops &amp; Ern\u00e4hrungskreise - Blissful-Colours\" \/>\n<meta property=\"og:description\" content=\"Sei gespannt &#8211; ein ganz neues Workshop Format kommt ganz bald an den Start! SOULFOOD Circle\u30fbIn diesen feinsten Ern\u00e4hrungskreisen finden wir Zeit f\u00fcr Austausch, Reflexion, K\u00f6rpergef\u00fchl und Genuss. Es dreht sich alles rund um das Thema Ern\u00e4hrung und dein ganz pers\u00f6nliches Erlebnis damit, schlie\u00dflich essen wir jeden Tag! Frei, ehrlich, mitf\u00fchlend und herzoffen kannst du&hellip;&nbsp;Weiterlesen &raquo;Zubereitungs-Workshops &amp; Ern\u00e4hrungskreise\" \/>\n<meta property=\"og:url\" content=\"https:\/\/blissfulcolours.de\/willkommen\/zubereitungs-workshops\/\" \/>\n<meta property=\"og:site_name\" content=\"Blissful-Colours\" \/>\n<meta property=\"article:modified_time\" content=\"2026-03-05T12:41:31+00:00\" \/>\n<meta property=\"og:image\" content=\"https:\/\/blissfulcolours.de\/wp-content\/uploads\/2020\/12\/healthy-food-table-scaled.jpg\" \/>\n\t<meta property=\"og:image:width\" content=\"2560\" \/>\n\t<meta property=\"og:image:height\" content=\"1842\" \/>\n\t<meta property=\"og:image:type\" content=\"image\/jpeg\" \/>\n<meta name=\"twitter:card\" content=\"summary_large_image\" \/>\n<meta name=\"twitter:label1\" content=\"Gesch\u00e4tzte Lesezeit\" \/>\n\t<meta name=\"twitter:data1\" content=\"5\u00a0Minuten\" \/>\n<script type=\"application\/ld+json\" class=\"yoast-schema-graph\">{\"@context\":\"https:\\\/\\\/schema.org\",\"@graph\":[{\"@type\":\"WebPage\",\"@id\":\"https:\\\/\\\/blissfulcolours.de\\\/willkommen\\\/zubereitungs-workshops\\\/\",\"url\":\"https:\\\/\\\/blissfulcolours.de\\\/willkommen\\\/zubereitungs-workshops\\\/\",\"name\":\"Zubereitungs-Workshops &amp; Ern\u00e4hrungskreise - Blissful-Colours\",\"isPartOf\":{\"@id\":\"https:\\\/\\\/blissfulcolours.de\\\/willkommen\\\/#website\"},\"primaryImageOfPage\":{\"@id\":\"https:\\\/\\\/blissfulcolours.de\\\/willkommen\\\/zubereitungs-workshops\\\/#primaryimage\"},\"image\":{\"@id\":\"https:\\\/\\\/blissfulcolours.de\\\/willkommen\\\/zubereitungs-workshops\\\/#primaryimage\"},\"thumbnailUrl\":\"https:\\\/\\\/blissfulcolours.de\\\/wp-content\\\/uploads\\\/2020\\\/12\\\/healthy-food-table-1024x737.jpg\",\"datePublished\":\"2020-10-06T18:20:22+00:00\",\"dateModified\":\"2026-03-05T12:41:31+00:00\",\"breadcrumb\":{\"@id\":\"https:\\\/\\\/blissfulcolours.de\\\/willkommen\\\/zubereitungs-workshops\\\/#breadcrumb\"},\"inLanguage\":\"de\",\"potentialAction\":[{\"@type\":\"ReadAction\",\"target\":[\"https:\\\/\\\/blissfulcolours.de\\\/willkommen\\\/zubereitungs-workshops\\\/\"]}]},{\"@type\":\"ImageObject\",\"inLanguage\":\"de\",\"@id\":\"https:\\\/\\\/blissfulcolours.de\\\/willkommen\\\/zubereitungs-workshops\\\/#primaryimage\",\"url\":\"https:\\\/\\\/blissfulcolours.de\\\/wp-content\\\/uploads\\\/2020\\\/12\\\/healthy-food-table-1024x737.jpg\",\"contentUrl\":\"https:\\\/\\\/blissfulcolours.de\\\/wp-content\\\/uploads\\\/2020\\\/12\\\/healthy-food-table-1024x737.jpg\"},{\"@type\":\"BreadcrumbList\",\"@id\":\"https:\\\/\\\/blissfulcolours.de\\\/willkommen\\\/zubereitungs-workshops\\\/#breadcrumb\",\"itemListElement\":[{\"@type\":\"ListItem\",\"position\":1,\"name\":\"Home\",\"item\":\"https:\\\/\\\/blissfulcolours.de\\\/willkommen\\\/\"},{\"@type\":\"ListItem\",\"position\":2,\"name\":\"Zubereitungs-Workshops &amp; Ern\u00e4hrungskreise\"}]},{\"@type\":\"WebSite\",\"@id\":\"https:\\\/\\\/blissfulcolours.de\\\/willkommen\\\/#website\",\"url\":\"https:\\\/\\\/blissfulcolours.de\\\/willkommen\\\/\",\"name\":\"Blissful-Colours\",\"description\":\"Vital Food Balance Yoga\",\"publisher\":{\"@id\":\"https:\\\/\\\/blissfulcolours.de\\\/willkommen\\\/#organization\"},\"potentialAction\":[{\"@type\":\"SearchAction\",\"target\":{\"@type\":\"EntryPoint\",\"urlTemplate\":\"https:\\\/\\\/blissfulcolours.de\\\/willkommen\\\/?s={search_term_string}\"},\"query-input\":{\"@type\":\"PropertyValueSpecification\",\"valueRequired\":true,\"valueName\":\"search_term_string\"}}],\"inLanguage\":\"de\"},{\"@type\":\"Organization\",\"@id\":\"https:\\\/\\\/blissfulcolours.de\\\/willkommen\\\/#organization\",\"name\":\"Blissful-Colours\",\"url\":\"https:\\\/\\\/blissfulcolours.de\\\/willkommen\\\/\",\"logo\":{\"@type\":\"ImageObject\",\"inLanguage\":\"de\",\"@id\":\"https:\\\/\\\/blissfulcolours.de\\\/willkommen\\\/#\\\/schema\\\/logo\\\/image\\\/\",\"url\":\"https:\\\/\\\/blissfulcolours.de\\\/wp-content\\\/uploads\\\/2020\\\/12\\\/cropped-Logos_Logo_Komplett_schwarz-1.png\",\"contentUrl\":\"https:\\\/\\\/blissfulcolours.de\\\/wp-content\\\/uploads\\\/2020\\\/12\\\/cropped-Logos_Logo_Komplett_schwarz-1.png\",\"width\":640,\"height\":377,\"caption\":\"Blissful-Colours\"},\"image\":{\"@id\":\"https:\\\/\\\/blissfulcolours.de\\\/willkommen\\\/#\\\/schema\\\/logo\\\/image\\\/\"}}]}<\/script>\n<!-- \/ Yoast SEO plugin. -->","yoast_head_json":{"title":"Zubereitungs-Workshops &amp; Ern\u00e4hrungskreise - Blissful-Colours","robots":{"index":"index","follow":"follow","max-snippet":"max-snippet:-1","max-image-preview":"max-image-preview:large","max-video-preview":"max-video-preview:-1"},"canonical":"https:\/\/blissfulcolours.de\/willkommen\/zubereitungs-workshops\/","og_locale":"de_DE","og_type":"article","og_title":"Zubereitungs-Workshops &amp; Ern\u00e4hrungskreise - Blissful-Colours","og_description":"Sei gespannt &#8211; ein ganz neues Workshop Format kommt ganz bald an den Start! SOULFOOD Circle\u30fbIn diesen feinsten Ern\u00e4hrungskreisen finden wir Zeit f\u00fcr Austausch, Reflexion, K\u00f6rpergef\u00fchl und Genuss. Es dreht sich alles rund um das Thema Ern\u00e4hrung und dein ganz pers\u00f6nliches Erlebnis damit, schlie\u00dflich essen wir jeden Tag! Frei, ehrlich, mitf\u00fchlend und herzoffen kannst du&hellip;&nbsp;Weiterlesen &raquo;Zubereitungs-Workshops &amp; Ern\u00e4hrungskreise","og_url":"https:\/\/blissfulcolours.de\/willkommen\/zubereitungs-workshops\/","og_site_name":"Blissful-Colours","article_modified_time":"2026-03-05T12:41:31+00:00","og_image":[{"width":2560,"height":1842,"url":"https:\/\/blissfulcolours.de\/wp-content\/uploads\/2020\/12\/healthy-food-table-scaled.jpg","type":"image\/jpeg"}],"twitter_card":"summary_large_image","twitter_misc":{"Gesch\u00e4tzte Lesezeit":"5\u00a0Minuten"},"schema":{"@context":"https:\/\/schema.org","@graph":[{"@type":"WebPage","@id":"https:\/\/blissfulcolours.de\/willkommen\/zubereitungs-workshops\/","url":"https:\/\/blissfulcolours.de\/willkommen\/zubereitungs-workshops\/","name":"Zubereitungs-Workshops &amp; Ern\u00e4hrungskreise - Blissful-Colours","isPartOf":{"@id":"https:\/\/blissfulcolours.de\/willkommen\/#website"},"primaryImageOfPage":{"@id":"https:\/\/blissfulcolours.de\/willkommen\/zubereitungs-workshops\/#primaryimage"},"image":{"@id":"https:\/\/blissfulcolours.de\/willkommen\/zubereitungs-workshops\/#primaryimage"},"thumbnailUrl":"https:\/\/blissfulcolours.de\/wp-content\/uploads\/2020\/12\/healthy-food-table-1024x737.jpg","datePublished":"2020-10-06T18:20:22+00:00","dateModified":"2026-03-05T12:41:31+00:00","breadcrumb":{"@id":"https:\/\/blissfulcolours.de\/willkommen\/zubereitungs-workshops\/#breadcrumb"},"inLanguage":"de","potentialAction":[{"@type":"ReadAction","target":["https:\/\/blissfulcolours.de\/willkommen\/zubereitungs-workshops\/"]}]},{"@type":"ImageObject","inLanguage":"de","@id":"https:\/\/blissfulcolours.de\/willkommen\/zubereitungs-workshops\/#primaryimage","url":"https:\/\/blissfulcolours.de\/wp-content\/uploads\/2020\/12\/healthy-food-table-1024x737.jpg","contentUrl":"https:\/\/blissfulcolours.de\/wp-content\/uploads\/2020\/12\/healthy-food-table-1024x737.jpg"},{"@type":"BreadcrumbList","@id":"https:\/\/blissfulcolours.de\/willkommen\/zubereitungs-workshops\/#breadcrumb","itemListElement":[{"@type":"ListItem","position":1,"name":"Home","item":"https:\/\/blissfulcolours.de\/willkommen\/"},{"@type":"ListItem","position":2,"name":"Zubereitungs-Workshops &amp; Ern\u00e4hrungskreise"}]},{"@type":"WebSite","@id":"https:\/\/blissfulcolours.de\/willkommen\/#website","url":"https:\/\/blissfulcolours.de\/willkommen\/","name":"Blissful-Colours","description":"Vital Food Balance Yoga","publisher":{"@id":"https:\/\/blissfulcolours.de\/willkommen\/#organization"},"potentialAction":[{"@type":"SearchAction","target":{"@type":"EntryPoint","urlTemplate":"https:\/\/blissfulcolours.de\/willkommen\/?s={search_term_string}"},"query-input":{"@type":"PropertyValueSpecification","valueRequired":true,"valueName":"search_term_string"}}],"inLanguage":"de"},{"@type":"Organization","@id":"https:\/\/blissfulcolours.de\/willkommen\/#organization","name":"Blissful-Colours","url":"https:\/\/blissfulcolours.de\/willkommen\/","logo":{"@type":"ImageObject","inLanguage":"de","@id":"https:\/\/blissfulcolours.de\/willkommen\/#\/schema\/logo\/image\/","url":"https:\/\/blissfulcolours.de\/wp-content\/uploads\/2020\/12\/cropped-Logos_Logo_Komplett_schwarz-1.png","contentUrl":"https:\/\/blissfulcolours.de\/wp-content\/uploads\/2020\/12\/cropped-Logos_Logo_Komplett_schwarz-1.png","width":640,"height":377,"caption":"Blissful-Colours"},"image":{"@id":"https:\/\/blissfulcolours.de\/willkommen\/#\/schema\/logo\/image\/"}}]}},"_links":{"self":[{"href":"https:\/\/blissfulcolours.de\/willkommen\/wp-json\/wp\/v2\/pages\/786","targetHints":{"allow":["GET"]}}],"collection":[{"href":"https:\/\/blissfulcolours.de\/willkommen\/wp-json\/wp\/v2\/pages"}],"about":[{"href":"https:\/\/blissfulcolours.de\/willkommen\/wp-json\/wp\/v2\/types\/page"}],"author":[{"embeddable":true,"href":"https:\/\/blissfulcolours.de\/willkommen\/wp-json\/wp\/v2\/users\/1"}],"replies":[{"embeddable":true,"href":"https:\/\/blissfulcolours.de\/willkommen\/wp-json\/wp\/v2\/comments?post=786"}],"version-history":[{"count":9,"href":"https:\/\/blissfulcolours.de\/willkommen\/wp-json\/wp\/v2\/pages\/786\/revisions"}],"predecessor-version":[{"id":2232,"href":"https:\/\/blissfulcolours.de\/willkommen\/wp-json\/wp\/v2\/pages\/786\/revisions\/2232"}],"wp:attachment":[{"href":"https:\/\/blissfulcolours.de\/willkommen\/wp-json\/wp\/v2\/media?parent=786"}],"curies":[{"name":"wp","href":"https:\/\/api.w.org\/{rel}","templated":true}]}}