{"id":807,"date":"2020-10-06T18:36:29","date_gmt":"2020-10-06T18:36:29","guid":{"rendered":"http:\/\/localhost:10018\/?page_id=807"},"modified":"2020-12-09T12:47:54","modified_gmt":"2020-12-09T12:47:54","slug":"aroma-touch-anwendung-ole","status":"publish","type":"page","link":"https:\/\/blissfulcolours.de\/willkommen\/aroma-touch-anwendung-ole\/","title":{"rendered":"Aroma Touch\u00ae Anwendung &#038; \u00d6le"},"content":{"rendered":"\n<div class=\"wp-block-themeisle-blocks-advanced-columns has-1-columns has-desktop-equal-layout has-tablet-equal-layout has-mobile-equal-layout has-default-gap has-vertical-unset\" id=\"wp-block-themeisle-blocks-advanced-columns-a16174ab\"><div class=\"wp-block-themeisle-blocks-advanced-columns-overlay\"><\/div><div class=\"innerblocks-wrap\">\n<div class=\"wp-block-themeisle-blocks-advanced-column\" id=\"wp-block-themeisle-blocks-advanced-column-ec03ba17\">\n<h2 class=\"has-neve-button-color-color has-text-color wp-block-heading\">Aroma Touch\u00ae Anwendung &amp; \u00d6le<\/h2>\n<\/div>\n<\/div><\/div>\n\n\n\n<div class=\"wp-block-media-text alignfull is-stacked-on-mobile is-image-fill\"><figure class=\"wp-block-media-text__media\" style=\"background-image:url(https:\/\/blissfulcolours.de\/wp-content\/uploads\/2020\/12\/Kopie-von-Ohne-Titel-2-1024x768.png);background-position:50% 50%\"><img loading=\"lazy\" decoding=\"async\" width=\"1024\" height=\"768\" src=\"https:\/\/blissfulcolours.de\/wp-content\/uploads\/2020\/12\/Kopie-von-Ohne-Titel-2-1024x768.png\" alt=\"YogAromaBliss\u00ae Anwendungen &amp; \u00d6le\" class=\"wp-image-1243\" srcset=\"https:\/\/blissfulcolours.de\/wp-content\/uploads\/2020\/12\/Kopie-von-Ohne-Titel-2-1024x768.png 1024w, https:\/\/blissfulcolours.de\/wp-content\/uploads\/2020\/12\/Kopie-von-Ohne-Titel-2-300x225.png 300w, https:\/\/blissfulcolours.de\/wp-content\/uploads\/2020\/12\/Kopie-von-Ohne-Titel-2-768x576.png 768w, https:\/\/blissfulcolours.de\/wp-content\/uploads\/2020\/12\/Kopie-von-Ohne-Titel-2-1536x1152.png 1536w, https:\/\/blissfulcolours.de\/wp-content\/uploads\/2020\/12\/Kopie-von-Ohne-Titel-2-2048x1536.png 2048w\" sizes=\"auto, (max-width: 1024px) 100vw, 1024px\" \/><\/figure><div class=\"wp-block-media-text__content\">\n<p>Die <span style=\"color:#d8b555\" class=\"has-inline-color\">AromaTouch\u00ae-Methode<\/span> wurde von Dr. David K. Hill, D.C., entwickelt, um Menschen jeden Alters eine angenehme Erfahrung mit \u00e4therischen \u00d6len zu bieten die entspannt, verbindet und die Sinne sanft anspricht. Reine und hochwertige \u00e4therische \u00d6le werden schonend auf den K\u00f6rper aufgetragen, mit Fokus auf R\u00fccken und F\u00fc\u00dfen.<br><br>Im Rahmen einer Handauflegetechnik, in der durch sanfte Ber\u00fchrung eine Verbindung geschaffen wird, zum Gegen\u00fcber und zum eigenen K\u00f6rper, soll das Selbst- und Ur-Vertrauen gest\u00e4rkt und in eine tiefe Entspannung gef\u00fchrt werden. Die Anwendung wirkt stressreduzierend und gleichzeitig wird die K\u00f6rper-Entgiftung angeregt, durch die heilunterst\u00fctzenden Kr\u00e4fte der Natur- und Pflanzenextrakte. Neuste Untersuchungen und Studien (hier Verlinkung beim Wort Studie) haben zudem eine Verbesserung der Herzfrequenz, des Blutdrucks sowie der Stresswerte nachweisen k\u00f6nnen.<\/p>\n<\/div><\/div>\n\n\n\n<hr class=\"wp-block-separator is-style-wide\"\/>\n\n\n\n<h2 id=\"wp-block-themeisle-blocks-advanced-heading-9e3ec005\" class=\"wp-block-themeisle-blocks-advanced-heading wp-block-themeisle-blocks-advanced-heading-9e3ec005\">Anwendung der \u00e4therischen \u00d6le<\/h2>\n\n\n\n<p>Die <span style=\"color:#d8b555\" class=\"has-inline-color\">AromaTouch\u00ae-Methode<\/span> verwendet spezifische Richtlinien und Anweisungen sowohl f\u00fcr die Dosierung als auch f\u00fcr die Anwendung, die es zu einem sicheren und effektiven Weg machen, die Vorteile \u00e4therischer \u00d6le zu erhalten. Die Anwendung ist schonend und kann an junge oder empfindliche Haut angepasst werden, so dass jeder davon profitieren kann, ohne den K\u00f6rper zu \u00fcberfordern.<\/p>\n\n\n\n<p>Im Rahmen der Anwendung werden 8 \u00e4therische \u00d6le von doTERR\u0100 verwendet, die alle harmonisch aufeinander abgestimmt sind und aufgrund ihrer individuellen aromatischen Eigenschaften ausgew\u00e4hlt wurden, die in Kombination wirken. Sie wirken reinigend, entgiftend, verbindend &amp; entspannend. <br><br>Verwendet werden:<\/p>\n\n\n\n<p class=\"has-text-align-center animated slideInLeft\"><strong><span style=\"color:#d8b555\" class=\"has-inline-color\">Balance \u2022 On Guard \u2022 AromaTouch \u2022 Deep Blue \u2022 Lavendel \u2022 Teebaum (Melaleuca) \u2022 Pfefferminz \u2022 Wilde Orange<\/span><\/strong><\/p>\n\n\n\n<p><a rel=\"noreferrer noopener sponsored nofollow\" href=\"https:\/\/www.aromatouch.com\/docs\/AromaTouch_Technique_Oils.pdf\" target=\"_blank\">Hier<\/a> findest du mehr Informationen \u00fcber die verwendeten \u00d6le.<br> <\/p>\n\n\n\n<h2 id=\"wp-block-themeisle-blocks-advanced-heading-011a4773\" class=\"wp-block-themeisle-blocks-advanced-heading wp-block-themeisle-blocks-advanced-heading-011a4773\">Preis bzw. Energieausgleich<\/h2>\n\n\n\n<p>Der Energieausgleich f\u00fcr eine Anwendung betr\u00e4gt<br>f\u00fcr 55 Minuten \u30fb55 EUR<\/p>\n\n\n\n<p>Enthalten sind ein kurzes Vor- und Nachgespr\u00e4ch, insbesondere bei der ersten Behandlung und etwas Zeit im Anschluss an die Behandlung, um wieder bei sich anzukommen. Die reine Behandlungszeit betr\u00e4gt 50 Minuten. <\/p>\n\n\n\n<p style=\"font-size:11px\">*Rechtlicher Hinweis: Werbung und Eigenwerbung. Ich handle als selbst\u00e4ndiger bzw. unabh\u00e4ngiger doTERR\u0100-Produktberater.&nbsp;<\/p>\n\n\n\n<hr class=\"wp-block-separator is-style-wide\"\/>\n\n\n\n<figure class=\"wp-block-image size-large\"><img loading=\"lazy\" decoding=\"async\" width=\"1024\" height=\"682\" src=\"https:\/\/blissfulcolours.de\/wp-content\/uploads\/2020\/12\/WhatsApp-Image-2020-12-07-at-18.36.22-1024x682.jpeg\" alt=\"Blissfulcolours-Footer\" class=\"wp-image-1360\" srcset=\"https:\/\/blissfulcolours.de\/wp-content\/uploads\/2020\/12\/WhatsApp-Image-2020-12-07-at-18.36.22-1024x682.jpeg 1024w, https:\/\/blissfulcolours.de\/wp-content\/uploads\/2020\/12\/WhatsApp-Image-2020-12-07-at-18.36.22-300x200.jpeg 300w, https:\/\/blissfulcolours.de\/wp-content\/uploads\/2020\/12\/WhatsApp-Image-2020-12-07-at-18.36.22-768x512.jpeg 768w, https:\/\/blissfulcolours.de\/wp-content\/uploads\/2020\/12\/WhatsApp-Image-2020-12-07-at-18.36.22-1536x1023.jpeg 1536w, https:\/\/blissfulcolours.de\/wp-content\/uploads\/2020\/12\/WhatsApp-Image-2020-12-07-at-18.36.22-930x620.jpeg 930w, https:\/\/blissfulcolours.de\/wp-content\/uploads\/2020\/12\/WhatsApp-Image-2020-12-07-at-18.36.22.jpeg 1600w\" sizes=\"auto, (max-width: 1024px) 100vw, 1024px\" \/><\/figure>\n\n\n\n<hr class=\"wp-block-separator is-style-wide\"\/>\n\n\n\n<div class=\"wp-block-wpzoom-blocks-social-icons is-style-without-canvas\" style=\"--wpz-social-icons-block-item-font-size:20px;--wpz-social-icons-block-item-padding-horizontal:10px;--wpz-social-icons-block-item-padding-vertical:10px;--wpz-social-icons-block-item-margin-horizontal:5px;--wpz-social-icons-block-item-margin-vertical:5px;--wpz-social-icons-block-item-border-radius:50px;--wpz-social-icons-block-label-font-size:20px;--wpz-social-icons-block-label-color:#2e3131;--wpz-social-icons-block-label-color-hover:#2e3131;--wpz-social-icons-alignment:center\"><a href=\"https:\/\/www.instagram.com\/blissfulcolours_lightup\/\" class=\"social-icon-link\" target=\"_blank\" rel=\"noopener noreferrer\" style=\"--wpz-social-icons-block-item-color:#d9b555;--wpz-social-icons-block-item-color-hover:#404040\"><span class=\"social-icon socicon socicon-instagram\"><\/span><\/a><a href=\"https:\/\/www.facebook.com\/blissfulcolours.lightup\" class=\"social-icon-link\" target=\"_blank\" rel=\"noopener noreferrer\" style=\"--wpz-social-icons-block-item-color:#d9b555;--wpz-social-icons-block-item-color-hover:#404040\"><span class=\"social-icon socicon socicon-facebook\"><\/span><\/a><a href=\"https:\/\/wordpress.org\" class=\"social-icon-link\" target=\"_blank\" rel=\"noopener noreferrer\" style=\"--wpz-social-icons-block-item-color:#d9b555;--wpz-social-icons-block-item-color-hover:#535353\"><span class=\"social-icon socicon socicon-youtube\"><\/span><\/a><\/div>\n","protected":false},"excerpt":{"rendered":"<p>Die AromaTouch\u00ae-Methode wurde von Dr. David K. Hill, D.C., entwickelt, um Menschen jeden Alters eine angenehme Erfahrung mit \u00e4therischen \u00d6len zu bieten die entspannt, verbindet und die Sinne sanft anspricht. Reine und hochwertige \u00e4therische \u00d6le werden schonend auf den K\u00f6rper aufgetragen, mit Fokus auf R\u00fccken und F\u00fc\u00dfen. Im Rahmen einer Handauflegetechnik, in der durch sanfte&hellip;&nbsp;<a href=\"https:\/\/blissfulcolours.de\/willkommen\/aroma-touch-anwendung-ole\/\" rel=\"bookmark\">Weiterlesen &raquo;<span class=\"screen-reader-text\">Aroma Touch\u00ae Anwendung &#038; \u00d6le<\/span><\/a><\/p>\n","protected":false},"author":1,"featured_media":0,"parent":0,"menu_order":0,"comment_status":"closed","ping_status":"closed","template":"","meta":{"_monsterinsights_skip_tracking":false,"_monsterinsights_sitenote_active":false,"_monsterinsights_sitenote_note":"","_monsterinsights_sitenote_category":0,"neve_meta_sidebar":"full-width","neve_meta_container":"","neve_meta_enable_content_width":"on","neve_meta_content_width":43,"neve_meta_title_alignment":"center","neve_meta_author_avatar":"","neve_post_elements_order":"","neve_meta_disable_header":"","neve_meta_disable_footer":"","neve_meta_disable_title":"on","_themeisle_gutenberg_block_has_review":false,"footnotes":""},"class_list":["post-807","page","type-page","status-publish","hentry"],"yoast_head":"<!-- This site is optimized with the Yoast SEO plugin v27.5 - https:\/\/yoast.com\/product\/yoast-seo-wordpress\/ -->\n<title>Aroma Touch\u00ae Anwendung &amp; \u00d6le - Blissful-Colours<\/title>\n<meta name=\"robots\" content=\"index, follow, max-snippet:-1, max-image-preview:large, max-video-preview:-1\" \/>\n<link rel=\"canonical\" href=\"https:\/\/blissfulcolours.de\/willkommen\/aroma-touch-anwendung-ole\/\" \/>\n<meta property=\"og:locale\" content=\"de_DE\" \/>\n<meta property=\"og:type\" content=\"article\" \/>\n<meta property=\"og:title\" content=\"Aroma Touch\u00ae Anwendung &amp; \u00d6le - Blissful-Colours\" \/>\n<meta property=\"og:description\" content=\"Die AromaTouch\u00ae-Methode wurde von Dr. David K. Hill, D.C., entwickelt, um Menschen jeden Alters eine angenehme Erfahrung mit \u00e4therischen \u00d6len zu bieten die entspannt, verbindet und die Sinne sanft anspricht. Reine und hochwertige \u00e4therische \u00d6le werden schonend auf den K\u00f6rper aufgetragen, mit Fokus auf R\u00fccken und F\u00fc\u00dfen. Im Rahmen einer Handauflegetechnik, in der durch sanfte&hellip;&nbsp;Weiterlesen &raquo;Aroma Touch\u00ae Anwendung &#038; \u00d6le\" \/>\n<meta property=\"og:url\" content=\"https:\/\/blissfulcolours.de\/willkommen\/aroma-touch-anwendung-ole\/\" \/>\n<meta property=\"og:site_name\" content=\"Blissful-Colours\" \/>\n<meta property=\"article:modified_time\" content=\"2020-12-09T12:47:54+00:00\" \/>\n<meta property=\"og:image\" content=\"https:\/\/blissfulcolours.de\/wp-content\/uploads\/2020\/12\/Kopie-von-Ohne-Titel-2-1024x768.png\" \/>\n<meta name=\"twitter:card\" content=\"summary_large_image\" \/>\n<meta name=\"twitter:label1\" content=\"Gesch\u00e4tzte Lesezeit\" \/>\n\t<meta name=\"twitter:data1\" content=\"2\u00a0Minuten\" \/>\n<script type=\"application\/ld+json\" class=\"yoast-schema-graph\">{\"@context\":\"https:\\\/\\\/schema.org\",\"@graph\":[{\"@type\":\"WebPage\",\"@id\":\"https:\\\/\\\/blissfulcolours.de\\\/willkommen\\\/aroma-touch-anwendung-ole\\\/\",\"url\":\"https:\\\/\\\/blissfulcolours.de\\\/willkommen\\\/aroma-touch-anwendung-ole\\\/\",\"name\":\"Aroma Touch\u00ae Anwendung & \u00d6le - Blissful-Colours\",\"isPartOf\":{\"@id\":\"https:\\\/\\\/blissfulcolours.de\\\/willkommen\\\/#website\"},\"primaryImageOfPage\":{\"@id\":\"https:\\\/\\\/blissfulcolours.de\\\/willkommen\\\/aroma-touch-anwendung-ole\\\/#primaryimage\"},\"image\":{\"@id\":\"https:\\\/\\\/blissfulcolours.de\\\/willkommen\\\/aroma-touch-anwendung-ole\\\/#primaryimage\"},\"thumbnailUrl\":\"https:\\\/\\\/blissfulcolours.de\\\/wp-content\\\/uploads\\\/2020\\\/12\\\/Kopie-von-Ohne-Titel-2-1024x768.png\",\"datePublished\":\"2020-10-06T18:36:29+00:00\",\"dateModified\":\"2020-12-09T12:47:54+00:00\",\"breadcrumb\":{\"@id\":\"https:\\\/\\\/blissfulcolours.de\\\/willkommen\\\/aroma-touch-anwendung-ole\\\/#breadcrumb\"},\"inLanguage\":\"de\",\"potentialAction\":[{\"@type\":\"ReadAction\",\"target\":[\"https:\\\/\\\/blissfulcolours.de\\\/willkommen\\\/aroma-touch-anwendung-ole\\\/\"]}]},{\"@type\":\"ImageObject\",\"inLanguage\":\"de\",\"@id\":\"https:\\\/\\\/blissfulcolours.de\\\/willkommen\\\/aroma-touch-anwendung-ole\\\/#primaryimage\",\"url\":\"https:\\\/\\\/blissfulcolours.de\\\/wp-content\\\/uploads\\\/2020\\\/12\\\/Kopie-von-Ohne-Titel-2-1024x768.png\",\"contentUrl\":\"https:\\\/\\\/blissfulcolours.de\\\/wp-content\\\/uploads\\\/2020\\\/12\\\/Kopie-von-Ohne-Titel-2-1024x768.png\"},{\"@type\":\"BreadcrumbList\",\"@id\":\"https:\\\/\\\/blissfulcolours.de\\\/willkommen\\\/aroma-touch-anwendung-ole\\\/#breadcrumb\",\"itemListElement\":[{\"@type\":\"ListItem\",\"position\":1,\"name\":\"Home\",\"item\":\"https:\\\/\\\/blissfulcolours.de\\\/willkommen\\\/\"},{\"@type\":\"ListItem\",\"position\":2,\"name\":\"Aroma Touch\u00ae Anwendung &#038; \u00d6le\"}]},{\"@type\":\"WebSite\",\"@id\":\"https:\\\/\\\/blissfulcolours.de\\\/willkommen\\\/#website\",\"url\":\"https:\\\/\\\/blissfulcolours.de\\\/willkommen\\\/\",\"name\":\"Blissful-Colours\",\"description\":\"Vital Food Balance Yoga\",\"publisher\":{\"@id\":\"https:\\\/\\\/blissfulcolours.de\\\/willkommen\\\/#organization\"},\"potentialAction\":[{\"@type\":\"SearchAction\",\"target\":{\"@type\":\"EntryPoint\",\"urlTemplate\":\"https:\\\/\\\/blissfulcolours.de\\\/willkommen\\\/?s={search_term_string}\"},\"query-input\":{\"@type\":\"PropertyValueSpecification\",\"valueRequired\":true,\"valueName\":\"search_term_string\"}}],\"inLanguage\":\"de\"},{\"@type\":\"Organization\",\"@id\":\"https:\\\/\\\/blissfulcolours.de\\\/willkommen\\\/#organization\",\"name\":\"Blissful-Colours\",\"url\":\"https:\\\/\\\/blissfulcolours.de\\\/willkommen\\\/\",\"logo\":{\"@type\":\"ImageObject\",\"inLanguage\":\"de\",\"@id\":\"https:\\\/\\\/blissfulcolours.de\\\/willkommen\\\/#\\\/schema\\\/logo\\\/image\\\/\",\"url\":\"https:\\\/\\\/blissfulcolours.de\\\/wp-content\\\/uploads\\\/2020\\\/12\\\/cropped-Logos_Logo_Komplett_schwarz-1.png\",\"contentUrl\":\"https:\\\/\\\/blissfulcolours.de\\\/wp-content\\\/uploads\\\/2020\\\/12\\\/cropped-Logos_Logo_Komplett_schwarz-1.png\",\"width\":640,\"height\":377,\"caption\":\"Blissful-Colours\"},\"image\":{\"@id\":\"https:\\\/\\\/blissfulcolours.de\\\/willkommen\\\/#\\\/schema\\\/logo\\\/image\\\/\"}}]}<\/script>\n<!-- \/ Yoast SEO plugin. -->","yoast_head_json":{"title":"Aroma Touch\u00ae Anwendung & \u00d6le - Blissful-Colours","robots":{"index":"index","follow":"follow","max-snippet":"max-snippet:-1","max-image-preview":"max-image-preview:large","max-video-preview":"max-video-preview:-1"},"canonical":"https:\/\/blissfulcolours.de\/willkommen\/aroma-touch-anwendung-ole\/","og_locale":"de_DE","og_type":"article","og_title":"Aroma Touch\u00ae Anwendung & \u00d6le - Blissful-Colours","og_description":"Die AromaTouch\u00ae-Methode wurde von Dr. David K. Hill, D.C., entwickelt, um Menschen jeden Alters eine angenehme Erfahrung mit \u00e4therischen \u00d6len zu bieten die entspannt, verbindet und die Sinne sanft anspricht. Reine und hochwertige \u00e4therische \u00d6le werden schonend auf den K\u00f6rper aufgetragen, mit Fokus auf R\u00fccken und F\u00fc\u00dfen. Im Rahmen einer Handauflegetechnik, in der durch sanfte&hellip;&nbsp;Weiterlesen &raquo;Aroma Touch\u00ae Anwendung &#038; \u00d6le","og_url":"https:\/\/blissfulcolours.de\/willkommen\/aroma-touch-anwendung-ole\/","og_site_name":"Blissful-Colours","article_modified_time":"2020-12-09T12:47:54+00:00","og_image":[{"url":"https:\/\/blissfulcolours.de\/wp-content\/uploads\/2020\/12\/Kopie-von-Ohne-Titel-2-1024x768.png","type":"","width":"","height":""}],"twitter_card":"summary_large_image","twitter_misc":{"Gesch\u00e4tzte Lesezeit":"2\u00a0Minuten"},"schema":{"@context":"https:\/\/schema.org","@graph":[{"@type":"WebPage","@id":"https:\/\/blissfulcolours.de\/willkommen\/aroma-touch-anwendung-ole\/","url":"https:\/\/blissfulcolours.de\/willkommen\/aroma-touch-anwendung-ole\/","name":"Aroma Touch\u00ae Anwendung & \u00d6le - Blissful-Colours","isPartOf":{"@id":"https:\/\/blissfulcolours.de\/willkommen\/#website"},"primaryImageOfPage":{"@id":"https:\/\/blissfulcolours.de\/willkommen\/aroma-touch-anwendung-ole\/#primaryimage"},"image":{"@id":"https:\/\/blissfulcolours.de\/willkommen\/aroma-touch-anwendung-ole\/#primaryimage"},"thumbnailUrl":"https:\/\/blissfulcolours.de\/wp-content\/uploads\/2020\/12\/Kopie-von-Ohne-Titel-2-1024x768.png","datePublished":"2020-10-06T18:36:29+00:00","dateModified":"2020-12-09T12:47:54+00:00","breadcrumb":{"@id":"https:\/\/blissfulcolours.de\/willkommen\/aroma-touch-anwendung-ole\/#breadcrumb"},"inLanguage":"de","potentialAction":[{"@type":"ReadAction","target":["https:\/\/blissfulcolours.de\/willkommen\/aroma-touch-anwendung-ole\/"]}]},{"@type":"ImageObject","inLanguage":"de","@id":"https:\/\/blissfulcolours.de\/willkommen\/aroma-touch-anwendung-ole\/#primaryimage","url":"https:\/\/blissfulcolours.de\/wp-content\/uploads\/2020\/12\/Kopie-von-Ohne-Titel-2-1024x768.png","contentUrl":"https:\/\/blissfulcolours.de\/wp-content\/uploads\/2020\/12\/Kopie-von-Ohne-Titel-2-1024x768.png"},{"@type":"BreadcrumbList","@id":"https:\/\/blissfulcolours.de\/willkommen\/aroma-touch-anwendung-ole\/#breadcrumb","itemListElement":[{"@type":"ListItem","position":1,"name":"Home","item":"https:\/\/blissfulcolours.de\/willkommen\/"},{"@type":"ListItem","position":2,"name":"Aroma Touch\u00ae Anwendung &#038; \u00d6le"}]},{"@type":"WebSite","@id":"https:\/\/blissfulcolours.de\/willkommen\/#website","url":"https:\/\/blissfulcolours.de\/willkommen\/","name":"Blissful-Colours","description":"Vital Food Balance Yoga","publisher":{"@id":"https:\/\/blissfulcolours.de\/willkommen\/#organization"},"potentialAction":[{"@type":"SearchAction","target":{"@type":"EntryPoint","urlTemplate":"https:\/\/blissfulcolours.de\/willkommen\/?s={search_term_string}"},"query-input":{"@type":"PropertyValueSpecification","valueRequired":true,"valueName":"search_term_string"}}],"inLanguage":"de"},{"@type":"Organization","@id":"https:\/\/blissfulcolours.de\/willkommen\/#organization","name":"Blissful-Colours","url":"https:\/\/blissfulcolours.de\/willkommen\/","logo":{"@type":"ImageObject","inLanguage":"de","@id":"https:\/\/blissfulcolours.de\/willkommen\/#\/schema\/logo\/image\/","url":"https:\/\/blissfulcolours.de\/wp-content\/uploads\/2020\/12\/cropped-Logos_Logo_Komplett_schwarz-1.png","contentUrl":"https:\/\/blissfulcolours.de\/wp-content\/uploads\/2020\/12\/cropped-Logos_Logo_Komplett_schwarz-1.png","width":640,"height":377,"caption":"Blissful-Colours"},"image":{"@id":"https:\/\/blissfulcolours.de\/willkommen\/#\/schema\/logo\/image\/"}}]}},"_links":{"self":[{"href":"https:\/\/blissfulcolours.de\/willkommen\/wp-json\/wp\/v2\/pages\/807","targetHints":{"allow":["GET"]}}],"collection":[{"href":"https:\/\/blissfulcolours.de\/willkommen\/wp-json\/wp\/v2\/pages"}],"about":[{"href":"https:\/\/blissfulcolours.de\/willkommen\/wp-json\/wp\/v2\/types\/page"}],"author":[{"embeddable":true,"href":"https:\/\/blissfulcolours.de\/willkommen\/wp-json\/wp\/v2\/users\/1"}],"replies":[{"embeddable":true,"href":"https:\/\/blissfulcolours.de\/willkommen\/wp-json\/wp\/v2\/comments?post=807"}],"version-history":[{"count":4,"href":"https:\/\/blissfulcolours.de\/willkommen\/wp-json\/wp\/v2\/pages\/807\/revisions"}],"predecessor-version":[{"id":1410,"href":"https:\/\/blissfulcolours.de\/willkommen\/wp-json\/wp\/v2\/pages\/807\/revisions\/1410"}],"wp:attachment":[{"href":"https:\/\/blissfulcolours.de\/willkommen\/wp-json\/wp\/v2\/media?parent=807"}],"curies":[{"name":"wp","href":"https:\/\/api.w.org\/{rel}","templated":true}]}}